{"id":88638,"date":"2013-07-28T12:30:56","date_gmt":"2013-07-28T10:30:56","guid":{"rendered":"https:\/\/www.seaflowerstore.com\/nl\/cleaning-bristle-set\/"},"modified":"2024-03-20T16:16:30","modified_gmt":"2024-03-20T15:16:30","slug":"cleaning-bristle-set","status":"publish","type":"product","link":"https:\/\/www.seaflowerstore.com\/de\/cleaning-bristle-set\/","title":{"rendered":"Cleaning bristle Set"},"content":{"rendered":"<h2>Cleaning brush set with various brushes useful when cleaning the aquarium pumps<\/h2>\n<p>Dieses <strong>Reinigungsb\u00fcrstenset<\/strong> enth\u00e4lt eine Vielzahl von B\u00fcrsten, die perfekt dazu geeignet sind, Ihre Aquarienpumpen in Topform zu halten. Die L\u00e4nge der B\u00fcrsten betr\u00e4gt 37 cm, sodass sie leicht zu handhaben sind.<\/p>\n<p>Hier sind die Querschnitte der B\u00fcrsten:<\/p>\n<ul>\n<li>1,5 cm<\/li>\n<li>2,5 cm<\/li>\n<li>3,5 cm<\/li>\n<\/ul>\n<p>Diese B\u00fcrsten sind so konzipiert, dass Sie Ihr Aquarium m\u00fchelos pflegen k\u00f6nnen!<\/p>\n","protected":false},"excerpt":{"rendered":"<p>Cleaning brush set with various brushes useful when cleaning the aquarium pumps<\/p>\n","protected":false},"featured_media":77321,"template":"","meta":[],"pwb-brand":[2161],"product_cat":[1430],"product_tag":[],"class_list":{"0":"post-88638","1":"product","2":"type-product","3":"status-publish","4":"has-post-thumbnail","6":"pwb-brand-seaflower","7":"product_cat-reinigungsmittel","9":"first","10":"outofstock","11":"taxable","12":"shipping-taxable","13":"purchasable","14":"product-type-simple"},"acf":[],"brands":[{"id":2161,"name":"Seaflower","slug":"seaflower"}],"_links":{"self":[{"href":"https:\/\/www.seaflowerstore.com\/de\/wp-json\/wp\/v2\/product\/88638","targetHints":{"allow":["GET"]}}],"collection":[{"href":"https:\/\/www.seaflowerstore.com\/de\/wp-json\/wp\/v2\/product"}],"about":[{"href":"https:\/\/www.seaflowerstore.com\/de\/wp-json\/wp\/v2\/types\/product"}],"wp:featuredmedia":[{"embeddable":true,"href":"https:\/\/www.seaflowerstore.com\/de\/wp-json\/wp\/v2\/media\/77321"}],"wp:attachment":[{"href":"https:\/\/www.seaflowerstore.com\/de\/wp-json\/wp\/v2\/media?parent=88638"}],"wp:term":[{"taxonomy":"pwb-brand","embeddable":true,"href":"https:\/\/www.seaflowerstore.com\/de\/wp-json\/wp\/v2\/pwb-brand?post=88638"},{"taxonomy":"product_cat","embeddable":true,"href":"https:\/\/www.seaflowerstore.com\/de\/wp-json\/wp\/v2\/product_cat?post=88638"},{"taxonomy":"product_tag","embeddable":true,"href":"https:\/\/www.seaflowerstore.com\/de\/wp-json\/wp\/v2\/product_tag?post=88638"}],"curies":[{"name":"wp","href":"https:\/\/api.w.org\/{rel}","templated":true}]}}