{"id":88644,"date":"2013-07-27T11:05:24","date_gmt":"2013-07-27T09:05:24","guid":{"rendered":"https:\/\/www.seaflowerstore.com\/nl\/regeneren-10l-ionenwisselaar\/"},"modified":"2024-03-20T16:16:27","modified_gmt":"2024-03-20T15:16:27","slug":"regeneren-10l-ionenwisselaar","status":"publish","type":"product","link":"https:\/\/www.seaflowerstore.com\/de\/regeneren-10l-ionenwisselaar\/","title":{"rendered":"Regeneren 10L ionenwisselaar"},"content":{"rendered":"<h2>Regeneren 10L ionenwisselaar<\/h2>\n<p><strong>Die Regenerierung des 10-Liter-Beh\u00e4lters<\/strong> erfolgt \u00fcber ein System. Wir haben noch keinen Moment Zeit, um das Ger\u00e4t zu benutzen. Wenn Sie vor der Zahlung Mehrwertsteuer zahlen, m\u00fcssen Sie eine neue Mehrwertsteuer zahlen.<\/p>\n","protected":false},"excerpt":{"rendered":"<p>.<\/p>\n","protected":false},"featured_media":77310,"template":"","meta":[],"pwb-brand":[2251],"product_cat":[1754],"product_tag":[],"class_list":{"0":"post-88644","1":"product","2":"type-product","3":"status-publish","4":"has-post-thumbnail","6":"pwb-brand-lda","7":"product_cat-ionenaustauscher","9":"first","10":"outofstock","11":"taxable","12":"shipping-taxable","13":"purchasable","14":"product-type-simple"},"acf":[],"brands":[{"id":2251,"name":"LDA","slug":"lda"}],"_links":{"self":[{"href":"https:\/\/www.seaflowerstore.com\/de\/wp-json\/wp\/v2\/product\/88644","targetHints":{"allow":["GET"]}}],"collection":[{"href":"https:\/\/www.seaflowerstore.com\/de\/wp-json\/wp\/v2\/product"}],"about":[{"href":"https:\/\/www.seaflowerstore.com\/de\/wp-json\/wp\/v2\/types\/product"}],"wp:featuredmedia":[{"embeddable":true,"href":"https:\/\/www.seaflowerstore.com\/de\/wp-json\/wp\/v2\/media\/77310"}],"wp:attachment":[{"href":"https:\/\/www.seaflowerstore.com\/de\/wp-json\/wp\/v2\/media?parent=88644"}],"wp:term":[{"taxonomy":"pwb-brand","embeddable":true,"href":"https:\/\/www.seaflowerstore.com\/de\/wp-json\/wp\/v2\/pwb-brand?post=88644"},{"taxonomy":"product_cat","embeddable":true,"href":"https:\/\/www.seaflowerstore.com\/de\/wp-json\/wp\/v2\/product_cat?post=88644"},{"taxonomy":"product_tag","embeddable":true,"href":"https:\/\/www.seaflowerstore.com\/de\/wp-json\/wp\/v2\/product_tag?post=88644"}],"curies":[{"name":"wp","href":"https:\/\/api.w.org\/{rel}","templated":true}]}}