{"id":88655,"date":"2013-07-05T23:52:57","date_gmt":"2013-07-05T21:52:57","guid":{"rendered":"https:\/\/www.seaflowerstore.com\/nl\/tunze-3152-osmolator-for-nano-aquarium\/"},"modified":"2025-03-29T13:15:08","modified_gmt":"2025-03-29T12:15:08","slug":"tunze-3152-osmolator-for-nano-aquarium","status":"publish","type":"product","link":"https:\/\/www.seaflowerstore.com\/de\/tunze-3152-osmolator-for-nano-aquarium\/","title":{"rendered":"Tunze 3152 Osmolator for Nano aquarium"},"content":{"rendered":"<h2>Tunze 3152 Osmolator Nano is a replenishment system (water level controller) with a sensor for nano aquariums or small aquariums up to 200 liters<\/h2>\n<p>Der Tunze 3152 Osmolator Nano ist daf\u00fcr ausgelegt, die osmotische Stabilit\u00e4t in S\u00fc\u00df- und Salzwasseraquarien aufrechtzuerhalten, indem er verdunstetes Wasser pr\u00e4zise und regelm\u00e4\u00dfig kompensiert.<\/p>\n<p><strong>Spezifikationen:<\/strong><\/p>\n<ul>\n<li>Einbaufertig mit 11-V-Stromversorgung und Niederdruck-Dosierpumpe.<\/li>\n<li>Inklusive 3 m Schlauch.<\/li>\n<li>Verf\u00fcgt \u00fcber einen Magnetsensorhalter f\u00fcr Glasst\u00e4rken bis 10 mm sowie ein Schutzgeh\u00e4use f\u00fcr den Sensor.<\/li>\n<\/ul>\n<p>Der Tunze Osmolator Nano bietet zwei Einstellungen, mit denen Sie die maximale Betriebsdauer der Pumpe beim Nachf\u00fcllen \u00e4ndern k\u00f6nnen (1,8 Minuten und 3,0 Minuten). Er ist f\u00fcr Aquarien mit einem Fassungsverm\u00f6gen von bis zu 100 Litern oder 200 Litern einstellbar.<\/p>\n<p>Es ist wichtig zu beachten, dass alle Schwimmerschalter empfindlich auf Verschmutzung reagieren. Achten Sie deshalb darauf, den Sensor mindestens alle sechs Monate gr\u00fcndlich zu reinigen. Das Schutzgeh\u00e4use verhindert zudem, dass die Pumpe aufgrund kleiner Wellen st\u00e4ndig ein- und ausgeschaltet wird. Wird die maximale Dosierzeit \u00fcberschritten oder ist der Vorratsbeh\u00e4lter leer, gibt die Steuerung der Pumpe einen kurzen Impuls, um die Situation effektiv zu bew\u00e4ltigen.<\/p>\n","protected":false},"excerpt":{"rendered":"<p>Tunze 3152 Osmolator Nano is a replenishment system (water level controller) with a sensor for nano aquariums or small aquariums up to 200 liters<\/p>\n","protected":false},"featured_media":77293,"template":"","meta":[],"pwb-brand":[2123],"product_cat":[1433],"product_tag":[],"class_list":{"0":"post-88655","1":"product","2":"type-product","3":"status-publish","4":"has-post-thumbnail","6":"pwb-brand-tunze","7":"product_cat-nachfuellsysteme","9":"first","10":"outofstock","11":"taxable","12":"shipping-taxable","13":"purchasable","14":"product-type-simple"},"acf":[],"brands":[{"id":2123,"name":"Tunze","slug":"tunze"}],"_links":{"self":[{"href":"https:\/\/www.seaflowerstore.com\/de\/wp-json\/wp\/v2\/product\/88655","targetHints":{"allow":["GET"]}}],"collection":[{"href":"https:\/\/www.seaflowerstore.com\/de\/wp-json\/wp\/v2\/product"}],"about":[{"href":"https:\/\/www.seaflowerstore.com\/de\/wp-json\/wp\/v2\/types\/product"}],"wp:featuredmedia":[{"embeddable":true,"href":"https:\/\/www.seaflowerstore.com\/de\/wp-json\/wp\/v2\/media\/77293"}],"wp:attachment":[{"href":"https:\/\/www.seaflowerstore.com\/de\/wp-json\/wp\/v2\/media?parent=88655"}],"wp:term":[{"taxonomy":"pwb-brand","embeddable":true,"href":"https:\/\/www.seaflowerstore.com\/de\/wp-json\/wp\/v2\/pwb-brand?post=88655"},{"taxonomy":"product_cat","embeddable":true,"href":"https:\/\/www.seaflowerstore.com\/de\/wp-json\/wp\/v2\/product_cat?post=88655"},{"taxonomy":"product_tag","embeddable":true,"href":"https:\/\/www.seaflowerstore.com\/de\/wp-json\/wp\/v2\/product_tag?post=88655"}],"curies":[{"name":"wp","href":"https:\/\/api.w.org\/{rel}","templated":true}]}}