{"id":88657,"date":"2013-07-05T23:18:12","date_gmt":"2013-07-05T21:18:12","guid":{"rendered":"https:\/\/www.seaflowerstore.com\/nl\/d-d-fluidised-media-reactor\/"},"modified":"2024-03-20T16:16:18","modified_gmt":"2024-03-20T15:16:18","slug":"d-d-fluidised-media-reactor","status":"publish","type":"product","link":"https:\/\/www.seaflowerstore.com\/de\/d-d-fluidised-media-reactor\/","title":{"rendered":"D-D Fluidised Media Reactor"},"content":{"rendered":"<h2>D-D Fluidised Media Reactor<\/h2>\n<h2>H2Ocean FMR75 Wirbelschichtfilter<\/h2>\n<p>Der H2Ocean FMR75 ist ein unkomplizierter und kompletter Wirbelschichtfilter, der entweder stehend oder h\u00e4ngend montiert werden kann. Mit einem Durchmesser von 9 cm und einer H\u00f6he von 40 cm ist er f\u00fcr eine Aufnahme von ca. 700 ml Medium ausgelegt. Dieser Wirbelschichtfilter wird mit allen erforderlichen Komponenten (au\u00dfer der Pumpe) geliefert, damit Sie sofort loslegen k\u00f6nnen.<\/p>\n<ul>\n<li>3 L\u00e4ngen transparenter Schlauch<\/li>\n<li>1 R\u00fcckschlagventil<\/li>\n<li>1 Durchflussregelhahn<\/li>\n<li>2 Medienschw\u00e4mme (1 grob, 1 fein)<\/li>\n<li>8 Kabelbinder zur Befestigung der Rohre<\/li>\n<\/ul>\n","protected":false},"excerpt":{"rendered":"<p>H2Ocean FMR75 Fluidised Media Reactor<\/p>\n","protected":false},"featured_media":77290,"template":"","meta":[],"pwb-brand":[2137],"product_cat":[1389],"product_tag":[],"class_list":{"0":"post-88657","1":"product","2":"type-product","3":"status-publish","4":"has-post-thumbnail","6":"pwb-brand-d-d-the-aquarium-solution","7":"product_cat-wervelbedfilter-media-filter-de","9":"first","10":"instock","11":"taxable","12":"shipping-taxable","13":"purchasable","14":"product-type-simple"},"acf":[],"brands":[{"id":2137,"name":"D-D the aquarium solution","slug":"d-d-the-aquarium-solution"}],"_links":{"self":[{"href":"https:\/\/www.seaflowerstore.com\/de\/wp-json\/wp\/v2\/product\/88657","targetHints":{"allow":["GET"]}}],"collection":[{"href":"https:\/\/www.seaflowerstore.com\/de\/wp-json\/wp\/v2\/product"}],"about":[{"href":"https:\/\/www.seaflowerstore.com\/de\/wp-json\/wp\/v2\/types\/product"}],"wp:featuredmedia":[{"embeddable":true,"href":"https:\/\/www.seaflowerstore.com\/de\/wp-json\/wp\/v2\/media\/77290"}],"wp:attachment":[{"href":"https:\/\/www.seaflowerstore.com\/de\/wp-json\/wp\/v2\/media?parent=88657"}],"wp:term":[{"taxonomy":"pwb-brand","embeddable":true,"href":"https:\/\/www.seaflowerstore.com\/de\/wp-json\/wp\/v2\/pwb-brand?post=88657"},{"taxonomy":"product_cat","embeddable":true,"href":"https:\/\/www.seaflowerstore.com\/de\/wp-json\/wp\/v2\/product_cat?post=88657"},{"taxonomy":"product_tag","embeddable":true,"href":"https:\/\/www.seaflowerstore.com\/de\/wp-json\/wp\/v2\/product_tag?post=88657"}],"curies":[{"name":"wp","href":"https:\/\/api.w.org\/{rel}","templated":true}]}}