{"id":88668,"date":"2013-06-20T09:22:44","date_gmt":"2013-06-20T07:22:44","guid":{"rendered":"https:\/\/www.seaflowerstore.com\/nl\/am-500watt-titanium-heater\/"},"modified":"2024-03-20T16:16:06","modified_gmt":"2024-03-20T15:16:06","slug":"am-500watt-titanium-heater","status":"publish","type":"product","link":"https:\/\/www.seaflowerstore.com\/de\/am-500watt-titanium-heater\/","title":{"rendered":"AM 500watt Titanium heater"},"content":{"rendered":"<h2>Aqua Medic 500 watt Titanium heater for aquariums up 1000 &#8211; 1500 l, length: 32 cm<\/h2>\n<p>Die Titan-Heizelemente bieten eine zuverl\u00e4ssige und sichere Alternative zu herk\u00f6mmlichen Glasheizungen. Diese Elemente sind sowohl seewasserbest\u00e4ndig als auch unzerbrechlich, was Haltbarkeit und Langlebigkeit gew\u00e4hrleistet.<\/p>\n<p>Zus\u00e4tzlich sind die Heizelemente mit wichtigen Funktionen wie <strong>\u00dcberhitzungsschutz<\/strong> und <strong>Trockenlaufschutz<\/strong> ausgestattet.<\/p>\n<p>Es ist wichtig zu beachten, dass diese Elemente in Verbindung mit einem Thermostat verwendet werden m\u00fcssen. F\u00fcr optimale Leistung empfehlen wir den <strong>Aqua Medic T Controller Twin<\/strong>.<\/p>\n","protected":false},"excerpt":{"rendered":"<p>Aqua Medic 500 watt Titanium heater for aquariums up 1000 &#8211; 1500 l, lenght: 32 cm<\/p>\n","protected":false},"featured_media":77272,"template":"","meta":[],"pwb-brand":[2149],"product_cat":[1422,1421,1467],"product_tag":[],"class_list":{"0":"post-88668","1":"product","2":"type-product","3":"status-publish","4":"has-post-thumbnail","6":"pwb-brand-aqua-medic","7":"product_cat-aquariumheizung","8":"product_cat-aqua-medic-de","9":"product_cat-temperatur","10":"pa_wattage-500-watt-de","12":"first","13":"instock","14":"sale","15":"taxable","16":"shipping-taxable","17":"purchasable","18":"product-type-simple"},"acf":[],"brands":[{"id":2149,"name":"Aqua Medic","slug":"aqua-medic"}],"_links":{"self":[{"href":"https:\/\/www.seaflowerstore.com\/de\/wp-json\/wp\/v2\/product\/88668","targetHints":{"allow":["GET"]}}],"collection":[{"href":"https:\/\/www.seaflowerstore.com\/de\/wp-json\/wp\/v2\/product"}],"about":[{"href":"https:\/\/www.seaflowerstore.com\/de\/wp-json\/wp\/v2\/types\/product"}],"wp:featuredmedia":[{"embeddable":true,"href":"https:\/\/www.seaflowerstore.com\/de\/wp-json\/wp\/v2\/media\/77272"}],"wp:attachment":[{"href":"https:\/\/www.seaflowerstore.com\/de\/wp-json\/wp\/v2\/media?parent=88668"}],"wp:term":[{"taxonomy":"pwb-brand","embeddable":true,"href":"https:\/\/www.seaflowerstore.com\/de\/wp-json\/wp\/v2\/pwb-brand?post=88668"},{"taxonomy":"product_cat","embeddable":true,"href":"https:\/\/www.seaflowerstore.com\/de\/wp-json\/wp\/v2\/product_cat?post=88668"},{"taxonomy":"product_tag","embeddable":true,"href":"https:\/\/www.seaflowerstore.com\/de\/wp-json\/wp\/v2\/product_tag?post=88668"}],"curies":[{"name":"wp","href":"https:\/\/api.w.org\/{rel}","templated":true}]}}