{"id":88669,"date":"2013-06-20T09:22:40","date_gmt":"2013-06-20T07:22:40","guid":{"rendered":"https:\/\/www.seaflowerstore.com\/nl\/am-300watt-titanium-heater\/"},"modified":"2024-03-20T16:16:04","modified_gmt":"2024-03-20T15:16:04","slug":"am-300watt-titanium-heater","status":"publish","type":"product","link":"https:\/\/www.seaflowerstore.com\/de\/am-300watt-titanium-heater\/","title":{"rendered":"AM 300watt Titanium heater"},"content":{"rendered":"<h2>Aqua Medic Titanium heater aquarium 300 W for aquariums up 500 &#8211; 1,000 l, length: 30 cm<\/h2>\n<p>Titan-Heizelemente sind eine zuverl\u00e4ssige und sichere Alternative zu Glasheizelementen. Sie sind seewasserbest\u00e4ndig und bruchfest, sodass Sie sich keine Sorgen machen m\u00fcssen. Dar\u00fcber hinaus sind diese Heizelemente mit Funktionen zum \u00dcberhitzungsschutz und Trockenlaufschutz ausgestattet.<\/p>\n<p><strong>Es ist wichtig, diese Elemente in Kombination mit einem Thermostat zu verwenden.<\/strong> F\u00fcr optimale Ergebnisse empfehlen wir den Aqua Medic T Controller Twin.<\/p>\n","protected":false},"excerpt":{"rendered":"<p>Titanium heater aquarium without a thermostat from AquaMedic<\/p>\n","protected":false},"featured_media":77271,"template":"","meta":[],"pwb-brand":[2149],"product_cat":[1422,1421,1467],"product_tag":[],"class_list":{"0":"post-88669","1":"product","2":"type-product","3":"status-publish","4":"has-post-thumbnail","6":"pwb-brand-aqua-medic","7":"product_cat-aquariumheizung","8":"product_cat-aqua-medic-de","9":"product_cat-temperatur","10":"pa_show-myparcel-options-male-de","11":"pa_wattage-300-watt-de","13":"first","14":"instock","15":"sale","16":"taxable","17":"shipping-taxable","18":"purchasable","19":"product-type-simple"},"acf":[],"brands":[{"id":2149,"name":"Aqua Medic","slug":"aqua-medic"}],"_links":{"self":[{"href":"https:\/\/www.seaflowerstore.com\/de\/wp-json\/wp\/v2\/product\/88669","targetHints":{"allow":["GET"]}}],"collection":[{"href":"https:\/\/www.seaflowerstore.com\/de\/wp-json\/wp\/v2\/product"}],"about":[{"href":"https:\/\/www.seaflowerstore.com\/de\/wp-json\/wp\/v2\/types\/product"}],"wp:featuredmedia":[{"embeddable":true,"href":"https:\/\/www.seaflowerstore.com\/de\/wp-json\/wp\/v2\/media\/77271"}],"wp:attachment":[{"href":"https:\/\/www.seaflowerstore.com\/de\/wp-json\/wp\/v2\/media?parent=88669"}],"wp:term":[{"taxonomy":"pwb-brand","embeddable":true,"href":"https:\/\/www.seaflowerstore.com\/de\/wp-json\/wp\/v2\/pwb-brand?post=88669"},{"taxonomy":"product_cat","embeddable":true,"href":"https:\/\/www.seaflowerstore.com\/de\/wp-json\/wp\/v2\/product_cat?post=88669"},{"taxonomy":"product_tag","embeddable":true,"href":"https:\/\/www.seaflowerstore.com\/de\/wp-json\/wp\/v2\/product_tag?post=88669"}],"curies":[{"name":"wp","href":"https:\/\/api.w.org\/{rel}","templated":true}]}}