{"id":88670,"date":"2013-06-20T09:22:38","date_gmt":"2013-06-20T07:22:38","guid":{"rendered":"https:\/\/www.seaflowerstore.com\/nl\/am-200watt-titanium-heater\/"},"modified":"2024-03-20T16:16:03","modified_gmt":"2024-03-20T15:16:03","slug":"am-200watt-titanium-heater","status":"publish","type":"product","link":"https:\/\/www.seaflowerstore.com\/de\/am-200watt-titanium-heater\/","title":{"rendered":"AM 200watt Titanium heater"},"content":{"rendered":"<h2>Aqua Medic 200 watt Titanium heater for aquariums up 250-500 l, length: 28 cm<\/h2>\n<p>Die Titan-Heizelemente sind eine zuverl\u00e4ssige Alternative zu Glasheizelementen. Sie sind seewasserbest\u00e4ndig und unzerbrechlich, sodass Aquarianer beruhigt sein k\u00f6nnen.<\/p>\n<p>Zur Sicherheit sind diese Heizelemente mit Funktionen zum \u00dcberhitzungsschutz und Trockenlaufschutz ausgestattet.<\/p>\n<p><strong>Es ist wichtig, diese Elemente in Verbindung mit einem Thermostat zu verwenden. F\u00fcr optimale Leistung empfehlen wir den Aqua Medic T Controller Twin.<\/strong><\/p>\n","protected":false},"excerpt":{"rendered":"<p>Aqua Medic 200 watt Titanium heater for aquariums up 250-500 l, lenght: 28 cm<\/p>\n","protected":false},"featured_media":77270,"template":"","meta":[],"pwb-brand":[2149],"product_cat":[1422,1421,1467],"product_tag":[],"class_list":{"0":"post-88670","1":"product","2":"type-product","3":"status-publish","4":"has-post-thumbnail","6":"pwb-brand-aqua-medic","7":"product_cat-aquariumheizung","8":"product_cat-aqua-medic-de","9":"product_cat-temperatur","10":"pa_wattage-200-watt-de","12":"first","13":"instock","14":"sale","15":"taxable","16":"shipping-taxable","17":"purchasable","18":"product-type-simple"},"acf":[],"brands":[{"id":2149,"name":"Aqua Medic","slug":"aqua-medic"}],"_links":{"self":[{"href":"https:\/\/www.seaflowerstore.com\/de\/wp-json\/wp\/v2\/product\/88670","targetHints":{"allow":["GET"]}}],"collection":[{"href":"https:\/\/www.seaflowerstore.com\/de\/wp-json\/wp\/v2\/product"}],"about":[{"href":"https:\/\/www.seaflowerstore.com\/de\/wp-json\/wp\/v2\/types\/product"}],"wp:featuredmedia":[{"embeddable":true,"href":"https:\/\/www.seaflowerstore.com\/de\/wp-json\/wp\/v2\/media\/77270"}],"wp:attachment":[{"href":"https:\/\/www.seaflowerstore.com\/de\/wp-json\/wp\/v2\/media?parent=88670"}],"wp:term":[{"taxonomy":"pwb-brand","embeddable":true,"href":"https:\/\/www.seaflowerstore.com\/de\/wp-json\/wp\/v2\/pwb-brand?post=88670"},{"taxonomy":"product_cat","embeddable":true,"href":"https:\/\/www.seaflowerstore.com\/de\/wp-json\/wp\/v2\/product_cat?post=88670"},{"taxonomy":"product_tag","embeddable":true,"href":"https:\/\/www.seaflowerstore.com\/de\/wp-json\/wp\/v2\/product_tag?post=88670"}],"curies":[{"name":"wp","href":"https:\/\/api.w.org\/{rel}","templated":true}]}}