{"id":88671,"date":"2013-06-20T09:22:34","date_gmt":"2013-06-20T07:22:34","guid":{"rendered":"https:\/\/www.seaflowerstore.com\/nl\/am-100watt-titanium-heater\/"},"modified":"2024-03-20T16:16:01","modified_gmt":"2024-03-20T15:16:01","slug":"am-100watt-titanium-heater","status":"publish","type":"product","link":"https:\/\/www.seaflowerstore.com\/de\/am-100watt-titanium-heater\/","title":{"rendered":"AM 100watt Titanium heater"},"content":{"rendered":"<h2>Aqua Medic 100 watt Titanium heater for aquariums up 100 &#8211; 250 l, length: 27 cm<\/h2>\n<p>Heizelemente aus Titan sind eine zuverl\u00e4ssige Alternative zu herk\u00f6mmlichen Glasheizern. Sie sind seewasserbest\u00e4ndig und bruchfest, sodass Aquarienliebhaber beruhigt sein k\u00f6nnen.<\/p>\n<p>Zus\u00e4tzlich verf\u00fcgen diese Heizelemente \u00fcber Funktionen zum <strong>\u00dcberhitzungsschutz<\/strong> und <strong>Trockenlaufschutz<\/strong>, was ihre Sicherheit erh\u00f6ht.<\/p>\n<p><strong>Es ist wichtig, diese Elemente in Kombination mit einem Thermostat zu verwenden. F\u00fcr optimale Leistung empfehlen wir den Aqua Medic T Controller Twin.<\/strong><\/p>\n","protected":false},"excerpt":{"rendered":"<p>Aqua Medic 100 watt Titanium heater for aquariums up 100 &#8211; 250 l, lenght: 27 cm<\/p>\n","protected":false},"featured_media":77269,"template":"","meta":[],"pwb-brand":[2149],"product_cat":[1422,1421,1467],"product_tag":[],"class_list":{"0":"post-88671","1":"product","2":"type-product","3":"status-publish","4":"has-post-thumbnail","6":"pwb-brand-aqua-medic","7":"product_cat-aquariumheizung","8":"product_cat-aqua-medic-de","9":"product_cat-temperatur","10":"pa_wattage-100-watt-de","12":"first","13":"instock","14":"sale","15":"taxable","16":"shipping-taxable","17":"purchasable","18":"product-type-simple"},"acf":[],"brands":[{"id":2149,"name":"Aqua Medic","slug":"aqua-medic"}],"_links":{"self":[{"href":"https:\/\/www.seaflowerstore.com\/de\/wp-json\/wp\/v2\/product\/88671","targetHints":{"allow":["GET"]}}],"collection":[{"href":"https:\/\/www.seaflowerstore.com\/de\/wp-json\/wp\/v2\/product"}],"about":[{"href":"https:\/\/www.seaflowerstore.com\/de\/wp-json\/wp\/v2\/types\/product"}],"wp:featuredmedia":[{"embeddable":true,"href":"https:\/\/www.seaflowerstore.com\/de\/wp-json\/wp\/v2\/media\/77269"}],"wp:attachment":[{"href":"https:\/\/www.seaflowerstore.com\/de\/wp-json\/wp\/v2\/media?parent=88671"}],"wp:term":[{"taxonomy":"pwb-brand","embeddable":true,"href":"https:\/\/www.seaflowerstore.com\/de\/wp-json\/wp\/v2\/pwb-brand?post=88671"},{"taxonomy":"product_cat","embeddable":true,"href":"https:\/\/www.seaflowerstore.com\/de\/wp-json\/wp\/v2\/product_cat?post=88671"},{"taxonomy":"product_tag","embeddable":true,"href":"https:\/\/www.seaflowerstore.com\/de\/wp-json\/wp\/v2\/product_tag?post=88671"}],"curies":[{"name":"wp","href":"https:\/\/api.w.org\/{rel}","templated":true}]}}