{"id":88679,"date":"2013-06-16T14:00:08","date_gmt":"2013-06-16T12:00:08","guid":{"rendered":"https:\/\/www.seaflowerstore.com\/nl\/salimeter\/"},"modified":"2024-03-20T16:15:50","modified_gmt":"2024-03-20T15:15:50","slug":"salimeter","status":"publish","type":"product","link":"https:\/\/www.seaflowerstore.com\/de\/salimeter\/","title":{"rendered":"Salimeter"},"content":{"rendered":"<h2>Aquamedic Salimeter to determine the salt water density<\/h2>\n<p>Das AquaMedic Salimeter ist ein handliches Dichtemessger\u00e4t, auch Hydrometer genannt, das die Messung des spezifischen Gewichts von Salzwasser vereinfacht. Dieses Ger\u00e4t arbeitet in einem Messbereich von 1.000 bis 1.040, verf\u00fcgt \u00fcber Teilstriche bei 0,001 und bietet eine beeindruckende Genauigkeit von \u00b1 0,0005 bei 25 \u00b0C (77 \u00b0F).<\/p>\n<p>Zus\u00e4tzlich kann es die Temperatur messen. Obwohl keine Korrekturtabelle vorhanden ist, werden Sie feststellen, dass der gr\u00fcne Bereich gute Messungen anzeigt. F\u00fcr noch genauere Messwerte ist es ratsam, ein zuverl\u00e4ssiges Refraktometer zu verwenden.<\/p>\n<p><strong>Abmessungen:<\/strong><\/p>\n<ul>\n<li>L\u00e4nge: ca. 27 cm<\/li>\n<li>Durchmesser: ca. 2 cm<\/li>\n<\/ul>\n","protected":false},"excerpt":{"rendered":"<p>Instrument to determine the salt water density<\/p>\n","protected":false},"featured_media":77248,"template":"","meta":[],"pwb-brand":[2149],"product_cat":[1503,1421],"product_tag":[],"class_list":{"0":"post-88679","1":"product","2":"type-product","3":"status-publish","4":"has-post-thumbnail","6":"pwb-brand-aqua-medic","7":"product_cat-salzmesser","8":"product_cat-aqua-medic-de","10":"first","11":"outofstock","12":"taxable","13":"shipping-taxable","14":"purchasable","15":"product-type-simple"},"acf":[],"brands":[{"id":2149,"name":"Aqua Medic","slug":"aqua-medic"}],"_links":{"self":[{"href":"https:\/\/www.seaflowerstore.com\/de\/wp-json\/wp\/v2\/product\/88679","targetHints":{"allow":["GET"]}}],"collection":[{"href":"https:\/\/www.seaflowerstore.com\/de\/wp-json\/wp\/v2\/product"}],"about":[{"href":"https:\/\/www.seaflowerstore.com\/de\/wp-json\/wp\/v2\/types\/product"}],"wp:featuredmedia":[{"embeddable":true,"href":"https:\/\/www.seaflowerstore.com\/de\/wp-json\/wp\/v2\/media\/77248"}],"wp:attachment":[{"href":"https:\/\/www.seaflowerstore.com\/de\/wp-json\/wp\/v2\/media?parent=88679"}],"wp:term":[{"taxonomy":"pwb-brand","embeddable":true,"href":"https:\/\/www.seaflowerstore.com\/de\/wp-json\/wp\/v2\/pwb-brand?post=88679"},{"taxonomy":"product_cat","embeddable":true,"href":"https:\/\/www.seaflowerstore.com\/de\/wp-json\/wp\/v2\/product_cat?post=88679"},{"taxonomy":"product_tag","embeddable":true,"href":"https:\/\/www.seaflowerstore.com\/de\/wp-json\/wp\/v2\/product_tag?post=88679"}],"curies":[{"name":"wp","href":"https:\/\/api.w.org\/{rel}","templated":true}]}}