{"id":88681,"date":"2013-06-13T11:46:18","date_gmt":"2013-06-13T09:46:18","guid":{"rendered":"https:\/\/www.seaflowerstore.com\/nl\/mag-float-maat-m-long\/"},"modified":"2024-03-20T16:15:47","modified_gmt":"2024-03-20T15:15:47","slug":"mag-float-maat-m-long","status":"publish","type":"product","link":"https:\/\/www.seaflowerstore.com\/de\/mag-float-maat-m-long\/","title":{"rendered":"Mag Float maat M (long)"},"content":{"rendered":"<h2>Mag-Float size M (long) floating algae magnet<\/h2>\n<p><span style=\"font-size: small\">Ma\u00dfe: 100mm x 30mm, passend f\u00fcr Glasst\u00e4rken bis 9mm.<\/span><\/p>\n<p><span style=\"font-size: small\">Die schwimmenden Algenmagnete sind so konstruiert, dass sie den Vorteil haben, dass sie beim Loslassen des Magneten nicht zu Boden sinken.<\/span><\/p>\n","protected":false},"excerpt":{"rendered":"<p>Magnet for glass thicknesses up to 9mm<\/p>\n","protected":false},"featured_media":77240,"template":"","meta":[],"pwb-brand":[2155],"product_cat":[1428,1488],"product_tag":[],"class_list":{"0":"post-88681","1":"product","2":"type-product","3":"status-publish","4":"has-post-thumbnail","6":"pwb-brand-mag-floatoxford","7":"product_cat-algenmagnet","8":"product_cat-pflege","10":"first","11":"instock","12":"taxable","13":"shipping-taxable","14":"purchasable","15":"product-type-simple"},"acf":[],"brands":[{"id":2155,"name":"Mag-Float\/oxford","slug":"mag-floatoxford"}],"_links":{"self":[{"href":"https:\/\/www.seaflowerstore.com\/de\/wp-json\/wp\/v2\/product\/88681","targetHints":{"allow":["GET"]}}],"collection":[{"href":"https:\/\/www.seaflowerstore.com\/de\/wp-json\/wp\/v2\/product"}],"about":[{"href":"https:\/\/www.seaflowerstore.com\/de\/wp-json\/wp\/v2\/types\/product"}],"wp:featuredmedia":[{"embeddable":true,"href":"https:\/\/www.seaflowerstore.com\/de\/wp-json\/wp\/v2\/media\/77240"}],"wp:attachment":[{"href":"https:\/\/www.seaflowerstore.com\/de\/wp-json\/wp\/v2\/media?parent=88681"}],"wp:term":[{"taxonomy":"pwb-brand","embeddable":true,"href":"https:\/\/www.seaflowerstore.com\/de\/wp-json\/wp\/v2\/pwb-brand?post=88681"},{"taxonomy":"product_cat","embeddable":true,"href":"https:\/\/www.seaflowerstore.com\/de\/wp-json\/wp\/v2\/product_cat?post=88681"},{"taxonomy":"product_tag","embeddable":true,"href":"https:\/\/www.seaflowerstore.com\/de\/wp-json\/wp\/v2\/product_tag?post=88681"}],"curies":[{"name":"wp","href":"https:\/\/api.w.org\/{rel}","templated":true}]}}