{"id":88701,"date":"2013-02-16T12:19:45","date_gmt":"2013-02-16T11:19:45","guid":{"rendered":"https:\/\/www.seaflowerstore.com\/nl\/sicce-syncra-silent-4-0\/"},"modified":"2024-03-20T16:15:20","modified_gmt":"2024-03-20T15:15:20","slug":"sicce-syncra-silent-4-0","status":"publish","type":"product","link":"https:\/\/www.seaflowerstore.com\/de\/sicce-syncra-silent-4-0\/","title":{"rendered":"Sicce Syncra Silent 4.0"},"content":{"rendered":"<h2>Sicce Syncra Silent 4.0<\/h2>\n<p>Willkommen in der Welt der Sicce Syncra Silent 4.0! Diese interne F\u00f6rderpumpe ist f\u00fcr eine beeindruckende Leistung von bis zu 3500 Litern pro Stunde ausgelegt.<\/p>\n<p>Mit einem Stromverbrauch von nur 80 Watt und einer Rampenh\u00f6he von 3,7 Metern ist diese Pumpe sowohl effizient als auch leistungsstark. Sie verf\u00fcgt au\u00dferdem \u00fcber eine praktische Kabell\u00e4nge von 2,2 Metern, sodass sie problemlos an verschiedenen Orten aufgestellt werden kann.<\/p>\n<p>Wenn Sie in die Sicce Syncra Silent 4.0 investieren, entscheiden Sie sich f\u00fcr Zuverl\u00e4ssigkeit und Effektivit\u00e4t f\u00fcr Ihre Anforderungen.<\/p>\n","protected":false},"excerpt":{"rendered":"<p> up to 3500 liters per hour <\/p>\n","protected":false},"featured_media":77199,"template":"","meta":[],"pwb-brand":[2163],"product_cat":[1417,1466,2104],"product_tag":[],"class_list":{"0":"post-88701","1":"product","2":"type-product","3":"status-publish","4":"has-post-thumbnail","6":"pwb-brand-sicce","7":"product_cat-druckerhohungspumpen","8":"product_cat-pumpen","9":"product_cat-sicce-de","11":"first","12":"instock","13":"taxable","14":"shipping-taxable","15":"purchasable","16":"product-type-simple"},"acf":[],"brands":[{"id":2163,"name":"Sicce","slug":"sicce"}],"_links":{"self":[{"href":"https:\/\/www.seaflowerstore.com\/de\/wp-json\/wp\/v2\/product\/88701","targetHints":{"allow":["GET"]}}],"collection":[{"href":"https:\/\/www.seaflowerstore.com\/de\/wp-json\/wp\/v2\/product"}],"about":[{"href":"https:\/\/www.seaflowerstore.com\/de\/wp-json\/wp\/v2\/types\/product"}],"wp:featuredmedia":[{"embeddable":true,"href":"https:\/\/www.seaflowerstore.com\/de\/wp-json\/wp\/v2\/media\/77199"}],"wp:attachment":[{"href":"https:\/\/www.seaflowerstore.com\/de\/wp-json\/wp\/v2\/media?parent=88701"}],"wp:term":[{"taxonomy":"pwb-brand","embeddable":true,"href":"https:\/\/www.seaflowerstore.com\/de\/wp-json\/wp\/v2\/pwb-brand?post=88701"},{"taxonomy":"product_cat","embeddable":true,"href":"https:\/\/www.seaflowerstore.com\/de\/wp-json\/wp\/v2\/product_cat?post=88701"},{"taxonomy":"product_tag","embeddable":true,"href":"https:\/\/www.seaflowerstore.com\/de\/wp-json\/wp\/v2\/product_tag?post=88701"}],"curies":[{"name":"wp","href":"https:\/\/api.w.org\/{rel}","templated":true}]}}