{"id":88702,"date":"2013-02-16T12:18:02","date_gmt":"2013-02-16T11:18:02","guid":{"rendered":"https:\/\/www.seaflowerstore.com\/nl\/sicce-syncra-silent-3-5\/"},"modified":"2024-03-20T16:15:18","modified_gmt":"2024-03-20T15:15:18","slug":"sicce-syncra-silent-3-5","status":"publish","type":"product","link":"https:\/\/www.seaflowerstore.com\/de\/sicce-syncra-silent-3-5\/","title":{"rendered":"Sicce Syncra Silent 3.5"},"content":{"rendered":"<h2>Sicce Syncra Silent 3.5<\/h2>\n<p>Die Sicce Syncra Silent 3.5 ist eine beeindruckende Innenpumpe, die bis zu <strong>2500 Liter pro Stunde<\/strong> f\u00f6rdern kann. Mit einem Stromverbrauch von nur <strong>65 Watt<\/strong> ist sie effizient und zuverl\u00e4ssig. Diese Pumpe verf\u00fcgt \u00fcber eine <strong>Rampenh\u00f6he von 3,7 Metern<\/strong> und wird mit einer praktischen <strong>Kabell\u00e4nge von 2,2 Metern<\/strong> geliefert.<\/p>\n","protected":false},"excerpt":{"rendered":"<p> up to 2500 liters per hour <\/p>\n","protected":false},"featured_media":77196,"template":"","meta":[],"pwb-brand":[2163],"product_cat":[1417,1466,2104],"product_tag":[],"class_list":{"0":"post-88702","1":"product","2":"type-product","3":"status-publish","4":"has-post-thumbnail","6":"pwb-brand-sicce","7":"product_cat-druckerhohungspumpen","8":"product_cat-pumpen","9":"product_cat-sicce-de","11":"first","12":"instock","13":"taxable","14":"shipping-taxable","15":"purchasable","16":"product-type-simple"},"acf":[],"brands":[{"id":2163,"name":"Sicce","slug":"sicce"}],"_links":{"self":[{"href":"https:\/\/www.seaflowerstore.com\/de\/wp-json\/wp\/v2\/product\/88702","targetHints":{"allow":["GET"]}}],"collection":[{"href":"https:\/\/www.seaflowerstore.com\/de\/wp-json\/wp\/v2\/product"}],"about":[{"href":"https:\/\/www.seaflowerstore.com\/de\/wp-json\/wp\/v2\/types\/product"}],"wp:featuredmedia":[{"embeddable":true,"href":"https:\/\/www.seaflowerstore.com\/de\/wp-json\/wp\/v2\/media\/77196"}],"wp:attachment":[{"href":"https:\/\/www.seaflowerstore.com\/de\/wp-json\/wp\/v2\/media?parent=88702"}],"wp:term":[{"taxonomy":"pwb-brand","embeddable":true,"href":"https:\/\/www.seaflowerstore.com\/de\/wp-json\/wp\/v2\/pwb-brand?post=88702"},{"taxonomy":"product_cat","embeddable":true,"href":"https:\/\/www.seaflowerstore.com\/de\/wp-json\/wp\/v2\/product_cat?post=88702"},{"taxonomy":"product_tag","embeddable":true,"href":"https:\/\/www.seaflowerstore.com\/de\/wp-json\/wp\/v2\/product_tag?post=88702"}],"curies":[{"name":"wp","href":"https:\/\/api.w.org\/{rel}","templated":true}]}}