{"id":88703,"date":"2013-02-16T12:16:11","date_gmt":"2013-02-16T11:16:11","guid":{"rendered":"https:\/\/www.seaflowerstore.com\/nl\/sicce-syncra-silent-5-0\/"},"modified":"2024-03-20T16:15:16","modified_gmt":"2024-03-20T15:15:16","slug":"sicce-syncra-silent-5-0","status":"publish","type":"product","link":"https:\/\/www.seaflowerstore.com\/de\/sicce-syncra-silent-5-0\/","title":{"rendered":"Sicce Syncra Silent 5.0"},"content":{"rendered":"<h2>Sicce Syncra Silent 5.0<\/h2>\n<p>Die Sicce Syncra Silent 5.0 ist eine beeindruckende Innenpumpe, die bis zu <strong>5000 Liter pro Stunde<\/strong> f\u00f6rdern kann. Mit einem Stromverbrauch von nur <strong>105 Watt<\/strong> bietet sie eine hohe Effizienz.<\/p>\n<p>Diese Pumpe hat eine maximale F\u00f6rderh\u00f6he von <strong>3,8 Metern<\/strong> und verf\u00fcgt \u00fcber eine praktische Kabell\u00e4nge von <strong>2,2 Metern<\/strong>.<\/p>\n<p>Ganz gleich, ob Sie Ihr Aquarium oder Ihr Wasserspiel versch\u00f6nern m\u00f6chten, diese Pumpe ist so konzipiert, dass sie zuverl\u00e4ssige Leistung bei minimaler Ger\u00e4uschentwicklung liefert.<\/p>\n","protected":false},"excerpt":{"rendered":"<p>Sicce Syncra Silent 5.0 up to 5000 liters per hour<\/p>\n","protected":false},"featured_media":77193,"template":"","meta":[],"pwb-brand":[2163],"product_cat":[1417,1466,2104],"product_tag":[],"class_list":{"0":"post-88703","1":"product","2":"type-product","3":"status-publish","4":"has-post-thumbnail","6":"pwb-brand-sicce","7":"product_cat-druckerhohungspumpen","8":"product_cat-pumpen","9":"product_cat-sicce-de","11":"first","12":"instock","13":"taxable","14":"shipping-taxable","15":"purchasable","16":"product-type-simple"},"acf":[],"brands":[{"id":2163,"name":"Sicce","slug":"sicce"}],"_links":{"self":[{"href":"https:\/\/www.seaflowerstore.com\/de\/wp-json\/wp\/v2\/product\/88703","targetHints":{"allow":["GET"]}}],"collection":[{"href":"https:\/\/www.seaflowerstore.com\/de\/wp-json\/wp\/v2\/product"}],"about":[{"href":"https:\/\/www.seaflowerstore.com\/de\/wp-json\/wp\/v2\/types\/product"}],"wp:featuredmedia":[{"embeddable":true,"href":"https:\/\/www.seaflowerstore.com\/de\/wp-json\/wp\/v2\/media\/77193"}],"wp:attachment":[{"href":"https:\/\/www.seaflowerstore.com\/de\/wp-json\/wp\/v2\/media?parent=88703"}],"wp:term":[{"taxonomy":"pwb-brand","embeddable":true,"href":"https:\/\/www.seaflowerstore.com\/de\/wp-json\/wp\/v2\/pwb-brand?post=88703"},{"taxonomy":"product_cat","embeddable":true,"href":"https:\/\/www.seaflowerstore.com\/de\/wp-json\/wp\/v2\/product_cat?post=88703"},{"taxonomy":"product_tag","embeddable":true,"href":"https:\/\/www.seaflowerstore.com\/de\/wp-json\/wp\/v2\/product_tag?post=88703"}],"curies":[{"name":"wp","href":"https:\/\/api.w.org\/{rel}","templated":true}]}}