{"id":88705,"date":"2013-02-16T12:12:47","date_gmt":"2013-02-16T11:12:47","guid":{"rendered":"https:\/\/www.seaflowerstore.com\/nl\/sicce-syncra-silent-2-0\/"},"modified":"2024-03-20T16:15:12","modified_gmt":"2024-03-20T15:15:12","slug":"sicce-syncra-silent-2-0","status":"publish","type":"product","link":"https:\/\/www.seaflowerstore.com\/de\/sicce-syncra-silent-2-0\/","title":{"rendered":"Sicce Syncra Silent 2.0"},"content":{"rendered":"<h2>Sicce Syncra Silent 2.0 Internal pump up to 2150 liters per hour<\/h2>\n<p>Die Sicce Syncra Silent 2.0 ist eine leistungsstarke Innenpumpe, die bis zu <strong>2150 Liter pro Stunde<\/strong> f\u00f6rdern kann. Mit einem geringen Stromverbrauch von nur <strong>32 Watt<\/strong> ist diese Pumpe effizient und umweltfreundlich.<\/p>\n<p>Sie verf\u00fcgt \u00fcber eine <strong>2,0 Meter lange Rampe<\/strong> und wird mit einem praktischen <strong>1,5 Meter langen Kabel<\/strong> f\u00fcr flexible Installationsoptionen geliefert. Egal, ob Sie sie f\u00fcr Aquarien oder andere Anwendungen ben\u00f6tigen, die Syncra Silent 2.0 ist eine zuverl\u00e4ssige Wahl, die Leistung mit Energieeffizienz kombiniert.<\/p>\n","protected":false},"excerpt":{"rendered":"<p>Sicce Syncra Silent 2.0 Internal pump up to 2150 liters per hour<\/p>\n","protected":false},"featured_media":77187,"template":"","meta":[],"pwb-brand":[2163],"product_cat":[1417,1466,2104],"product_tag":[],"class_list":{"0":"post-88705","1":"product","2":"type-product","3":"status-publish","4":"has-post-thumbnail","6":"pwb-brand-sicce","7":"product_cat-druckerhohungspumpen","8":"product_cat-pumpen","9":"product_cat-sicce-de","11":"first","12":"instock","13":"taxable","14":"shipping-taxable","15":"purchasable","16":"product-type-simple"},"acf":[],"brands":[{"id":2163,"name":"Sicce","slug":"sicce"}],"_links":{"self":[{"href":"https:\/\/www.seaflowerstore.com\/de\/wp-json\/wp\/v2\/product\/88705","targetHints":{"allow":["GET"]}}],"collection":[{"href":"https:\/\/www.seaflowerstore.com\/de\/wp-json\/wp\/v2\/product"}],"about":[{"href":"https:\/\/www.seaflowerstore.com\/de\/wp-json\/wp\/v2\/types\/product"}],"wp:featuredmedia":[{"embeddable":true,"href":"https:\/\/www.seaflowerstore.com\/de\/wp-json\/wp\/v2\/media\/77187"}],"wp:attachment":[{"href":"https:\/\/www.seaflowerstore.com\/de\/wp-json\/wp\/v2\/media?parent=88705"}],"wp:term":[{"taxonomy":"pwb-brand","embeddable":true,"href":"https:\/\/www.seaflowerstore.com\/de\/wp-json\/wp\/v2\/pwb-brand?post=88705"},{"taxonomy":"product_cat","embeddable":true,"href":"https:\/\/www.seaflowerstore.com\/de\/wp-json\/wp\/v2\/product_cat?post=88705"},{"taxonomy":"product_tag","embeddable":true,"href":"https:\/\/www.seaflowerstore.com\/de\/wp-json\/wp\/v2\/product_tag?post=88705"}],"curies":[{"name":"wp","href":"https:\/\/api.w.org\/{rel}","templated":true}]}}