{"id":88711,"date":"2013-02-16T11:27:07","date_gmt":"2013-02-16T10:27:07","guid":{"rendered":"https:\/\/www.seaflowerstore.com\/nl\/sicce-voyager-10-15000-l-h\/"},"modified":"2024-03-20T16:15:06","modified_gmt":"2024-03-20T15:15:06","slug":"sicce-voyager-10-15000-l-h","status":"publish","type":"product","link":"https:\/\/www.seaflowerstore.com\/de\/sicce-voyager-10-15000-l-h\/","title":{"rendered":"Sicce Voyager 10 &#8211; 15000 l\/h"},"content":{"rendered":"<h2>Sicce Voyager 10 &#8211; 15000 l\/h<\/h2>\n<p><strong>Durchflusskapazit\u00e4t:<\/strong> 15.000 Liter pro Stunde<\/p>\n<p><strong>Stromverbrauch:<\/strong> 25 Watt<\/p>\n<p>Die Sicce Voyager 10 ist f\u00fcr einen beeindruckenden Durchfluss ausgelegt und damit eine ausgezeichnete Wahl f\u00fcr verschiedene Anwendungen. Mit ihrer F\u00e4higkeit, 15.000 Liter pro Stunde zu bew\u00e4ltigen, sorgt diese Pumpe f\u00fcr eine effiziente Leistung. Dar\u00fcber hinaus verbraucht sie nur 25 Watt und ist damit sowohl effektiv als auch energieeffizient.<\/p>\n<p>Ganz gleich, ob Sie Ihr Aquarium aufwerten oder die Wasserzirkulation in einem Teich verbessern m\u00f6chten, die Voyager 10 ist eine zuverl\u00e4ssige Option, die gro\u00dfartige Ergebnisse liefert.<\/p>\n","protected":false},"excerpt":{"rendered":"<p>Sicce Voyager 10 &#8211; 15000 l\/h powerhead<\/p>\n","protected":false},"featured_media":77173,"template":"","meta":[],"pwb-brand":[2163],"product_cat":[1388,2104],"product_tag":[],"class_list":{"0":"post-88711","1":"product","2":"type-product","3":"status-publish","4":"has-post-thumbnail","6":"pwb-brand-sicce","7":"product_cat-stroemungspumpen","8":"product_cat-sicce-de","10":"first","11":"instock","12":"sale","13":"taxable","14":"shipping-taxable","15":"purchasable","16":"product-type-simple"},"acf":[],"brands":[{"id":2163,"name":"Sicce","slug":"sicce"}],"_links":{"self":[{"href":"https:\/\/www.seaflowerstore.com\/de\/wp-json\/wp\/v2\/product\/88711","targetHints":{"allow":["GET"]}}],"collection":[{"href":"https:\/\/www.seaflowerstore.com\/de\/wp-json\/wp\/v2\/product"}],"about":[{"href":"https:\/\/www.seaflowerstore.com\/de\/wp-json\/wp\/v2\/types\/product"}],"wp:featuredmedia":[{"embeddable":true,"href":"https:\/\/www.seaflowerstore.com\/de\/wp-json\/wp\/v2\/media\/77173"}],"wp:attachment":[{"href":"https:\/\/www.seaflowerstore.com\/de\/wp-json\/wp\/v2\/media?parent=88711"}],"wp:term":[{"taxonomy":"pwb-brand","embeddable":true,"href":"https:\/\/www.seaflowerstore.com\/de\/wp-json\/wp\/v2\/pwb-brand?post=88711"},{"taxonomy":"product_cat","embeddable":true,"href":"https:\/\/www.seaflowerstore.com\/de\/wp-json\/wp\/v2\/product_cat?post=88711"},{"taxonomy":"product_tag","embeddable":true,"href":"https:\/\/www.seaflowerstore.com\/de\/wp-json\/wp\/v2\/product_tag?post=88711"}],"curies":[{"name":"wp","href":"https:\/\/api.w.org\/{rel}","templated":true}]}}