{"id":88721,"date":"2011-09-03T02:35:54","date_gmt":"2011-09-03T00:35:54","guid":{"rendered":"https:\/\/www.seaflowerstore.com\/nl\/tunze-fotocel\/"},"modified":"2024-03-20T16:14:58","modified_gmt":"2024-03-20T15:14:58","slug":"tunze-fotocel","status":"publish","type":"product","link":"https:\/\/www.seaflowerstore.com\/de\/tunze-fotocel\/","title":{"rendered":"Tunze Fotocel"},"content":{"rendered":"<h2>Tunze Fotocel<\/h2>\n<p><strong>Die Tunze-Fotozelle (7094.050)<\/strong> sorgt daf\u00fcr, dass die Streamer in den Nachtmodus wechseln, wenn die Beleuchtung ausgeschaltet wird. Dieses Ger\u00e4t l\u00e4sst sich nahtlos mit dem Einzelcontroller 7091 oder den Multicontroller-Modellen 7095 und 7096 verbinden.<\/p>\n","protected":false},"excerpt":{"rendered":"<p>Is connected to the single controller 7091 or multicontroller 7095 and 7096.<\/p>\n","protected":false},"featured_media":77161,"template":"","meta":[],"pwb-brand":[2123],"product_cat":[1408,1388],"product_tag":[],"class_list":{"0":"post-88721","1":"product","2":"type-product","3":"status-publish","4":"has-post-thumbnail","6":"pwb-brand-tunze","7":"product_cat-computer-de","8":"product_cat-stroemungspumpen","10":"first","11":"instock","12":"taxable","13":"shipping-taxable","14":"purchasable","15":"product-type-simple"},"acf":[],"brands":[{"id":2123,"name":"Tunze","slug":"tunze"}],"_links":{"self":[{"href":"https:\/\/www.seaflowerstore.com\/de\/wp-json\/wp\/v2\/product\/88721","targetHints":{"allow":["GET"]}}],"collection":[{"href":"https:\/\/www.seaflowerstore.com\/de\/wp-json\/wp\/v2\/product"}],"about":[{"href":"https:\/\/www.seaflowerstore.com\/de\/wp-json\/wp\/v2\/types\/product"}],"wp:featuredmedia":[{"embeddable":true,"href":"https:\/\/www.seaflowerstore.com\/de\/wp-json\/wp\/v2\/media\/77161"}],"wp:attachment":[{"href":"https:\/\/www.seaflowerstore.com\/de\/wp-json\/wp\/v2\/media?parent=88721"}],"wp:term":[{"taxonomy":"pwb-brand","embeddable":true,"href":"https:\/\/www.seaflowerstore.com\/de\/wp-json\/wp\/v2\/pwb-brand?post=88721"},{"taxonomy":"product_cat","embeddable":true,"href":"https:\/\/www.seaflowerstore.com\/de\/wp-json\/wp\/v2\/product_cat?post=88721"},{"taxonomy":"product_tag","embeddable":true,"href":"https:\/\/www.seaflowerstore.com\/de\/wp-json\/wp\/v2\/product_tag?post=88721"}],"curies":[{"name":"wp","href":"https:\/\/api.w.org\/{rel}","templated":true}]}}