{"id":88728,"date":"2011-09-03T02:04:03","date_gmt":"2011-09-03T00:04:03","guid":{"rendered":"https:\/\/www.seaflowerstore.com\/nl\/tunze-6045-nanostream\/"},"modified":"2024-03-20T16:14:48","modified_gmt":"2024-03-20T15:14:48","slug":"tunze-6045-nanostream","status":"publish","type":"product","link":"https:\/\/www.seaflowerstore.com\/de\/tunze-6045-nanostream\/","title":{"rendered":"Tunze 6045 Nanostream"},"content":{"rendered":"<h2>Tunze 6045 Nanostream<\/h2>\n<p>Wir pr\u00e4sentieren den Tunze 6045 Nanostream, eine fantastische Wahl f\u00fcr Ihre Aquarienbed\u00fcrfnisse!<\/p>\n<ul>\n<li><strong>Geeignet f\u00fcr Aquarien<\/strong> von 100 bis 500 Litern.<\/li>\n<li><strong>Durchflussrate:<\/strong> 2000-4500 Liter pro Stunde, die Sie mechanisch einstellen k\u00f6nnen.<\/li>\n<li><strong>Stromverbrauch:<\/strong> Nur 7 Watt.<\/li>\n<li><strong>Spannung und Frequenz:<\/strong> 230 V und 50 Hz.<\/li>\n<li><strong>Kabell\u00e4nge:<\/strong> Bequeme 2 Meter.<\/li>\n<li><strong>Abmessungen:<\/strong> Durchmesser 70 mm, mit einem Ausflussdurchmesser von 40\/15 mm.<\/li>\n<li><strong>Magnethalter:<\/strong> Wird mit einer Silence-Klemme geliefert, geeignet f\u00fcr Glasdicken bis zu 15 mm. (2\/3 Zoll).<\/li>\n<\/ul>\n<p>Dieses Ger\u00e4t ist so konzipiert, dass es einen effizienten Wasserfluss bietet und gleichzeitig einfach zu installieren und zu warten ist. Es ist perfekt, um Ihre Wasserumgebung gesund und florierend zu halten!<\/p>\n","protected":false},"excerpt":{"rendered":"<p>Tunze 6045 Nanostream For aquariums from 100 to 500 liters<\/p>\n","protected":false},"featured_media":77147,"template":"","meta":[],"pwb-brand":[2123],"product_cat":[1388],"product_tag":[],"class_list":{"0":"post-88728","1":"product","2":"type-product","3":"status-publish","4":"has-post-thumbnail","6":"pwb-brand-tunze","7":"product_cat-stroemungspumpen","9":"first","10":"outofstock","11":"taxable","12":"shipping-taxable","13":"purchasable","14":"product-type-simple"},"acf":[],"brands":[{"id":2123,"name":"Tunze","slug":"tunze"}],"_links":{"self":[{"href":"https:\/\/www.seaflowerstore.com\/de\/wp-json\/wp\/v2\/product\/88728","targetHints":{"allow":["GET"]}}],"collection":[{"href":"https:\/\/www.seaflowerstore.com\/de\/wp-json\/wp\/v2\/product"}],"about":[{"href":"https:\/\/www.seaflowerstore.com\/de\/wp-json\/wp\/v2\/types\/product"}],"wp:featuredmedia":[{"embeddable":true,"href":"https:\/\/www.seaflowerstore.com\/de\/wp-json\/wp\/v2\/media\/77147"}],"wp:attachment":[{"href":"https:\/\/www.seaflowerstore.com\/de\/wp-json\/wp\/v2\/media?parent=88728"}],"wp:term":[{"taxonomy":"pwb-brand","embeddable":true,"href":"https:\/\/www.seaflowerstore.com\/de\/wp-json\/wp\/v2\/pwb-brand?post=88728"},{"taxonomy":"product_cat","embeddable":true,"href":"https:\/\/www.seaflowerstore.com\/de\/wp-json\/wp\/v2\/product_cat?post=88728"},{"taxonomy":"product_tag","embeddable":true,"href":"https:\/\/www.seaflowerstore.com\/de\/wp-json\/wp\/v2\/product_tag?post=88728"}],"curies":[{"name":"wp","href":"https:\/\/api.w.org\/{rel}","templated":true}]}}