{"id":88738,"date":"2011-08-14T19:10:08","date_gmt":"2011-08-14T17:10:08","guid":{"rendered":"https:\/\/www.seaflowerstore.com\/nl\/12-d-d-aqua-scraper\/"},"modified":"2024-03-20T16:14:46","modified_gmt":"2024-03-20T15:14:46","slug":"12-d-d-aqua-scraper","status":"publish","type":"product","link":"https:\/\/www.seaflowerstore.com\/de\/12-d-d-aqua-scraper\/","title":{"rendered":"12&#8243; D-D Aqua Scraper"},"content":{"rendered":"<h2>D-D Aqua Scraper 4 In 1 aquarium tool<\/h2>\n<p>Wir pr\u00e4sentieren den 12 Zoll (28,8 cm) 4-in-1-Schaber mit einem robusten Griff f\u00fcr Ihre Aquarienpflege. Dieser vielseitige Schaber ist ausgestattet mit:<\/p>\n<ul>\n<li><strong>1x 7,6 cm Schwenkkopf:<\/strong> Diese Funktion erm\u00f6glicht eine einfache Drehung, um an schwierige Stellen zu gelangen.<\/li>\n<li><strong>1x 7,6 cm Kunststoff-Eckschaber:<\/strong> Perfekt f\u00fcr die Verwendung mit Acrylaquarien.<\/li>\n<li><strong>1x 7,6 cm Edelstahlschaber:<\/strong> Ideal zum Entfernen hartn\u00e4ckiger Flecken und Kalkalgen.<\/li>\n<li><strong>1x 7,6 cm Kiesschaufel:<\/strong> Praktisch zum Entfernen von Gegenst\u00e4nden wie leeren Schneckenh\u00e4usern.<\/li>\n<\/ul>\n<p>Dieses Werkzeug ist ein Muss f\u00fcr die Pflege eines sauberen und sch\u00f6nen Aquariums. Genie\u00dfen Sie Ihr Wassererlebnis mit Leichtigkeit! <\/p>\n","protected":false},"excerpt":{"rendered":"<p>D-D Aqua Scraper 4 In 1 aquarium tool<\/p>\n","protected":false},"featured_media":77117,"template":"","meta":[],"pwb-brand":[2137],"product_cat":[1479],"product_tag":[],"class_list":{"0":"post-88738","1":"product","2":"type-product","3":"status-publish","4":"has-post-thumbnail","6":"pwb-brand-d-d-the-aquarium-solution","7":"product_cat-algenkrabben","9":"first","10":"outofstock","11":"taxable","12":"shipping-taxable","13":"purchasable","14":"product-type-simple"},"acf":[],"brands":[{"id":2137,"name":"D-D the aquarium solution","slug":"d-d-the-aquarium-solution"}],"_links":{"self":[{"href":"https:\/\/www.seaflowerstore.com\/de\/wp-json\/wp\/v2\/product\/88738","targetHints":{"allow":["GET"]}}],"collection":[{"href":"https:\/\/www.seaflowerstore.com\/de\/wp-json\/wp\/v2\/product"}],"about":[{"href":"https:\/\/www.seaflowerstore.com\/de\/wp-json\/wp\/v2\/types\/product"}],"wp:featuredmedia":[{"embeddable":true,"href":"https:\/\/www.seaflowerstore.com\/de\/wp-json\/wp\/v2\/media\/77117"}],"wp:attachment":[{"href":"https:\/\/www.seaflowerstore.com\/de\/wp-json\/wp\/v2\/media?parent=88738"}],"wp:term":[{"taxonomy":"pwb-brand","embeddable":true,"href":"https:\/\/www.seaflowerstore.com\/de\/wp-json\/wp\/v2\/pwb-brand?post=88738"},{"taxonomy":"product_cat","embeddable":true,"href":"https:\/\/www.seaflowerstore.com\/de\/wp-json\/wp\/v2\/product_cat?post=88738"},{"taxonomy":"product_tag","embeddable":true,"href":"https:\/\/www.seaflowerstore.com\/de\/wp-json\/wp\/v2\/product_tag?post=88738"}],"curies":[{"name":"wp","href":"https:\/\/api.w.org\/{rel}","templated":true}]}}