{"id":88740,"date":"2011-08-14T19:02:22","date_gmt":"2011-08-14T17:02:22","guid":{"rendered":"https:\/\/www.seaflowerstore.com\/nl\/refractometer-d-d-aquarium-solutions\/"},"modified":"2024-03-20T16:14:44","modified_gmt":"2024-03-20T15:14:44","slug":"refractometer-d-d-aquarium-solutions","status":"publish","type":"product","link":"https:\/\/www.seaflowerstore.com\/de\/refractometer-d-d-aquarium-solutions\/","title":{"rendered":"Refractometer D-D Aquarium Solutions"},"content":{"rendered":"<h2>SEAWATER Refractometer from DD Aquarium<\/h2>\n<p>Was unterscheidet unser NEUES Refraktometer vom Rest? Sie fragen sich vielleicht. Die meisten f\u00fcr Aquarianer erh\u00e4ltlichen Refraktometer sind speziell f\u00fcr die Messung von Salzwasser (Natriumchlorid oder Salzl\u00f6sung) konzipiert, nicht f\u00fcr echtes Meerwasser. Meerwasser besteht zwar haupts\u00e4chlich aus Natriumchlorid, enth\u00e4lt aber auch andere wichtige Elemente wie Magnesium und Kalzium. Diese Elemente k\u00f6nnen den Brechungsindex leicht ver\u00e4ndern, was zu unterschiedlichen Ergebnissen f\u00fchrt.<\/p>\n<p>Das h\u00e4ufigste Problem, das durch diesen Unterschied im Brechungsindex verursacht wird, wird deutlich, wenn Salz gem\u00e4\u00df den Anweisungen des Herstellers gemischt wird. Oft scheint die resultierende L\u00f6sung weniger Elemente zu enthalten als angegeben. In Wirklichkeit sind die Werte tats\u00e4chlich niedrig, wenn der Salzgehalt nicht so hoch ist, wie der Aquarianer glaubt. Viele von uns haben bei verschiedenen Salzmarken niedrige Kalzium- oder Magnesiumwerte f\u00fcr eine bestimmte Dichte (SG) festgestellt.<\/p>\n<p>Es ist interessant festzustellen, dass eine 35-ppt-L\u00f6sung aus echtem Meerwasser denselben Brechungsindex hat wie eine 36,5-ppt-L\u00f6sung aus Salzl\u00f6sung. Dies bedeutet, dass bei Verwendung eines Sole- oder Salzrefraktometers die Salzgehaltswerte um 1,5\u00a0Pkt untersch\u00e4tzt werden k\u00f6nnen. Aquarianer k\u00f6nnen diese Diskrepanz erkl\u00e4ren, aber nur, wenn sie den Unterschied verstehen.<\/p>\n<p>Nach umfangreicher Entwicklung behebt unser neues DD-Refraktometer dieses Problem und liefert bei richtiger Kalibrierung (mit Osmosewasser) genaue Salzgehaltsergebnisse und bietet eine h\u00f6here Genauigkeit als bisher m\u00f6glich.<\/p>\n<p><strong>Eigenschaften:<\/strong><\/p>\n<ul>\n<li>Echte Kalibrierung f\u00fcr Meerwassermessung.<\/li>\n<li>Eine neue feinere Skala von 20-40ppt Salzgehalt (SG 1,015 bis 1,030).<\/li>\n<li>20\/20-Kalibrierung bei Raumtemperatur f\u00fcr verbesserte Konsistenz und Genauigkeit im t\u00e4glichen Gebrauch.<\/li>\n<li>Vollautomatische Temperaturkompensation (ATC) im Bereich von 5 bis 30 \u00b0C.<\/li>\n<\/ul>\n<p><strong>** Kalibrierung mit Osmosewasser, Handbuch befindet sich unter dem Schaumgummi im Deckel. **<\/strong><\/p>\n","protected":false},"excerpt":{"rendered":"<p>Refractometer\u00a0for quickly and easily determining the salinity of your seawater<\/p>\n","protected":false},"featured_media":77115,"template":"","meta":[],"pwb-brand":[2137],"product_cat":[1503,1533,1400],"product_tag":[],"class_list":{"0":"post-88740","1":"product","2":"type-product","3":"status-publish","4":"has-post-thumbnail","6":"pwb-brand-d-d-the-aquarium-solution","7":"product_cat-salzmesser","8":"product_cat-dsr-empfohlen","9":"product_cat-tester","11":"first","12":"outofstock","13":"sale","14":"taxable","15":"shipping-taxable","16":"purchasable","17":"product-type-simple"},"acf":[],"brands":[{"id":2137,"name":"D-D the aquarium solution","slug":"d-d-the-aquarium-solution"}],"_links":{"self":[{"href":"https:\/\/www.seaflowerstore.com\/de\/wp-json\/wp\/v2\/product\/88740","targetHints":{"allow":["GET"]}}],"collection":[{"href":"https:\/\/www.seaflowerstore.com\/de\/wp-json\/wp\/v2\/product"}],"about":[{"href":"https:\/\/www.seaflowerstore.com\/de\/wp-json\/wp\/v2\/types\/product"}],"wp:featuredmedia":[{"embeddable":true,"href":"https:\/\/www.seaflowerstore.com\/de\/wp-json\/wp\/v2\/media\/77115"}],"wp:attachment":[{"href":"https:\/\/www.seaflowerstore.com\/de\/wp-json\/wp\/v2\/media?parent=88740"}],"wp:term":[{"taxonomy":"pwb-brand","embeddable":true,"href":"https:\/\/www.seaflowerstore.com\/de\/wp-json\/wp\/v2\/pwb-brand?post=88740"},{"taxonomy":"product_cat","embeddable":true,"href":"https:\/\/www.seaflowerstore.com\/de\/wp-json\/wp\/v2\/product_cat?post=88740"},{"taxonomy":"product_tag","embeddable":true,"href":"https:\/\/www.seaflowerstore.com\/de\/wp-json\/wp\/v2\/product_tag?post=88740"}],"curies":[{"name":"wp","href":"https:\/\/api.w.org\/{rel}","templated":true}]}}