{"id":88747,"date":"2011-08-14T17:54:37","date_gmt":"2011-08-14T17:54:37","guid":{"rendered":"https:\/\/www.seaflowerstore.com\/nl\/mag-float-large-size-l\/"},"modified":"2011-08-14T17:54:37","modified_gmt":"2022-04-15T11:58:28","slug":"mag-float-large-size-l","status":"publish","type":"product","link":"https:\/\/www.seaflowerstore.com\/de\/mag-float-large-size-l\/","title":{"rendered":"Mag Float Large (size L)"},"content":{"rendered":"<h2>Mag Float Large (size L) floating algae magnet<\/h2>\n<p><strong>Ma\u00dfe:<\/strong> 65mm x 80mm, geeignet f\u00fcr Glasst\u00e4rken bis 16mm. Die schwimmenden Algenmagnete bieten den gro\u00dfen Vorteil, dass der Magnet beim Loslassen nicht auf den Boden sinkt.<\/p>\n","protected":false},"excerpt":{"rendered":"<p>Mag Float Large (size L) floating algae magnet<\/p>\n","protected":false},"featured_media":77101,"template":"","meta":[],"pwb-brand":[2155],"product_cat":[1428],"product_tag":[],"class_list":{"0":"post-88747","1":"product","2":"type-product","3":"status-publish","4":"has-post-thumbnail","6":"pwb-brand-mag-floatoxford","7":"product_cat-algenmagnet","9":"first","10":"instock","11":"taxable","12":"shipping-taxable","13":"purchasable","14":"product-type-simple"},"acf":[],"brands":[{"id":2155,"name":"Mag-Float\/oxford","slug":"mag-floatoxford"}],"_links":{"self":[{"href":"https:\/\/www.seaflowerstore.com\/de\/wp-json\/wp\/v2\/product\/88747","targetHints":{"allow":["GET"]}}],"collection":[{"href":"https:\/\/www.seaflowerstore.com\/de\/wp-json\/wp\/v2\/product"}],"about":[{"href":"https:\/\/www.seaflowerstore.com\/de\/wp-json\/wp\/v2\/types\/product"}],"wp:featuredmedia":[{"embeddable":true,"href":"https:\/\/www.seaflowerstore.com\/de\/wp-json\/wp\/v2\/media\/77101"}],"wp:attachment":[{"href":"https:\/\/www.seaflowerstore.com\/de\/wp-json\/wp\/v2\/media?parent=88747"}],"wp:term":[{"taxonomy":"pwb-brand","embeddable":true,"href":"https:\/\/www.seaflowerstore.com\/de\/wp-json\/wp\/v2\/pwb-brand?post=88747"},{"taxonomy":"product_cat","embeddable":true,"href":"https:\/\/www.seaflowerstore.com\/de\/wp-json\/wp\/v2\/product_cat?post=88747"},{"taxonomy":"product_tag","embeddable":true,"href":"https:\/\/www.seaflowerstore.com\/de\/wp-json\/wp\/v2\/product_tag?post=88747"}],"curies":[{"name":"wp","href":"https:\/\/api.w.org\/{rel}","templated":true}]}}