{"id":88752,"date":"2011-08-12T09:57:31","date_gmt":"2011-08-12T07:57:31","guid":{"rendered":"https:\/\/www.seaflowerstore.com\/nl\/caribsea-levend-zand-01-1mm-9kg\/"},"modified":"2024-03-20T16:14:37","modified_gmt":"2024-03-20T15:14:37","slug":"caribsea-levend-zand-01-1mm-9kg","status":"publish","type":"product","link":"https:\/\/www.seaflowerstore.com\/de\/caribsea-levend-zand-01-1mm-9kg\/","title":{"rendered":"CaribSea levend zand 0,1-1mm 9kg"},"content":{"rendered":"<h2>CaribSea levend zand 0,1-1mm 9kg<\/h2>\n<p><strong>CaribSea Lebendsand 9 kg 0,1-1 mm<\/strong><\/p>\n<p>Ocean Direct &trade; ist ein wundersch\u00f6ner nat\u00fcrlicher wei\u00dfer Sand, der Millionen n\u00fctzlicher Bakterien beheimatet. Er ist au\u00dferdem voller Spurenelemente und damit eine gro\u00dfartige Wahl f\u00fcr die schnelle Einrichtung eines stabilen Aquariums.<\/p>\n<p>Jede kleine Tasche Ocean Direct &trade; enth\u00e4lt bis zu 1000-mal mehr n\u00fctzliche Bakterien als andere Konservierungsmethoden. Jedes Korn ist mit Bakterien beschichtet und von einem d\u00fcnnen Film aus echtem Meerwasser umgeben, was einen hervorragenden Gasaustausch gew\u00e4hrleistet. Diese einzigartige Zusammensetzung f\u00fchrt zu hohen Konzentrationen nat\u00fcrlicher und n\u00fctzlicher Bakterien und verhindert gleichzeitig die sch\u00e4dliche Ansammlung von Stoffwechselnebenprodukten. Es hilft, Algen in Schach zu halten und f\u00f6rdert das Wachstum lebendiger lebender Korallen. Au\u00dferdem enth\u00e4lt es mehr als 7.000 ppm nat\u00fcrlich vorkommendes Strontium und ist v\u00f6llig silikatfrei.<\/p>\n","protected":false},"excerpt":{"rendered":"<p>very fine live sand<\/p>\n","protected":false},"featured_media":77094,"template":"","meta":[],"pwb-brand":[2143],"product_cat":[1473],"product_tag":[],"class_list":{"0":"post-88752","1":"product","2":"type-product","3":"status-publish","4":"has-post-thumbnail","6":"pwb-brand-caribsea","7":"product_cat-korallensand-kies-brueche","9":"first","10":"outofstock","11":"taxable","12":"shipping-taxable","13":"purchasable","14":"product-type-simple"},"acf":[],"brands":[{"id":2143,"name":"Caribsea","slug":"caribsea"}],"_links":{"self":[{"href":"https:\/\/www.seaflowerstore.com\/de\/wp-json\/wp\/v2\/product\/88752","targetHints":{"allow":["GET"]}}],"collection":[{"href":"https:\/\/www.seaflowerstore.com\/de\/wp-json\/wp\/v2\/product"}],"about":[{"href":"https:\/\/www.seaflowerstore.com\/de\/wp-json\/wp\/v2\/types\/product"}],"wp:featuredmedia":[{"embeddable":true,"href":"https:\/\/www.seaflowerstore.com\/de\/wp-json\/wp\/v2\/media\/77094"}],"wp:attachment":[{"href":"https:\/\/www.seaflowerstore.com\/de\/wp-json\/wp\/v2\/media?parent=88752"}],"wp:term":[{"taxonomy":"pwb-brand","embeddable":true,"href":"https:\/\/www.seaflowerstore.com\/de\/wp-json\/wp\/v2\/pwb-brand?post=88752"},{"taxonomy":"product_cat","embeddable":true,"href":"https:\/\/www.seaflowerstore.com\/de\/wp-json\/wp\/v2\/product_cat?post=88752"},{"taxonomy":"product_tag","embeddable":true,"href":"https:\/\/www.seaflowerstore.com\/de\/wp-json\/wp\/v2\/product_tag?post=88752"}],"curies":[{"name":"wp","href":"https:\/\/api.w.org\/{rel}","templated":true}]}}