{"id":88763,"date":"2011-08-09T17:12:48","date_gmt":"2011-08-09T15:12:48","guid":{"rendered":"https:\/\/www.seaflowerstore.com\/nl\/aquascape-aquarium-epoxy-grey\/"},"modified":"2026-04-24T10:16:02","modified_gmt":"2026-04-24T08:16:02","slug":"aquascape-aquarium-epoxy-grey","status":"publish","type":"product","link":"https:\/\/www.seaflowerstore.com\/de\/aquascape-aquarium-epoxy-grey\/","title":{"rendered":"Aquascape Aquarium EPOXY grey"},"content":{"rendered":"<h2>D-D AquaScape Aquarium EPOXY Grey is a two-part epoxy putty for use in salt water and freshwater aquariums<\/h2>\n<p>Aquascape ist ein speziell formulierter Zweikomponenten-Epoxidkitt von D-D f\u00fcr Salz- und S\u00fc\u00dfwasseraquarien sowie verschiedene Unterwasseranwendungen. In Meeresumgebungen eignet er sich perfekt zum Verkleben von lebendem Gestein, um komplexe Strukturen zu schaffen und hilft, Steinschl\u00e4ge durch Turboschnecken, Seeigel und starke Str\u00f6mungen zu verhindern. Er ist auch n\u00fctzlich, um Korallenfragmente vorzubereiten und Muschelbasen herzustellen, um sie vor Borstenw\u00fcrmern zu sch\u00fctzen.<\/p>\n<p>Au\u00dferdem kann Aquascape verwendet werden, um undichte Rohre zu reparieren, kaputte Ger\u00e4te zu reparieren oder Gegenst\u00e4nde an Aquarienglas zu kleben. Dieses Produkt ist klebriger als die meisten Epoxidharze, sodass es leichter an nassen Oberfl\u00e4chen haftet. Die violette Variante trocknet unter Wasser und passt sich der Farbe von Kalkalgen an. Dadurch wird das nat\u00fcrliche Erscheinungsbild Ihres Meerwasseraquariums verbessert, bevor es von echten Kalkalgen verkrustet wird. Es ist jedoch wichtig zu beachten, dass es nach dem Aush\u00e4rten au\u00dferhalb des Wassers einen dunkleren Farbton annimmt, der an tiefrote Korallenalgen erinnert.<\/p>\n<p>F\u00fcr S\u00fc\u00dfwasseraquarien und zur Reparatur von Auskleidungen oder vorgefertigten Teichen ist die Rock Grey-Version wahrscheinlich die bessere Wahl, aber beide Farben sind vielseitig genug, um in jeder Umgebung verwendet zu werden.<\/p>\n<p><strong>Vorgeschlagene Verwendungen<\/strong><\/p>\n<ul>\n<li>Verkleben von Stein mit Stein und Erstellen von Basen w\u00e4hrend der Aquascaping-Arbeit.<\/li>\n<li>Positionieren und Sichern von Korallen im Aquarium.<\/li>\n<li>Fragging von Korallen auf Frag-Basen.<\/li>\n<li>Erstellen von Basen f\u00fcr Muscheln.<\/li>\n<li>Reparatur von undichten Rohren und Ger\u00e4ten.<\/li>\n<li>Und 1001 weitere allgemeine Verwendungen im Aquarium und rund ums Haus.<\/li>\n<li>Perfekt zum Verkleben von Poolfliesen oder im Whirlpool.<\/li>\n<\/ul>\n<p><strong>Anwendungen f\u00fcr Aquascape in einem Meerwasseraquarium Aquarium<\/strong><\/p>\n<p><strong>Korallenfragmentierung und -vermehrung<\/strong><\/p>\n<p>Aquascape eignet sich hervorragend f\u00fcr die Arbeit mit Korallenfragmenten. Es kann Korallen effektiv an Fragmentbasen oder direkt an Felsen befestigen und wird leicht von Korallen oder Korallenalgen \u00fcberwuchert. Beim Platzieren gro\u00dfer Korallen empfehlen wir, Aquascape auf die Koralle aufzutragen und sie vor dem Platzieren vorsichtig in einem Beh\u00e4lter mit Aquariumwasser abzusp\u00fclen, um alle R\u00fcckst\u00e4nde zu entfernen.<\/p>\n<p><strong>Hinweis:<\/strong> Es ist wichtig, schwere Felsen, Korallen und \u00dcberh\u00e4nge zu st\u00fctzen, bis der Kitt fest wird.<\/p>\n<p><strong>Muschelschutz<\/strong><\/p>\n<p>Muscheln sind besonders anf\u00e4llig f\u00fcr Angriffe von Borstenw\u00fcrmern, insbesondere wenn sie auf Sand- oder Kiesb\u00f6den liegen. Wenn Sie in der Vergangenheit Muschelverluste erlebt haben, k\u00f6nnte dies der Grund sein, da Borstenw\u00fcrmer dazu neigen, die Basis der Muschel nachts anzugreifen und sie nach und nach von innen aufzufressen. Indem Sie eine Aquascape-Basis so formen, dass sie zur einzelnen Muschel passt, bevor Sie sie in das Aquarium legen, haftet die Muschel an der Aquascape-Basis und bietet so Schutz vor m\u00f6glichen Angriffen.<\/p>\n<p><strong>Felsstrukturen<\/strong><\/p>\n<p>Schnecken, Fische und Seeigel k\u00f6nnen dazu f\u00fchren, dass sich Felsen und Korallen im Aquarium verschieben oder umkippen. Daher ist es immer ratsam, Felsstrukturen und Korallen miteinander zu verbinden, um Steinschl\u00e4ge und Sch\u00e4den an Ihrem Aufbau zu verhindern. Aquascape-Kleckse k\u00f6nnen auch aufgetragen werden, um F\u00fc\u00dfe an der Basis von Fundamentfelsen zu bilden, was die Stabilit\u00e4t erh\u00f6ht und die Entwicklung anoxischer Bereiche verhindert, indem der Stein vom Untergrund abgehoben wird.<\/p>\n","protected":false},"excerpt":{"rendered":"<p>D-D AquaScape Aquarium EPOXY Grey is a two-part epoxy putty for use in salt water and freshwater aquariums<\/p>\n","protected":false},"featured_media":83459,"template":"","meta":[],"pwb-brand":[2137],"product_cat":[1405],"product_tag":[],"class_list":{"0":"post-88763","1":"product","2":"type-product","3":"status-publish","4":"has-post-thumbnail","6":"pwb-brand-d-d-the-aquarium-solution","7":"product_cat-korallenkleber-versiegelungsmittel","9":"first","10":"instock","11":"sale","12":"taxable","13":"shipping-taxable","14":"purchasable","15":"product-type-simple"},"acf":[],"brands":[{"id":2137,"name":"D-D the aquarium solution","slug":"d-d-the-aquarium-solution"}],"_links":{"self":[{"href":"https:\/\/www.seaflowerstore.com\/de\/wp-json\/wp\/v2\/product\/88763","targetHints":{"allow":["GET"]}}],"collection":[{"href":"https:\/\/www.seaflowerstore.com\/de\/wp-json\/wp\/v2\/product"}],"about":[{"href":"https:\/\/www.seaflowerstore.com\/de\/wp-json\/wp\/v2\/types\/product"}],"wp:featuredmedia":[{"embeddable":true,"href":"https:\/\/www.seaflowerstore.com\/de\/wp-json\/wp\/v2\/media\/83459"}],"wp:attachment":[{"href":"https:\/\/www.seaflowerstore.com\/de\/wp-json\/wp\/v2\/media?parent=88763"}],"wp:term":[{"taxonomy":"pwb-brand","embeddable":true,"href":"https:\/\/www.seaflowerstore.com\/de\/wp-json\/wp\/v2\/pwb-brand?post=88763"},{"taxonomy":"product_cat","embeddable":true,"href":"https:\/\/www.seaflowerstore.com\/de\/wp-json\/wp\/v2\/product_cat?post=88763"},{"taxonomy":"product_tag","embeddable":true,"href":"https:\/\/www.seaflowerstore.com\/de\/wp-json\/wp\/v2\/product_tag?post=88763"}],"curies":[{"name":"wp","href":"https:\/\/api.w.org\/{rel}","templated":true}]}}