{"id":88764,"date":"2011-08-09T17:11:57","date_gmt":"2011-08-09T15:11:57","guid":{"rendered":"https:\/\/www.seaflowerstore.com\/nl\/aquascape-aquarium-epoxy-purple\/"},"modified":"2025-12-06T13:01:04","modified_gmt":"2025-12-06T12:01:04","slug":"aquascape-aquarium-epoxy-purple","status":"publish","type":"product","link":"https:\/\/www.seaflowerstore.com\/de\/aquascape-aquarium-epoxy-purple\/","title":{"rendered":"Aquascape Aquarium EPOXY purple"},"content":{"rendered":"<h2>D-D Aqua Scape Purple is a two-part epoxy putty for use in salt water and freshwater aquariums<\/h2>\n<p>Aquascape ist ein Zweikomponenten-Epoxidkitt, der von D-D speziell f\u00fcr Salzwasser- und S\u00fc\u00dfwasseraquarien sowie verschiedene Unterwasseranwendungen entwickelt wurde. In Meerwasseraquarien eignet er sich perfekt zum Verkleben von lebendem Gestein, sodass Sie komplizierte Strukturen erstellen und Steinschl\u00e4ge durch Turboschnecken, Seeigel und starke Str\u00f6mungen verhindern k\u00f6nnen. Er ist auch n\u00fctzlich, um Korallenfragmente vorzubereiten und Muschelbasen zu erstellen, um sie vor Borstenw\u00fcrmern zu sch\u00fctzen, die sehr gef\u00e4hrlich sein k\u00f6nnen. Dar\u00fcber hinaus kann Aquascape verwendet werden, um undichte Rohrleitungen oder defekte Ger\u00e4te zu reparieren oder um Gegenst\u00e4nde an Aquarienglas zu kleben.<\/p>\n<p>Aquascape wurde so entwickelt, dass es klebriger ist als die meisten Epoxidharze, wodurch es sich leichter mit nassen Untergr\u00fcnden verbinden l\u00e4sst. Die violette Version trocknet unter Wasser und \u00e4hnelt der Farbe von Kalkalgen, wodurch sie sich nat\u00fcrlicher in ein Meerwasseraquarium einf\u00fcgt, bis sie mit echten Kalkalgen verkrustet ist. Es muss jedoch beachtet werden, dass sich die Farbe beim Aush\u00e4rten au\u00dferhalb des Wassers zu einem dunkleren Rot verdunkelt, das der Farbe von Korallenalgen \u00e4hnelt. F\u00fcr S\u00fc\u00dfwasseraquarien und die Reparatur von Auskleidungen in vorgefertigten Teichen ist die Rock Grey-Version m\u00f6glicherweise besser geeignet, aber beide Farben sind vielseitig genug f\u00fcr jede Umgebung.<\/p>\n<p><strong>Vorgeschlagene Verwendungen<\/strong><\/p>\n<ul>\n<li>Verkleben von Stein mit Stein und Erstellen von Basen w\u00e4hrend der Aquascaping-Arbeit.<\/li>\n<li>Positionieren und Verkleben von Korallen im Aquarium.<\/li>\n<li>Fragging von Korallen zu Frag-Basen.<\/li>\n<li>Erstellen von Muschelbasen.<\/li>\n<li>Reparatur von undichten Rohrleitungen und Ger\u00e4ten.<\/li>\n<li>Sowie zahlreiche andere allgemeine Verwendungen im Aquarium und rund ums Haus.<\/li>\n<\/ul>\n<p><strong>Anwendungen f\u00fcr Aquascape in einem Meerwasseraquarium<\/strong><\/p>\n<p><strong>Fragging und Vermehrung von Korallen<\/strong><\/p>\n<p>Aquascape eignet sich hervorragend f\u00fcr die Arbeit mit Korallenfragmenten. Es kann verwendet werden, um Korallen an Fragmentbasen oder direkt an Felsen zu befestigen, und es wird leicht von Korallen oder Korallenalgen \u00fcberwuchert. Beim Positionieren gr\u00f6\u00dferer Korallen ist es ratsam, das Aquascape auf die Koralle aufzutragen und es in einem Beh\u00e4lter mit Tankwasser abzusp\u00fclen, um alle R\u00fcckst\u00e4nde zu entfernen, bevor es an Ort und Stelle platziert wird.<\/p>\n<p><strong>Hinweis:<\/strong> Es ist wichtig, schwere Felsen, Korallen und \u00dcberh\u00e4nge zu st\u00fctzen, bis der Kitt richtig fest wird.<\/p>\n<p><strong>Muschelschutz<\/strong><\/p>\n<p>Muscheln sind besonders anf\u00e4llig f\u00fcr Borstenw\u00fcrmer, insbesondere wenn sie auf Sand- oder Kiesuntergr\u00fcnden platziert werden. Wenn Sie in der Vergangenheit Muschelsterben erlebt haben, kann dies der Grund sein, da die W\u00fcrmer nachts die Basis der Muschel angreifen und sie langsam von innen heraus auffressen k\u00f6nnen. Indem Sie eine Aquascape-Basis so formen, dass sie zur einzelnen Muschel passt, bevor Sie sie in das Aquarium setzen, haftet die Muschel an der Basis und sch\u00fctzt sich vor Angriffen.<\/p>\n<p><strong>Felsstrukturen<\/strong><\/p>\n<p>Schnecken, Fische und Seeigel k\u00f6nnen unbeabsichtigt Bewegungen verursachen und Felsen und Korallen im Aquarium umwerfen. Daher wird immer empfohlen, Felsstrukturen und Korallen miteinander zu verbinden, um Steinschl\u00e4ge und St\u00f6rungen des Systems zu verhindern. Aquascape-Kleckse k\u00f6nnen auch F\u00fc\u00dfe an der Basis von Grundgesteinen bilden, um zus\u00e4tzliche Stabilit\u00e4t zu gew\u00e4hrleisten und den Felsen \u00fcber den Untergrund zu heben, wodurch die Entwicklung anoxischer Bereiche verhindert wird.<\/p>\n","protected":false},"excerpt":{"rendered":"<p>D-D AquaScape Purple is a two-part epoxy putty for use in salt water and freshwater aquariums<\/p>\n","protected":false},"featured_media":83460,"template":"","meta":[],"pwb-brand":[2137],"product_cat":[1405],"product_tag":[],"class_list":{"0":"post-88764","1":"product","2":"type-product","3":"status-publish","4":"has-post-thumbnail","6":"pwb-brand-d-d-the-aquarium-solution","7":"product_cat-korallenkleber-versiegelungsmittel","9":"first","10":"instock","11":"sale","12":"taxable","13":"shipping-taxable","14":"purchasable","15":"product-type-simple"},"acf":[],"brands":[{"id":2137,"name":"D-D the aquarium solution","slug":"d-d-the-aquarium-solution"}],"_links":{"self":[{"href":"https:\/\/www.seaflowerstore.com\/de\/wp-json\/wp\/v2\/product\/88764","targetHints":{"allow":["GET"]}}],"collection":[{"href":"https:\/\/www.seaflowerstore.com\/de\/wp-json\/wp\/v2\/product"}],"about":[{"href":"https:\/\/www.seaflowerstore.com\/de\/wp-json\/wp\/v2\/types\/product"}],"wp:featuredmedia":[{"embeddable":true,"href":"https:\/\/www.seaflowerstore.com\/de\/wp-json\/wp\/v2\/media\/83460"}],"wp:attachment":[{"href":"https:\/\/www.seaflowerstore.com\/de\/wp-json\/wp\/v2\/media?parent=88764"}],"wp:term":[{"taxonomy":"pwb-brand","embeddable":true,"href":"https:\/\/www.seaflowerstore.com\/de\/wp-json\/wp\/v2\/pwb-brand?post=88764"},{"taxonomy":"product_cat","embeddable":true,"href":"https:\/\/www.seaflowerstore.com\/de\/wp-json\/wp\/v2\/product_cat?post=88764"},{"taxonomy":"product_tag","embeddable":true,"href":"https:\/\/www.seaflowerstore.com\/de\/wp-json\/wp\/v2\/product_tag?post=88764"}],"curies":[{"name":"wp","href":"https:\/\/api.w.org\/{rel}","templated":true}]}}