{"id":88776,"date":"2011-06-05T14:11:40","date_gmt":"2011-06-05T12:11:40","guid":{"rendered":"https:\/\/www.seaflowerstore.com\/nl\/ph-controller-without-probe\/"},"modified":"2024-03-20T16:14:25","modified_gmt":"2024-03-20T15:14:25","slug":"ph-controller-without-probe","status":"publish","type":"product","link":"https:\/\/www.seaflowerstore.com\/de\/ph-controller-without-probe\/","title":{"rendered":"pH controller without probe"},"content":{"rendered":"<h2>pH controller without probe<\/h2>\n<p><strong>pH-Regler ohne Messstift<\/strong><\/p>\n<p>Der Aqua Medic pH-Regler ist ein zuverl\u00e4ssiges Ger\u00e4t zur Messung und Regelung des pH-Werts in Aquarien. In Verbindung mit einem CO2-System \u00fcber ein Magnetventil erm\u00f6glicht er die Stabilisierung des pH-Werts und gleichzeitig die einfache Einstellung der gew\u00fcnschten CO2-Dosierung. Dieses benutzerfreundliche Ger\u00e4t verf\u00fcgt \u00fcber ein gro\u00dfes LED-Display und der Regelbereich kann digital von pH 3,5 bis 10,5 eingestellt werden. F\u00fcr eine optimale Leistung empfiehlt sich die Verwendung der Original-Aqua Medic-Elektrode mit Kunststoffgeh\u00e4use, die \u00fcber einen Standard-BNC-Anschluss (Bajonett) angeschlossen wird.<\/p>\n","protected":false},"excerpt":{"rendered":"<p>pH controller without probe<\/p>\n","protected":false},"featured_media":77050,"template":"","meta":[],"pwb-brand":[2149],"product_cat":[1408,1421],"product_tag":[],"class_list":{"0":"post-88776","1":"product","2":"type-product","3":"status-publish","4":"has-post-thumbnail","6":"pwb-brand-aqua-medic","7":"product_cat-computer-de","8":"product_cat-aqua-medic-de","10":"first","11":"instock","12":"taxable","13":"shipping-taxable","14":"purchasable","15":"product-type-simple"},"acf":[],"brands":[{"id":2149,"name":"Aqua Medic","slug":"aqua-medic"}],"_links":{"self":[{"href":"https:\/\/www.seaflowerstore.com\/de\/wp-json\/wp\/v2\/product\/88776","targetHints":{"allow":["GET"]}}],"collection":[{"href":"https:\/\/www.seaflowerstore.com\/de\/wp-json\/wp\/v2\/product"}],"about":[{"href":"https:\/\/www.seaflowerstore.com\/de\/wp-json\/wp\/v2\/types\/product"}],"wp:featuredmedia":[{"embeddable":true,"href":"https:\/\/www.seaflowerstore.com\/de\/wp-json\/wp\/v2\/media\/77050"}],"wp:attachment":[{"href":"https:\/\/www.seaflowerstore.com\/de\/wp-json\/wp\/v2\/media?parent=88776"}],"wp:term":[{"taxonomy":"pwb-brand","embeddable":true,"href":"https:\/\/www.seaflowerstore.com\/de\/wp-json\/wp\/v2\/pwb-brand?post=88776"},{"taxonomy":"product_cat","embeddable":true,"href":"https:\/\/www.seaflowerstore.com\/de\/wp-json\/wp\/v2\/product_cat?post=88776"},{"taxonomy":"product_tag","embeddable":true,"href":"https:\/\/www.seaflowerstore.com\/de\/wp-json\/wp\/v2\/product_tag?post=88776"}],"curies":[{"name":"wp","href":"https:\/\/api.w.org\/{rel}","templated":true}]}}