{"id":88777,"date":"2011-06-05T14:10:00","date_gmt":"2011-06-05T12:10:00","guid":{"rendered":"https:\/\/www.seaflowerstore.com\/nl\/aqua-medic-ph-computer-set\/"},"modified":"2024-03-20T16:14:24","modified_gmt":"2024-03-20T15:14:24","slug":"aqua-medic-ph-computer-set","status":"publish","type":"product","link":"https:\/\/www.seaflowerstore.com\/de\/aqua-medic-ph-computer-set\/","title":{"rendered":"Aqua Medic pH-computer Set"},"content":{"rendered":"<h2>Aqua Medic pH-computer Set Microprocessor controlled pH monitor and controller<\/h2>\n<p>Das Aqua Medic pH-Computer-Set ist mit einem modernen Mikroprozessor ausgestattet, der eine pr\u00e4zise Messsteuerung gew\u00e4hrleistet. Dieses Ger\u00e4t ist f\u00fcr die Verwaltung des pH-Werts in Ihrem Aquarium oder Reaktor konzipiert und ist somit ein unverzichtbares Werkzeug zur genauen Steuerung Ihres Kalkreaktors.<\/p>\n<p>Sie haben die M\u00f6glichkeit, den Computer an eine externe Steckdose anzuschlie\u00dfen, wodurch eine Ausgangsleistung von 500 Watt erreicht wird. Wenn Sie au\u00dferdem die Kalibrierungstaste ausw\u00e4hlen, kalibriert sich das Ger\u00e4t automatisch auf die Elektrode.<\/p>\n<p>Im Lieferumfang des pH-Computer-Sets ist eine Kunststoff-pH-Elektrode mit BNC-Anschluss sowie die entsprechenden Kalibrierungsfl\u00fcssigkeiten f\u00fcr den Einstieg enthalten.<\/p>\n","protected":false},"excerpt":{"rendered":"<p>Aqua Medic pH-computer Set Microprocessor controlled pH monitor and controller<\/p>\n","protected":false},"featured_media":84379,"template":"","meta":[],"pwb-brand":[2149],"product_cat":[1421,1408],"product_tag":[],"class_list":{"0":"post-88777","1":"product","2":"type-product","3":"status-publish","4":"has-post-thumbnail","6":"pwb-brand-aqua-medic","7":"product_cat-aqua-medic-de","8":"product_cat-computer-de","10":"first","11":"instock","12":"taxable","13":"shipping-taxable","14":"purchasable","15":"product-type-simple"},"acf":[],"brands":[{"id":2149,"name":"Aqua Medic","slug":"aqua-medic"}],"_links":{"self":[{"href":"https:\/\/www.seaflowerstore.com\/de\/wp-json\/wp\/v2\/product\/88777","targetHints":{"allow":["GET"]}}],"collection":[{"href":"https:\/\/www.seaflowerstore.com\/de\/wp-json\/wp\/v2\/product"}],"about":[{"href":"https:\/\/www.seaflowerstore.com\/de\/wp-json\/wp\/v2\/types\/product"}],"wp:featuredmedia":[{"embeddable":true,"href":"https:\/\/www.seaflowerstore.com\/de\/wp-json\/wp\/v2\/media\/84379"}],"wp:attachment":[{"href":"https:\/\/www.seaflowerstore.com\/de\/wp-json\/wp\/v2\/media?parent=88777"}],"wp:term":[{"taxonomy":"pwb-brand","embeddable":true,"href":"https:\/\/www.seaflowerstore.com\/de\/wp-json\/wp\/v2\/pwb-brand?post=88777"},{"taxonomy":"product_cat","embeddable":true,"href":"https:\/\/www.seaflowerstore.com\/de\/wp-json\/wp\/v2\/product_cat?post=88777"},{"taxonomy":"product_tag","embeddable":true,"href":"https:\/\/www.seaflowerstore.com\/de\/wp-json\/wp\/v2\/product_tag?post=88777"}],"curies":[{"name":"wp","href":"https:\/\/api.w.org\/{rel}","templated":true}]}}