{"id":88778,"date":"2011-06-05T13:53:10","date_gmt":"2011-06-05T11:53:10","guid":{"rendered":"https:\/\/www.seaflowerstore.com\/nl\/mv-controller-without-probe\/"},"modified":"2024-03-20T16:14:23","modified_gmt":"2024-03-20T15:14:23","slug":"mv-controller-without-probe","status":"publish","type":"product","link":"https:\/\/www.seaflowerstore.com\/de\/mv-controller-without-probe\/","title":{"rendered":"mV controller without probe"},"content":{"rendered":"<h2> AquaMedic mV controller without measuring pen <\/h2>\n<p><span style=\"font-size: small\">Wir pr\u00e4sentieren das Redoxpotential-Mess- und Steuerger\u00e4t von Aqua Medic.<\/span><\/p>\n<p><span style=\"font-size: small\">Der mV-Regler ist f\u00fcr die Messung und Regelung des Redoxpotentials in Aquarien konzipiert. Er arbeitet in einem Regelbereich von \u2013500 mV bis +500 mV und sein Messbereich reicht von \u20131.000 bis +1.000 mV.<\/span><\/p>\n<p><span style=\"font-size: small\">Dieses Ger\u00e4t eignet sich perfekt f\u00fcr den Einsatz in Meerwasseraquarien zur Steuerung von Ozonanlagen. Es funktioniert auch gut in S\u00fc\u00dfwasser- und Meerwasserumgebungen, um die Nitratreduzierung in anaeroben Filtern wie dem Aqua Medic Nitratreduzierer zu \u00fcberwachen. Der Regler verf\u00fcgt \u00fcber einen Standard-BNC-Anschluss (Bajonett) f\u00fcr die Elektrode. F\u00fcr optimale Leistung empfehlen wir die Verwendung der Original Aqua Medic Elektrode mit Kunststoffgeh\u00e4use.<\/span><\/p>\n<p><strong><span style=\"font-size: small\">** ohne mV-Messstift ** <br \/><\/span><\/strong><\/p>\n<p>Modell: AM-200.05<\/p>\n","protected":false},"excerpt":{"rendered":"<p>Redox potential Measuring and control device from Aqua Medic<\/p>\n","protected":false},"featured_media":77046,"template":"","meta":[],"pwb-brand":[2149],"product_cat":[1421,1408,1427],"product_tag":[],"class_list":{"0":"post-88778","1":"product","2":"type-product","3":"status-publish","4":"has-post-thumbnail","6":"pwb-brand-aqua-medic","7":"product_cat-aqua-medic-de","8":"product_cat-computer-de","9":"product_cat-ozon-de","11":"first","12":"instock","13":"taxable","14":"shipping-taxable","15":"purchasable","16":"product-type-simple"},"acf":[],"brands":[{"id":2149,"name":"Aqua Medic","slug":"aqua-medic"}],"_links":{"self":[{"href":"https:\/\/www.seaflowerstore.com\/de\/wp-json\/wp\/v2\/product\/88778","targetHints":{"allow":["GET"]}}],"collection":[{"href":"https:\/\/www.seaflowerstore.com\/de\/wp-json\/wp\/v2\/product"}],"about":[{"href":"https:\/\/www.seaflowerstore.com\/de\/wp-json\/wp\/v2\/types\/product"}],"wp:featuredmedia":[{"embeddable":true,"href":"https:\/\/www.seaflowerstore.com\/de\/wp-json\/wp\/v2\/media\/77046"}],"wp:attachment":[{"href":"https:\/\/www.seaflowerstore.com\/de\/wp-json\/wp\/v2\/media?parent=88778"}],"wp:term":[{"taxonomy":"pwb-brand","embeddable":true,"href":"https:\/\/www.seaflowerstore.com\/de\/wp-json\/wp\/v2\/pwb-brand?post=88778"},{"taxonomy":"product_cat","embeddable":true,"href":"https:\/\/www.seaflowerstore.com\/de\/wp-json\/wp\/v2\/product_cat?post=88778"},{"taxonomy":"product_tag","embeddable":true,"href":"https:\/\/www.seaflowerstore.com\/de\/wp-json\/wp\/v2\/product_tag?post=88778"}],"curies":[{"name":"wp","href":"https:\/\/api.w.org\/{rel}","templated":true}]}}