{"id":88779,"date":"2011-06-05T13:50:16","date_gmt":"2011-06-05T11:50:16","guid":{"rendered":"https:\/\/www.seaflowerstore.com\/nl\/aquamedic-mv-computer-set\/"},"modified":"2024-03-20T16:14:22","modified_gmt":"2024-03-20T15:14:22","slug":"aquamedic-mv-computer-set","status":"publish","type":"product","link":"https:\/\/www.seaflowerstore.com\/de\/aquamedic-mv-computer-set\/","title":{"rendered":"AquaMedic mV computer-Set"},"content":{"rendered":"<h2>AquaMedic mV computer-Set for Redox control<\/h2>\n<p>Das mV-Computer-Set verwendet dieselbe fortschrittliche Mikroprozessortechnologie wie das pH-Computer-Set. Es verf\u00fcgt \u00fcber wasserdichte Touch-Tasten, mit denen Sie Ihre gew\u00fcnschten Werte einfach einstellen und die Elektrode kalibrieren k\u00f6nnen.<\/p>\n<p>Dieses mV-Computer-Set eignet sich perfekt f\u00fcr die Steuerung anaerober biologischer Filter wie des Nitratreductors, die mit einem negativen Redoxpotential arbeiten. Es kann auch die Ozonzufuhr zu Ihrem Aquarium steuern oder das Redoxpotential des Aquarienwassers \u00fcberwachen.<\/p>\n<p>All diese Funktionen werden durch den umfangreichen Mess- und Regelbereich des Computers von \u2013500 bis +1000 mV erm\u00f6glicht. Sie haben die Flexibilit\u00e4t, die Regelrichtung entweder nach oben oder nach unten einzustellen. Der aktuelle Status der Regelrichtung und des Ausgangs wird deutlich auf LED-Anzeigen angezeigt.<\/p>\n<p>Im Set enthalten ist eine mV-Elektrode mit Kunststoffschaft und BNC-Anschluss sowie Kalibrierfl\u00fcssigkeit, um optimale Leistung zu gew\u00e4hrleisten.<\/p>\n","protected":false},"excerpt":{"rendered":"<p>AquaMedic mV computer-Set for Redox control<\/p>\n","protected":false},"featured_media":83409,"template":"","meta":[],"pwb-brand":[2149],"product_cat":[1421,1408,1427],"product_tag":[],"class_list":{"0":"post-88779","1":"product","2":"type-product","3":"status-publish","4":"has-post-thumbnail","6":"pwb-brand-aqua-medic","7":"product_cat-aqua-medic-de","8":"product_cat-computer-de","9":"product_cat-ozon-de","11":"first","12":"outofstock","13":"taxable","14":"shipping-taxable","15":"purchasable","16":"product-type-simple"},"acf":[],"brands":[{"id":2149,"name":"Aqua Medic","slug":"aqua-medic"}],"_links":{"self":[{"href":"https:\/\/www.seaflowerstore.com\/de\/wp-json\/wp\/v2\/product\/88779","targetHints":{"allow":["GET"]}}],"collection":[{"href":"https:\/\/www.seaflowerstore.com\/de\/wp-json\/wp\/v2\/product"}],"about":[{"href":"https:\/\/www.seaflowerstore.com\/de\/wp-json\/wp\/v2\/types\/product"}],"wp:featuredmedia":[{"embeddable":true,"href":"https:\/\/www.seaflowerstore.com\/de\/wp-json\/wp\/v2\/media\/83409"}],"wp:attachment":[{"href":"https:\/\/www.seaflowerstore.com\/de\/wp-json\/wp\/v2\/media?parent=88779"}],"wp:term":[{"taxonomy":"pwb-brand","embeddable":true,"href":"https:\/\/www.seaflowerstore.com\/de\/wp-json\/wp\/v2\/pwb-brand?post=88779"},{"taxonomy":"product_cat","embeddable":true,"href":"https:\/\/www.seaflowerstore.com\/de\/wp-json\/wp\/v2\/product_cat?post=88779"},{"taxonomy":"product_tag","embeddable":true,"href":"https:\/\/www.seaflowerstore.com\/de\/wp-json\/wp\/v2\/product_tag?post=88779"}],"curies":[{"name":"wp","href":"https:\/\/api.w.org\/{rel}","templated":true}]}}