{"id":88782,"date":"2011-06-05T13:16:57","date_gmt":"2011-06-05T11:16:57","guid":{"rendered":"https:\/\/www.seaflowerstore.com\/nl\/scraper\/"},"modified":"2024-03-20T16:14:20","modified_gmt":"2024-03-20T15:14:20","slug":"scraper","status":"publish","type":"product","link":"https:\/\/www.seaflowerstore.com\/de\/scraper\/","title":{"rendered":"Scraper"},"content":{"rendered":"<h2>Scraper<\/h2>\n<p><strong>Schaber von Aqua Medic (AM-66000)<\/strong><\/p>\n<p>Der Schaber ist ein vielseitiger Fensterreiniger mit Messer. Die 15 cm breite Klinge entfernt effektiv selbst hartn\u00e4ckigsten Schmutz, wie Kalkalgen, von Ihren Aquarienscheiben. Die Klingen sind aus speziellem Edelstahl gefertigt und sorgen so f\u00fcr eine lange Lebensdauer. Die abnehmbare Schutzabdeckung verf\u00fcgt zudem \u00fcber einen Gummiwischer, der die Reinigung der Aquarienscheibe von au\u00dfen erleichtert.<\/p>\n<p>Das Besondere an diesem Werkzeug ist sein einzigartiges Scharnier, mit dem sich das Messer um bis zu 180 Grad verstellen l\u00e4sst. Diese Funktion erm\u00f6glicht Ihnen die Reinigung schwer erreichbarer Stellen, insbesondere wenn Dekorationen wie Steine \u200b\u200boder Treibholz nah am Glas platziert sind. Dar\u00fcber hinaus verf\u00fcgt der Griff \u00fcber ein 1\/2&#8243;-Gewinde, sodass Sie den Schaber mit einem Drahtende (1\/2&#8243; x 20) und einem PVC-Rohr D20 ganz nach Ihren W\u00fcnschen verl\u00e4ngern k\u00f6nnen.<\/p>\n","protected":false},"excerpt":{"rendered":"<p>multifunction window cleaner with a knife<\/p>\n","protected":false},"featured_media":77040,"template":"","meta":[],"pwb-brand":[2149],"product_cat":[1479,1421],"product_tag":[],"class_list":{"0":"post-88782","1":"product","2":"type-product","3":"status-publish","4":"has-post-thumbnail","6":"pwb-brand-aqua-medic","7":"product_cat-algenkrabben","8":"product_cat-aqua-medic-de","10":"first","11":"instock","12":"sale","13":"taxable","14":"shipping-taxable","15":"purchasable","16":"product-type-simple"},"acf":[],"brands":[{"id":2149,"name":"Aqua Medic","slug":"aqua-medic"}],"_links":{"self":[{"href":"https:\/\/www.seaflowerstore.com\/de\/wp-json\/wp\/v2\/product\/88782","targetHints":{"allow":["GET"]}}],"collection":[{"href":"https:\/\/www.seaflowerstore.com\/de\/wp-json\/wp\/v2\/product"}],"about":[{"href":"https:\/\/www.seaflowerstore.com\/de\/wp-json\/wp\/v2\/types\/product"}],"wp:featuredmedia":[{"embeddable":true,"href":"https:\/\/www.seaflowerstore.com\/de\/wp-json\/wp\/v2\/media\/77040"}],"wp:attachment":[{"href":"https:\/\/www.seaflowerstore.com\/de\/wp-json\/wp\/v2\/media?parent=88782"}],"wp:term":[{"taxonomy":"pwb-brand","embeddable":true,"href":"https:\/\/www.seaflowerstore.com\/de\/wp-json\/wp\/v2\/pwb-brand?post=88782"},{"taxonomy":"product_cat","embeddable":true,"href":"https:\/\/www.seaflowerstore.com\/de\/wp-json\/wp\/v2\/product_cat?post=88782"},{"taxonomy":"product_tag","embeddable":true,"href":"https:\/\/www.seaflowerstore.com\/de\/wp-json\/wp\/v2\/product_tag?post=88782"}],"curies":[{"name":"wp","href":"https:\/\/api.w.org\/{rel}","templated":true}]}}