{"id":88783,"date":"2011-06-05T13:14:39","date_gmt":"2011-06-05T11:14:39","guid":{"rendered":"https:\/\/www.seaflowerstore.com\/nl\/trap-pest\/"},"modified":"2024-03-20T16:14:19","modified_gmt":"2024-03-20T15:14:19","slug":"trap-pest","status":"publish","type":"product","link":"https:\/\/www.seaflowerstore.com\/de\/trap-pest\/","title":{"rendered":"Trap pest"},"content":{"rendered":"<h2>Aqua Medic Trap pest the universal trap for crabs, snails and bristle worms for fresh and sea water<\/h2>\n<p>Die Trap Plague ist eine automatische L\u00f6sung, um l\u00e4stige Borstenw\u00fcrmer, Krabben und Schnecken aus Ihrem Aquarium zu entfernen. Diese ungebetenen G\u00e4ste kriechen durch einen Trichter in die Falle und k\u00f6nnen nicht entkommen. Krabben und Schnecken k\u00f6nnen nur in einer Richtung durch ein Sieb hinein, das auch ihr Entkommen verhindert.<\/p>\n<p>Diese Falle ist benutzerfreundlich und l\u00e4sst sich bequem von au\u00dfen bedienen.<\/p>\n<p><strong>Ma\u00dfe:<\/strong> 15 x 7 x 7 cm (L x B x H)<\/p>\n","protected":false},"excerpt":{"rendered":"<p>Aqua Medic Trap-plague the universal trap for crabs, snails and bristle worms for freshwater and seawater aquarium<\/p>\n","protected":false},"featured_media":77038,"template":"","meta":[],"pwb-brand":[2149],"product_cat":[1421,1431,1451],"product_tag":[],"class_list":{"0":"post-88783","1":"product","2":"type-product","3":"status-publish","4":"has-post-thumbnail","6":"pwb-brand-aqua-medic","7":"product_cat-aqua-medic-de","8":"product_cat-nuetzliche-artikel","9":"product_cat-zubehoer","11":"first","12":"instock","13":"taxable","14":"shipping-taxable","15":"purchasable","16":"product-type-simple"},"acf":[],"brands":[{"id":2149,"name":"Aqua Medic","slug":"aqua-medic"}],"_links":{"self":[{"href":"https:\/\/www.seaflowerstore.com\/de\/wp-json\/wp\/v2\/product\/88783","targetHints":{"allow":["GET"]}}],"collection":[{"href":"https:\/\/www.seaflowerstore.com\/de\/wp-json\/wp\/v2\/product"}],"about":[{"href":"https:\/\/www.seaflowerstore.com\/de\/wp-json\/wp\/v2\/types\/product"}],"wp:featuredmedia":[{"embeddable":true,"href":"https:\/\/www.seaflowerstore.com\/de\/wp-json\/wp\/v2\/media\/77038"}],"wp:attachment":[{"href":"https:\/\/www.seaflowerstore.com\/de\/wp-json\/wp\/v2\/media?parent=88783"}],"wp:term":[{"taxonomy":"pwb-brand","embeddable":true,"href":"https:\/\/www.seaflowerstore.com\/de\/wp-json\/wp\/v2\/pwb-brand?post=88783"},{"taxonomy":"product_cat","embeddable":true,"href":"https:\/\/www.seaflowerstore.com\/de\/wp-json\/wp\/v2\/product_cat?post=88783"},{"taxonomy":"product_tag","embeddable":true,"href":"https:\/\/www.seaflowerstore.com\/de\/wp-json\/wp\/v2\/product_tag?post=88783"}],"curies":[{"name":"wp","href":"https:\/\/api.w.org\/{rel}","templated":true}]}}