{"id":88785,"date":"2011-06-05T13:11:07","date_gmt":"2011-06-05T11:11:07","guid":{"rendered":"https:\/\/www.seaflowerstore.com\/nl\/reef-construct\/"},"modified":"2024-03-20T16:14:16","modified_gmt":"2024-03-20T15:14:16","slug":"reef-construct","status":"publish","type":"product","link":"https:\/\/www.seaflowerstore.com\/de\/reef-construct\/","title":{"rendered":"Reef Construct"},"content":{"rendered":"<h2>Aqua Medic Reef Construct 2-component epoxy resin for attaching, among other things, live rocks and corals in the aquarium<\/h2>\n<p>Wir stellen das 2-Komponenten-Epoxidharz vor, das eine zuverl\u00e4ssige L\u00f6sung zum Befestigen von lebenden Steinen und Korallen in Ihrem Aquarium bietet. <strong>Reef Construct<\/strong> wurde entwickelt, um verschiedene Herausforderungen sowohl in S\u00fc\u00dfwasser- als auch in Meerwasseraquarien zu meistern.<\/p>\n<p>Mit diesem Produkt k\u00f6nnen Sie sicher atemberaubende Steinformationen erstellen und Wirbellose, die auf sehr kleinen Steinen landen, effektiv sichern. Dar\u00fcber hinaus k\u00f6nnen Steinkorallenstecklinge problemlos in der Dekoration Ihres Aquariums verankert oder auf gr\u00f6\u00dferen Steinen befestigt werden.<\/p>\n<p>Die Verwendung von <strong>Reef Construct<\/strong> ist ein Kinderspiel und kann sogar unter Wasser angewendet werden. Egal, ob Sie Steine \u200b\u200bverbinden oder mit Materialien wie Holz und Glas arbeiten, dieses Epoxidharz macht den Prozess unkompliziert und effizient.<\/p>\n","protected":false},"excerpt":{"rendered":"<p>Aqua Medic Reef Construct 2-component epoxy resin for attaching, among other things, live rocks and corals in the aquarium<\/p>\n","protected":false},"featured_media":77035,"template":"","meta":[],"pwb-brand":[2149],"product_cat":[1405,1421],"product_tag":[],"class_list":{"0":"post-88785","1":"product","2":"type-product","3":"status-publish","4":"has-post-thumbnail","6":"pwb-brand-aqua-medic","7":"product_cat-korallenkleber-versiegelungsmittel","8":"product_cat-aqua-medic-de","10":"first","11":"instock","12":"sale","13":"taxable","14":"shipping-taxable","15":"purchasable","16":"product-type-simple"},"acf":[],"brands":[{"id":2149,"name":"Aqua Medic","slug":"aqua-medic"}],"_links":{"self":[{"href":"https:\/\/www.seaflowerstore.com\/de\/wp-json\/wp\/v2\/product\/88785","targetHints":{"allow":["GET"]}}],"collection":[{"href":"https:\/\/www.seaflowerstore.com\/de\/wp-json\/wp\/v2\/product"}],"about":[{"href":"https:\/\/www.seaflowerstore.com\/de\/wp-json\/wp\/v2\/types\/product"}],"wp:featuredmedia":[{"embeddable":true,"href":"https:\/\/www.seaflowerstore.com\/de\/wp-json\/wp\/v2\/media\/77035"}],"wp:attachment":[{"href":"https:\/\/www.seaflowerstore.com\/de\/wp-json\/wp\/v2\/media?parent=88785"}],"wp:term":[{"taxonomy":"pwb-brand","embeddable":true,"href":"https:\/\/www.seaflowerstore.com\/de\/wp-json\/wp\/v2\/pwb-brand?post=88785"},{"taxonomy":"product_cat","embeddable":true,"href":"https:\/\/www.seaflowerstore.com\/de\/wp-json\/wp\/v2\/product_cat?post=88785"},{"taxonomy":"product_tag","embeddable":true,"href":"https:\/\/www.seaflowerstore.com\/de\/wp-json\/wp\/v2\/product_tag?post=88785"}],"curies":[{"name":"wp","href":"https:\/\/api.w.org\/{rel}","templated":true}]}}