{"id":88789,"date":"2011-06-05T13:01:57","date_gmt":"2011-06-05T11:01:57","guid":{"rendered":"https:\/\/www.seaflowerstore.com\/nl\/mega-mag-2\/"},"modified":"2024-03-20T16:14:12","modified_gmt":"2024-03-20T15:14:12","slug":"mega-mag-2","status":"publish","type":"product","link":"https:\/\/www.seaflowerstore.com\/de\/mega-mag-2\/","title":{"rendered":"Mega Mag 2"},"content":{"rendered":"<h2>Mega Mag 2<\/h2>\n<p><strong>Mega Mag 2 Magnetische Glasreiniger f\u00fcr Glasst\u00e4rken von 15 &#8211; 32 mm<\/strong><\/p>\n<p>Mega Mag Glasreiniger sind wasserdicht und rostbest\u00e4ndig und eignen sich daher sowohl f\u00fcr S\u00fc\u00dfwasser- als auch f\u00fcr Meerwasseranwendungen. Die <strong>gro\u00dfe Reinigungsfl\u00e4che von 105 x 80 mm<\/strong> macht den Reinigungsvorgang unkompliziert und erm\u00f6glicht den Zugang zu schwer erreichbaren Bereichen.<\/p>\n<p>Die inneren und \u00e4u\u00dferen Reinigungspads sowie die \u00e4u\u00dferen Kissen k\u00f6nnen leicht ausgetauscht werden. Zus\u00e4tzlich kann am inneren Magneten ein Reifen angebracht werden, der das einfache Entfernen der Magnete aus dem Wasser erleichtert. Mega Mag Glasreiniger sind mit au\u00dfergew\u00f6hnlich starken Neodym-Magneten ausgestattet, gehen Sie also vorsichtig damit um.<\/p>\n<p>Mega Mag Glasreiniger sind in zwei St\u00e4rken erh\u00e4ltlich:<\/p>\n<ul>\n<li>Mega Mag <strong>1<\/strong> f\u00fcr Glasdicken von <strong>ca. 10 &#8211; 19 mm<\/strong><\/li>\n<li>Mega Mag <strong>2<\/strong> f\u00fcr Glasdicken von <strong>ca. 15 &#8211; 32 mm<\/strong><\/li>\n<\/ul>\n","protected":false},"excerpt":{"rendered":"<p>For glass of approx. 15 &#8211; 32 mm<\/p>\n","protected":false},"featured_media":77027,"template":"","meta":[],"pwb-brand":[2149],"product_cat":[1428,1421],"product_tag":[],"class_list":{"0":"post-88789","1":"product","2":"type-product","3":"status-publish","4":"has-post-thumbnail","6":"pwb-brand-aqua-medic","7":"product_cat-algenmagnet","8":"product_cat-aqua-medic-de","10":"first","11":"outofstock","12":"taxable","13":"shipping-taxable","14":"purchasable","15":"product-type-simple"},"acf":[],"brands":[{"id":2149,"name":"Aqua Medic","slug":"aqua-medic"}],"_links":{"self":[{"href":"https:\/\/www.seaflowerstore.com\/de\/wp-json\/wp\/v2\/product\/88789","targetHints":{"allow":["GET"]}}],"collection":[{"href":"https:\/\/www.seaflowerstore.com\/de\/wp-json\/wp\/v2\/product"}],"about":[{"href":"https:\/\/www.seaflowerstore.com\/de\/wp-json\/wp\/v2\/types\/product"}],"wp:featuredmedia":[{"embeddable":true,"href":"https:\/\/www.seaflowerstore.com\/de\/wp-json\/wp\/v2\/media\/77027"}],"wp:attachment":[{"href":"https:\/\/www.seaflowerstore.com\/de\/wp-json\/wp\/v2\/media?parent=88789"}],"wp:term":[{"taxonomy":"pwb-brand","embeddable":true,"href":"https:\/\/www.seaflowerstore.com\/de\/wp-json\/wp\/v2\/pwb-brand?post=88789"},{"taxonomy":"product_cat","embeddable":true,"href":"https:\/\/www.seaflowerstore.com\/de\/wp-json\/wp\/v2\/product_cat?post=88789"},{"taxonomy":"product_tag","embeddable":true,"href":"https:\/\/www.seaflowerstore.com\/de\/wp-json\/wp\/v2\/product_tag?post=88789"}],"curies":[{"name":"wp","href":"https:\/\/api.w.org\/{rel}","templated":true}]}}