{"id":88791,"date":"2011-06-05T12:57:13","date_gmt":"2011-06-05T10:57:13","guid":{"rendered":"https:\/\/www.seaflowerstore.com\/nl\/mega-mag-1\/"},"modified":"2024-03-20T16:14:10","modified_gmt":"2024-03-20T15:14:10","slug":"mega-mag-1","status":"publish","type":"product","link":"https:\/\/www.seaflowerstore.com\/de\/mega-mag-1\/","title":{"rendered":"Mega Mag 1"},"content":{"rendered":"<h2> Aqua Medic Mega Mag 1 Magnetic glass cleaners for glass from 10 &#8211; 19 mm <\/h2>\n<p>Mega Mag Glasreiniger sind wasserdicht und rostbest\u00e4ndig und eignen sich daher sowohl f\u00fcr S\u00fc\u00df- als auch f\u00fcr Salzwasser. Mit einer gro\u00dfz\u00fcgigen Reinigungsfl\u00e4che von 105 x 80 mm sind diese Reiniger einfach zu verwenden und ihre einzigartige Kantenkonstruktion erm\u00f6glicht eine effektive Reinigung schwer erreichbarer Bereiche.<\/p>\n<p>Die Reinigungspads an den inneren Magneten sowie die Filzpads an den \u00e4u\u00dferen Magneten k\u00f6nnen leicht ausgetauscht werden. Zus\u00e4tzlich kann an den inneren Magneten ein Band angebracht werden, um sie bequem aus dem Wasser zu entfernen. Mega Mag Glasreiniger verf\u00fcgen \u00fcber au\u00dfergew\u00f6hnlich starke Neodym-Magnete, gehen Sie also bitte vorsichtig mit ihnen um.<\/p>\n<p>Mega Mag Glasreiniger gibt es in zwei St\u00e4rken:<\/p>\n<ul>\n<li><strong>Mega Mag 1:<\/strong> f\u00fcr Glasdicken von ca. 10 &#8211; 19 mm<\/li>\n<li><strong>Mega Mag 2:<\/strong> f\u00fcr Glasdicken von ca. 15 &#8211; 32 mm<\/li>\n<\/ul>\n","protected":false},"excerpt":{"rendered":"<p>Aqua Medic Mega Mag 1 Magnetic glass cleaners for glass from 10 &#8211; 19 mm<\/p>\n","protected":false},"featured_media":77023,"template":"","meta":[],"pwb-brand":[2149],"product_cat":[1428,1421,1488],"product_tag":[],"class_list":{"0":"post-88791","1":"product","2":"type-product","3":"status-publish","4":"has-post-thumbnail","6":"pwb-brand-aqua-medic","7":"product_cat-algenmagnet","8":"product_cat-aqua-medic-de","9":"product_cat-pflege","11":"first","12":"instock","13":"taxable","14":"shipping-taxable","15":"purchasable","16":"product-type-simple"},"acf":[],"brands":[{"id":2149,"name":"Aqua Medic","slug":"aqua-medic"}],"_links":{"self":[{"href":"https:\/\/www.seaflowerstore.com\/de\/wp-json\/wp\/v2\/product\/88791","targetHints":{"allow":["GET"]}}],"collection":[{"href":"https:\/\/www.seaflowerstore.com\/de\/wp-json\/wp\/v2\/product"}],"about":[{"href":"https:\/\/www.seaflowerstore.com\/de\/wp-json\/wp\/v2\/types\/product"}],"wp:featuredmedia":[{"embeddable":true,"href":"https:\/\/www.seaflowerstore.com\/de\/wp-json\/wp\/v2\/media\/77023"}],"wp:attachment":[{"href":"https:\/\/www.seaflowerstore.com\/de\/wp-json\/wp\/v2\/media?parent=88791"}],"wp:term":[{"taxonomy":"pwb-brand","embeddable":true,"href":"https:\/\/www.seaflowerstore.com\/de\/wp-json\/wp\/v2\/pwb-brand?post=88791"},{"taxonomy":"product_cat","embeddable":true,"href":"https:\/\/www.seaflowerstore.com\/de\/wp-json\/wp\/v2\/product_cat?post=88791"},{"taxonomy":"product_tag","embeddable":true,"href":"https:\/\/www.seaflowerstore.com\/de\/wp-json\/wp\/v2\/product_tag?post=88791"}],"curies":[{"name":"wp","href":"https:\/\/api.w.org\/{rel}","templated":true}]}}