{"id":88792,"date":"2011-06-05T12:50:58","date_gmt":"2011-06-05T10:50:58","guid":{"rendered":"https:\/\/www.seaflowerstore.com\/nl\/fish-trap\/"},"modified":"2024-03-20T16:14:08","modified_gmt":"2024-03-20T15:14:08","slug":"fish-trap","status":"publish","type":"product","link":"https:\/\/www.seaflowerstore.com\/de\/fish-trap\/","title":{"rendered":"Fish Trap"},"content":{"rendered":"<h2>Fish Trap \/ fish trap for catching a special fish in the aquarium<\/h2>\n<p>Es ist oft eine ziemliche Herausforderung, einen bestimmten Fisch in einem Aquarium zu fangen, insbesondere in Aquarien mit umfangreicher Steindekoration, wie Riffaquarien oder Aquarien f\u00fcr afrikanische Buntbarsche. Diese Aufgabe kann besonders knifflig sein, ohne das vorhandene Layout v\u00f6llig zu st\u00f6ren.<\/p>\n<p>Die Fischfalle ist eine clevere L\u00f6sung. Sie legen einfach etwas K\u00f6der hinein und sobald der Fisch hineingeht, schlie\u00dft sich die Falle ganz einfach mit einem manuellen Mechanismus. Eines der Hauptmerkmale dieser Falle ist ihr Design, das es Ihnen erm\u00f6glicht, sie aus dem Aquarium zu entfernen, w\u00e4hrend der Fisch darin bleibt, ohne das gesamte Wasser abzulassen. Das bedeutet, dass die Falle etwas Wasser zur\u00fcckh\u00e4lt, was dazu beitr\u00e4gt, den Stress f\u00fcr den Fisch w\u00e4hrend des Vorgangs zu minimieren.<\/p>\n<p><strong>Abmessungen:<\/strong> 21 x 17 x 17 cm (L x B x H)<\/p>\n","protected":false},"excerpt":{"rendered":"<p>Fish trap for catching a special fish in the aquarium<\/p>\n","protected":false},"featured_media":77021,"template":"","meta":[],"pwb-brand":[2149],"product_cat":[1431,1421],"product_tag":[],"class_list":{"0":"post-88792","1":"product","2":"type-product","3":"status-publish","4":"has-post-thumbnail","6":"pwb-brand-aqua-medic","7":"product_cat-nuetzliche-artikel","8":"product_cat-aqua-medic-de","10":"first","11":"instock","12":"taxable","13":"shipping-taxable","14":"purchasable","15":"product-type-simple"},"acf":[],"brands":[{"id":2149,"name":"Aqua Medic","slug":"aqua-medic"}],"_links":{"self":[{"href":"https:\/\/www.seaflowerstore.com\/de\/wp-json\/wp\/v2\/product\/88792","targetHints":{"allow":["GET"]}}],"collection":[{"href":"https:\/\/www.seaflowerstore.com\/de\/wp-json\/wp\/v2\/product"}],"about":[{"href":"https:\/\/www.seaflowerstore.com\/de\/wp-json\/wp\/v2\/types\/product"}],"wp:featuredmedia":[{"embeddable":true,"href":"https:\/\/www.seaflowerstore.com\/de\/wp-json\/wp\/v2\/media\/77021"}],"wp:attachment":[{"href":"https:\/\/www.seaflowerstore.com\/de\/wp-json\/wp\/v2\/media?parent=88792"}],"wp:term":[{"taxonomy":"pwb-brand","embeddable":true,"href":"https:\/\/www.seaflowerstore.com\/de\/wp-json\/wp\/v2\/pwb-brand?post=88792"},{"taxonomy":"product_cat","embeddable":true,"href":"https:\/\/www.seaflowerstore.com\/de\/wp-json\/wp\/v2\/product_cat?post=88792"},{"taxonomy":"product_tag","embeddable":true,"href":"https:\/\/www.seaflowerstore.com\/de\/wp-json\/wp\/v2\/product_tag?post=88792"}],"curies":[{"name":"wp","href":"https:\/\/api.w.org\/{rel}","templated":true}]}}