{"id":88794,"date":"2011-05-10T21:08:24","date_gmt":"2011-05-10T19:08:24","guid":{"rendered":"https:\/\/www.seaflowerstore.com\/nl\/aquatic-nature-silica-resin\/"},"modified":"2024-03-20T16:14:04","modified_gmt":"2024-03-20T15:14:04","slug":"aquatic-nature-silica-resin","status":"publish","type":"product","link":"https:\/\/www.seaflowerstore.com\/de\/aquatic-nature-silica-resin\/","title":{"rendered":"Aquatic Nature Silica resin"},"content":{"rendered":"<h2>Aquatic Nature Silica resin<\/h2>\n<h2>Aquatic Nature Aqua Pur Refill 1 Liter<\/h2>\n<p>Dieses Produkt beseitigt effektiv <strong>Phosphate<\/strong>, <strong>Nitrate<\/strong> und alle <strong>Silikate<\/strong>. <\/p>\n<p>Das Silikaharz ist zum Nachf\u00fcllen Ihres Silikafilters bestimmt. Bitte denken Sie daran, dass Sie den Filter zum Bef\u00fcllen \u00f6ffnen k\u00f6nnen. Die Vertex-Kartusche verf\u00fcgt \u00fcber einen Schraubverschluss, der das \u00d6ffnen sehr einfach macht. Ein 1-Liter-Beutel reicht aus, um eine 10-Zoll-Kartusche einmal nachzuf\u00fcllen.<\/p>\n","protected":false},"excerpt":{"rendered":"<p>Aquatic Nature Silica resin Completely removes PHOSPHATES, NITRATES and all SILICATES<\/p>\n","protected":false},"featured_media":77018,"template":"","meta":[],"pwb-brand":[2171],"product_cat":[1463],"product_tag":[],"class_list":{"0":"post-88794","1":"product","2":"type-product","3":"status-publish","4":"has-post-thumbnail","6":"pwb-brand-aquaholland","7":"product_cat-filter-und-zubehoer","9":"first","10":"outofstock","11":"taxable","12":"shipping-taxable","13":"purchasable","14":"product-type-simple"},"acf":[],"brands":[{"id":2171,"name":"AquaHolland","slug":"aquaholland"}],"_links":{"self":[{"href":"https:\/\/www.seaflowerstore.com\/de\/wp-json\/wp\/v2\/product\/88794","targetHints":{"allow":["GET"]}}],"collection":[{"href":"https:\/\/www.seaflowerstore.com\/de\/wp-json\/wp\/v2\/product"}],"about":[{"href":"https:\/\/www.seaflowerstore.com\/de\/wp-json\/wp\/v2\/types\/product"}],"wp:featuredmedia":[{"embeddable":true,"href":"https:\/\/www.seaflowerstore.com\/de\/wp-json\/wp\/v2\/media\/77018"}],"wp:attachment":[{"href":"https:\/\/www.seaflowerstore.com\/de\/wp-json\/wp\/v2\/media?parent=88794"}],"wp:term":[{"taxonomy":"pwb-brand","embeddable":true,"href":"https:\/\/www.seaflowerstore.com\/de\/wp-json\/wp\/v2\/pwb-brand?post=88794"},{"taxonomy":"product_cat","embeddable":true,"href":"https:\/\/www.seaflowerstore.com\/de\/wp-json\/wp\/v2\/product_cat?post=88794"},{"taxonomy":"product_tag","embeddable":true,"href":"https:\/\/www.seaflowerstore.com\/de\/wp-json\/wp\/v2\/product_tag?post=88794"}],"curies":[{"name":"wp","href":"https:\/\/api.w.org\/{rel}","templated":true}]}}