{"id":88804,"date":"2011-05-02T08:29:58","date_gmt":"2011-05-02T06:29:58","guid":{"rendered":"https:\/\/www.seaflowerstore.com\/nl\/tunze-stream-rock\/"},"modified":"2024-03-20T16:13:57","modified_gmt":"2024-03-20T15:13:57","slug":"tunze-stream-rock","status":"publish","type":"product","link":"https:\/\/www.seaflowerstore.com\/de\/tunze-stream-rock\/","title":{"rendered":"Tunze Stream Rock"},"content":{"rendered":"<h2> Tunze Stream Rock for stream pumps except nanostreams and the elongated Stream 3 and 3+ <\/h2>\n<p>Wir pr\u00e4sentieren den Tunze Stream Keramikhalter, der mit einem speziellen Einsatz f\u00fcr jede Turbelle Str\u00f6mungspumpe ausgestattet ist, mit Ausnahme von Nanostream, Stream 3 und Stream 3+. <\/p>\n<p>Dieser Halter ist aus wei\u00dfem Keramikstein gefertigt und eignet sich daher sowohl f\u00fcr S\u00fc\u00dfwasser- als auch f\u00fcr Meerwasseranwendungen und erm\u00f6glicht gleichzeitig einen hohen Wasserdurchsatz. Er bietet au\u00dferdem eine dekorative Note und integriert diese Umw\u00e4lzpumpen nahtlos in Ihr Aquarium.<\/p>\n","protected":false},"excerpt":{"rendered":"<p>Tunze Stream Rock for stream pumps except nanostreams and the elongated Stream 3 and 3+<\/p>\n","protected":false},"featured_media":76988,"template":"","meta":[],"pwb-brand":[2123],"product_cat":[1386,1388],"product_tag":[],"class_list":{"0":"post-88804","1":"product","2":"type-product","3":"status-publish","4":"has-post-thumbnail","6":"pwb-brand-tunze","7":"product_cat-steine","8":"product_cat-stroemungspumpen","10":"first","11":"instock","12":"taxable","13":"shipping-taxable","14":"purchasable","15":"product-type-simple"},"acf":[],"brands":[{"id":2123,"name":"Tunze","slug":"tunze"}],"_links":{"self":[{"href":"https:\/\/www.seaflowerstore.com\/de\/wp-json\/wp\/v2\/product\/88804","targetHints":{"allow":["GET"]}}],"collection":[{"href":"https:\/\/www.seaflowerstore.com\/de\/wp-json\/wp\/v2\/product"}],"about":[{"href":"https:\/\/www.seaflowerstore.com\/de\/wp-json\/wp\/v2\/types\/product"}],"wp:featuredmedia":[{"embeddable":true,"href":"https:\/\/www.seaflowerstore.com\/de\/wp-json\/wp\/v2\/media\/76988"}],"wp:attachment":[{"href":"https:\/\/www.seaflowerstore.com\/de\/wp-json\/wp\/v2\/media?parent=88804"}],"wp:term":[{"taxonomy":"pwb-brand","embeddable":true,"href":"https:\/\/www.seaflowerstore.com\/de\/wp-json\/wp\/v2\/pwb-brand?post=88804"},{"taxonomy":"product_cat","embeddable":true,"href":"https:\/\/www.seaflowerstore.com\/de\/wp-json\/wp\/v2\/product_cat?post=88804"},{"taxonomy":"product_tag","embeddable":true,"href":"https:\/\/www.seaflowerstore.com\/de\/wp-json\/wp\/v2\/product_tag?post=88804"}],"curies":[{"name":"wp","href":"https:\/\/api.w.org\/{rel}","templated":true}]}}