{"id":88805,"date":"2011-05-02T07:03:04","date_gmt":"2011-05-02T05:03:04","guid":{"rendered":"https:\/\/www.seaflowerstore.com\/nl\/red-sea-aiptasia-x-refill-bottle-500ml\/"},"modified":"2024-03-20T16:13:56","modified_gmt":"2024-03-20T15:13:56","slug":"red-sea-aiptasia-x-refill-bottle-500ml","status":"publish","type":"product","link":"https:\/\/www.seaflowerstore.com\/de\/red-sea-aiptasia-x-refill-bottle-500ml\/","title":{"rendered":"Red Sea Aiptasia-X refill bottle 500ml."},"content":{"rendered":"<h2>Aiptasia-X refill bottle 500 ml REEF-SAFE ELIMINATION OF AIPTASIA<\/h2>\n<p>Aiptasia-X ist eine besondere, dicke Klebstoffmischung, die bei Kontakt mit Aquarienwasser K\u00fcgelchen bildet. Es kann einfach in die N\u00e4he der Mundscheibe der Anemone injiziert werden, wodurch die Anemone dazu angeregt wird, das Material aufzunehmen, ohne zur\u00fcckzuweichen. Innerhalb weniger Minuten nach der Aufnahme von Aiptasia-X implodiert die Anemone, wodurch sowohl die Anemone als auch ihre Planulae effektiv eliminiert werden.<\/p>\n<p>Die K\u00fcgelchen von Aiptasia-X haben keine Auswirkungen auf die sessilen Polypen der Korallen und erm\u00f6glichen so die sichere Behandlung von Aiptasia, die sich m\u00f6glicherweise in Korallenkolonien eingenistet hat. Dar\u00fcber hinaus zersetzt sich \u00fcbersch\u00fcssiges Aiptasia-X mit der Zeit, ohne dem Riff zu schaden.<\/p>\n<p><strong>Vorteile von Red Sea Aiptasia-X:<\/strong><\/p>\n<ul>\n<li>Ein einzigartiges Klebematerial<\/li>\n<li>Aiptasia zieht sich w\u00e4hrend der Behandlung nicht zur\u00fcck<\/li>\n<li><em>Hat keinen Einfluss auf die Wasserchemie<\/em><\/li>\n<li>RIFFSCHONENDE BESEITIGUNG VON AIPTASIA<\/li>\n<\/ul>\n","protected":false},"excerpt":{"rendered":"<p>Red Sea Aiptasia-X Refill bottle of 500ml<\/p>\n","protected":false},"featured_media":125829,"template":"","meta":[],"pwb-brand":[2125],"product_cat":[1390,1404],"product_tag":[],"class_list":{"0":"post-88805","1":"product","2":"type-product","3":"status-publish","4":"has-post-thumbnail","6":"pwb-brand-red-sea","7":"product_cat-medikamente","8":"product_cat-redsea-de","10":"first","11":"instock","12":"taxable","13":"shipping-taxable","14":"purchasable","15":"product-type-simple"},"acf":[],"brands":[{"id":2125,"name":"Red Sea","slug":"red-sea"}],"_links":{"self":[{"href":"https:\/\/www.seaflowerstore.com\/de\/wp-json\/wp\/v2\/product\/88805","targetHints":{"allow":["GET"]}}],"collection":[{"href":"https:\/\/www.seaflowerstore.com\/de\/wp-json\/wp\/v2\/product"}],"about":[{"href":"https:\/\/www.seaflowerstore.com\/de\/wp-json\/wp\/v2\/types\/product"}],"wp:featuredmedia":[{"embeddable":true,"href":"https:\/\/www.seaflowerstore.com\/de\/wp-json\/wp\/v2\/media\/125829"}],"wp:attachment":[{"href":"https:\/\/www.seaflowerstore.com\/de\/wp-json\/wp\/v2\/media?parent=88805"}],"wp:term":[{"taxonomy":"pwb-brand","embeddable":true,"href":"https:\/\/www.seaflowerstore.com\/de\/wp-json\/wp\/v2\/pwb-brand?post=88805"},{"taxonomy":"product_cat","embeddable":true,"href":"https:\/\/www.seaflowerstore.com\/de\/wp-json\/wp\/v2\/product_cat?post=88805"},{"taxonomy":"product_tag","embeddable":true,"href":"https:\/\/www.seaflowerstore.com\/de\/wp-json\/wp\/v2\/product_tag?post=88805"}],"curies":[{"name":"wp","href":"https:\/\/api.w.org\/{rel}","templated":true}]}}