{"id":88806,"date":"2011-05-02T07:01:14","date_gmt":"2011-05-02T05:01:14","guid":{"rendered":"https:\/\/www.seaflowerstore.com\/nl\/red-sea-aiptasia-x-60ml\/"},"modified":"2024-03-20T16:13:55","modified_gmt":"2024-03-20T15:13:55","slug":"red-sea-aiptasia-x-60ml","status":"publish","type":"product","link":"https:\/\/www.seaflowerstore.com\/de\/red-sea-aiptasia-x-60ml\/","title":{"rendered":"Red Sea Aiptasia-X &#8211; 60ml"},"content":{"rendered":"<h2>Red Sea Aiptasia-X &#8211; 60ml<\/h2>\n<p><strong>Red Sea Aiptasia-X<\/strong> hilft Ihnen dabei, diese l\u00e4stigen Glasanemonen einfach loszuwerden. Dieses Produkt enth\u00e4lt eine einzigartige, dicke Klebstoffmischung, die bei Kontakt mit Aquarienwasser K\u00fcgelchen bildet. Sie k\u00f6nnen es einfach in die N\u00e4he der Mundscheibe der Anemone injizieren, was die Anemone dazu anregt, das Material aufzunehmen, ohne sich zur\u00fcckzuziehen. Innerhalb weniger Minuten nach der Einnahme von Aiptasia-X implodiert die Anemone, wodurch sowohl die Anemone als auch ihre Planulae effektiv eliminiert werden.<\/p>\n<p>Aiptasia-X ist sicher f\u00fcr Ihre Korallenkolonien, da die K\u00fcgelchen den sessilen Polypen nicht schaden. Dar\u00fcber hinaus zersetzt sich \u00fcbersch\u00fcssiges Aiptasia-X mit der Zeit, ohne Ihr Riff zu sch\u00e4digen.<\/p>\n<p><span style=\"font-size: 1.17em\"><strong>Red Sea Aiptasia-X bietet:<\/strong><\/span><\/p>\n<ul>\n<li>Ein einzigartiges Klebematerial<\/li>\n<li>Aiptasia zieht sich w\u00e4hrend der Behandlung nicht zur\u00fcck<\/li>\n<li>Beeinflusst die Wasserchemie nicht<\/li>\n<li>Beinhaltet gerade und abgewinkelte Applikatorspitzen<\/li>\n<\/ul>\n","protected":false},"excerpt":{"rendered":"<p>Red Sea Aiptasia-x Easily removes the annoying glass anemones<\/p>\n","protected":false},"featured_media":76986,"template":"","meta":[],"pwb-brand":[2125],"product_cat":[1390,1404],"product_tag":[],"class_list":{"0":"post-88806","1":"product","2":"type-product","3":"status-publish","4":"has-post-thumbnail","6":"pwb-brand-red-sea","7":"product_cat-medikamente","8":"product_cat-redsea-de","10":"first","11":"instock","12":"sale","13":"taxable","14":"shipping-taxable","15":"purchasable","16":"product-type-simple"},"acf":[],"brands":[{"id":2125,"name":"Red Sea","slug":"red-sea"}],"_links":{"self":[{"href":"https:\/\/www.seaflowerstore.com\/de\/wp-json\/wp\/v2\/product\/88806","targetHints":{"allow":["GET"]}}],"collection":[{"href":"https:\/\/www.seaflowerstore.com\/de\/wp-json\/wp\/v2\/product"}],"about":[{"href":"https:\/\/www.seaflowerstore.com\/de\/wp-json\/wp\/v2\/types\/product"}],"wp:featuredmedia":[{"embeddable":true,"href":"https:\/\/www.seaflowerstore.com\/de\/wp-json\/wp\/v2\/media\/76986"}],"wp:attachment":[{"href":"https:\/\/www.seaflowerstore.com\/de\/wp-json\/wp\/v2\/media?parent=88806"}],"wp:term":[{"taxonomy":"pwb-brand","embeddable":true,"href":"https:\/\/www.seaflowerstore.com\/de\/wp-json\/wp\/v2\/pwb-brand?post=88806"},{"taxonomy":"product_cat","embeddable":true,"href":"https:\/\/www.seaflowerstore.com\/de\/wp-json\/wp\/v2\/product_cat?post=88806"},{"taxonomy":"product_tag","embeddable":true,"href":"https:\/\/www.seaflowerstore.com\/de\/wp-json\/wp\/v2\/product_tag?post=88806"}],"curies":[{"name":"wp","href":"https:\/\/api.w.org\/{rel}","templated":true}]}}