{"id":88807,"date":"2011-05-01T14:27:20","date_gmt":"2011-05-01T12:27:20","guid":{"rendered":"https:\/\/www.seaflowerstore.com\/nl\/red-sea-kh-coralline-gro-500ml\/"},"modified":"2024-03-20T16:13:54","modified_gmt":"2024-03-20T15:13:54","slug":"red-sea-kh-coralline-gro-500ml","status":"publish","type":"product","link":"https:\/\/www.seaflowerstore.com\/de\/red-sea-kh-coralline-gro-500ml\/","title":{"rendered":"Red Sea KH Coralline Gro 500ml"},"content":{"rendered":"<h2>Red Sea KH Coralline Gro 500ml Marine buffer supplement with trace elements that promote the development of Coralline Algae<\/h2>\n<p>Korallenalgen k\u00f6nnen in f\u00fcr Steinkorallen optimierten Riffsystemen auf nat\u00fcrliche Weise gedeihen, sogar ohne spezielle Erg\u00e4nzungsmittel. <strong>KH Coralline Gro<\/strong> ist als Komplex aus Karbonatpuffern, Kalium und Spurenelementen wie Eisen konzipiert, alles in den Proportionen, die Korallenalgen regelm\u00e4\u00dfig nutzen.<\/p>\n<p>Um das Wachstum von Korallenalgen in reinen Fisch- oder Weichkorallenaquarien effektiv zu f\u00f6rdern, ist es wichtig, die Alkalinit\u00e4t bei etwa 3 meq\/l (8,4 \u00b0dKH) zu halten. Dar\u00fcber hinaus sollten bestimmte Neben- und Spurenelemente leicht verf\u00fcgbar sein, um ihr Wachstum zu unterst\u00fctzen.<\/p>\n","protected":false},"excerpt":{"rendered":"<p>Red Sea KH Coralline Gro 500ml Marine buffer supplement with trace elements that promote the development of Coralline Algae<\/p>\n","protected":false},"featured_media":76984,"template":"","meta":[],"pwb-brand":[2125],"product_cat":[1391,1404],"product_tag":[],"class_list":{"0":"post-88807","1":"product","2":"type-product","3":"status-publish","4":"has-post-thumbnail","6":"pwb-brand-red-sea","7":"product_cat-ergaenzungen","8":"product_cat-redsea-de","10":"first","11":"instock","12":"taxable","13":"shipping-taxable","14":"purchasable","15":"product-type-simple"},"acf":[],"brands":[{"id":2125,"name":"Red Sea","slug":"red-sea"}],"_links":{"self":[{"href":"https:\/\/www.seaflowerstore.com\/de\/wp-json\/wp\/v2\/product\/88807","targetHints":{"allow":["GET"]}}],"collection":[{"href":"https:\/\/www.seaflowerstore.com\/de\/wp-json\/wp\/v2\/product"}],"about":[{"href":"https:\/\/www.seaflowerstore.com\/de\/wp-json\/wp\/v2\/types\/product"}],"wp:featuredmedia":[{"embeddable":true,"href":"https:\/\/www.seaflowerstore.com\/de\/wp-json\/wp\/v2\/media\/76984"}],"wp:attachment":[{"href":"https:\/\/www.seaflowerstore.com\/de\/wp-json\/wp\/v2\/media?parent=88807"}],"wp:term":[{"taxonomy":"pwb-brand","embeddable":true,"href":"https:\/\/www.seaflowerstore.com\/de\/wp-json\/wp\/v2\/pwb-brand?post=88807"},{"taxonomy":"product_cat","embeddable":true,"href":"https:\/\/www.seaflowerstore.com\/de\/wp-json\/wp\/v2\/product_cat?post=88807"},{"taxonomy":"product_tag","embeddable":true,"href":"https:\/\/www.seaflowerstore.com\/de\/wp-json\/wp\/v2\/product_tag?post=88807"}],"curies":[{"name":"wp","href":"https:\/\/api.w.org\/{rel}","templated":true}]}}