{"id":88810,"date":"2011-05-01T14:22:05","date_gmt":"2011-05-01T12:22:05","guid":{"rendered":"https:\/\/www.seaflowerstore.com\/nl\/red-sea-trace-colors-d-bioactive-elements-supplement-500ml\/"},"modified":"2024-03-20T16:13:52","modified_gmt":"2024-03-20T15:13:52","slug":"red-sea-trace-colors-d-bioactive-elements-supplement-500ml","status":"publish","type":"product","link":"https:\/\/www.seaflowerstore.com\/de\/red-sea-trace-colors-d-bioactive-elements-supplement-500ml\/","title":{"rendered":"Red Sea Trace Colors D Bioactive Elements Supplement 500ml"},"content":{"rendered":"<h2>Red Sea Trace Colors D Bioactive Elements Supplement 500ml promotes the Purple\/Blue colors in corals<\/h2>\n<p>Das <strong>BIOACTIVE ELEMENTS Supplement<\/strong> ist ein wesentlicher Bestandteil unseres umfassenden Sortiments an erg\u00e4nzenden Haupt-, Neben- und Spurenelementkomplexen, die speziell auf die Bed\u00fcrfnisse von Korallen abgestimmt sind. Diese 18 Elemente, die zu den in New South Wales vorkommenden Spurenelementen geh\u00f6ren, spielen eine entscheidende Rolle bei den Stoffwechselprozessen im Skelett und Weichgewebe einer Koralle. Insbesondere tr\u00e4gt eines dieser Elemente zur Produktion der leuchtend violetten und blauen Pigmente im Weichgewebe von Korallen bei.<\/p>\n<table style=\"width: 621px; height: 220px;\" border=\"1\">\n<tbody>\n<tr>\n<td><strong>Aquarientyp<\/strong><\/td>\n<td style=\"text-align: center;\" colspan=\"2\"><strong>Durchschnittlicher t\u00e4glicher Verbrauch pro 100 l (25 gal)<\/strong><\/td>\n<td style=\"text-align: center;\"><strong>Testkit<\/strong><\/td>\n<\/tr>\n<tr>\n<td><\/td>\n<td style=\"text-align: center;\"><strong>CALCIUM+<\/strong><\/td>\n<td style=\"text-align: center;\"><strong>BIOAKTIVE ELEMENTE<\/strong><\/td>\n<td><\/td>\n<\/tr>\n<tr>\n<td>Gemischtes Riff<\/td>\n<td style=\"text-align: center;\">3 ml<\/td>\n<td style=\"text-align: center;\">0,3 ml<\/td>\n<td style=\"text-align: center;\">CALCIUM PRO<\/td>\n<\/tr>\n<tr>\n<td>SPS Frag<\/td>\n<td style=\"text-align: center;\">6 ml<\/td>\n<td style=\"text-align: center;\">0,6 ml<\/td>\n<td style=\"text-align: center;\">CALCIUM PRO<\/td>\n<\/tr>\n<tr>\n<td>SPS-dominant<\/td>\n<td style=\"text-align: center;\">4 ml<\/td>\n<td style=\"text-align: center;\">0,4 ml<\/td>\n<td style=\"text-align: center;\">CALCIUM PRO<\/td>\n<\/tr>\n<tr>\n<td>SPS mit extrem niedrigem N\u00e4hrstoffgehalt<\/td>\n<td style=\"text-align: center;\">2 ml<\/td>\n<td style=\"text-align: center;\">0,2 ml<\/td>\n<td style=\"text-align: center;\">TRACE COLORS PRO<\/td>\n<\/tr>\n<\/tbody>\n<\/table>\n","protected":false},"excerpt":{"rendered":"<p>Red Sea Trace Colors D promotes the Purple\/Blue colors in corals<\/p>\n","protected":false},"featured_media":76978,"template":"","meta":[],"pwb-brand":[2125],"product_cat":[1391,1404],"product_tag":[],"class_list":{"0":"post-88810","1":"product","2":"type-product","3":"status-publish","4":"has-post-thumbnail","6":"pwb-brand-red-sea","7":"product_cat-ergaenzungen","8":"product_cat-redsea-de","10":"first","11":"instock","12":"taxable","13":"shipping-taxable","14":"purchasable","15":"product-type-simple"},"acf":[],"brands":[{"id":2125,"name":"Red Sea","slug":"red-sea"}],"_links":{"self":[{"href":"https:\/\/www.seaflowerstore.com\/de\/wp-json\/wp\/v2\/product\/88810","targetHints":{"allow":["GET"]}}],"collection":[{"href":"https:\/\/www.seaflowerstore.com\/de\/wp-json\/wp\/v2\/product"}],"about":[{"href":"https:\/\/www.seaflowerstore.com\/de\/wp-json\/wp\/v2\/types\/product"}],"wp:featuredmedia":[{"embeddable":true,"href":"https:\/\/www.seaflowerstore.com\/de\/wp-json\/wp\/v2\/media\/76978"}],"wp:attachment":[{"href":"https:\/\/www.seaflowerstore.com\/de\/wp-json\/wp\/v2\/media?parent=88810"}],"wp:term":[{"taxonomy":"pwb-brand","embeddable":true,"href":"https:\/\/www.seaflowerstore.com\/de\/wp-json\/wp\/v2\/pwb-brand?post=88810"},{"taxonomy":"product_cat","embeddable":true,"href":"https:\/\/www.seaflowerstore.com\/de\/wp-json\/wp\/v2\/product_cat?post=88810"},{"taxonomy":"product_tag","embeddable":true,"href":"https:\/\/www.seaflowerstore.com\/de\/wp-json\/wp\/v2\/product_tag?post=88810"}],"curies":[{"name":"wp","href":"https:\/\/api.w.org\/{rel}","templated":true}]}}