{"id":88811,"date":"2011-05-01T14:20:54","date_gmt":"2011-05-01T12:20:54","guid":{"rendered":"https:\/\/www.seaflowerstore.com\/nl\/red-sea-iron-coral-colors-c-500ml\/"},"modified":"2025-03-21T08:53:53","modified_gmt":"2025-03-21T07:53:53","slug":"red-sea-iron-coral-colors-c-500ml","status":"publish","type":"product","link":"https:\/\/www.seaflowerstore.com\/de\/red-sea-iron-coral-colors-c-500ml\/","title":{"rendered":"Red Sea Iron+ Coral Colors C  500ml"},"content":{"rendered":"<h2>Red Sea Iron+ &#8211; Coral Colors C 500ml is een complex van 11 verschillende metaal sporenelementen<\/h2>\n<p><strong>TRACE COLORS IRON<\/strong> ist eine einzigartige Mischung aus 11 verschiedenen Spurenelementen, die die gr\u00fcnen Farben von Korallen verst\u00e4rken. Die Formel enth\u00e4lt Eisen sowie sieben erg\u00e4nzende Elemente, die f\u00fcr das Korallenwachstum unerl\u00e4sslich sind. Dieses Erg\u00e4nzungsmittel ist Teil einer umfassenden Palette von Haupt-, Neben- und Spurenelementkomplexen, die auf die Bed\u00fcrfnisse Ihrer Korallen abgestimmt sind.<\/p>\n<p>Die Mischung besteht aus acht \u201eleichten\u201c Metallen, darunter Eisen, Mangan, Kobalt, Kupfer, Aluminium, Zink, Chrom und Nickel. Diese Mikroelemente spielen eine entscheidende Rolle bei verschiedenen biochemischen Stoffwechselprozessen wie Atmung, Energieproduktion, Chlorophyllbildung und Photosynthese.<\/p>\n<p>Die <strong>C-Elemente<\/strong> sind speziell mit der F\u00f6rderung gr\u00fcner und gelber Farbt\u00f6ne bei Korallen verbunden.<\/p>\n<div class=\"tableDesign\">\n<table style=\"width: 504px; height: 126px;\" border=\"0\" cellspacing=\"0\" cellpadding=\"0\">\n<thead>\n<tr>\n<td align=\"left\" width=\"250\" height=\"19\"><strong>Aquarientyp<\/strong><\/td>\n<td colspan=\"2\" align=\"left\" width=\"134\"><strong>Durchschnittlicher t\u00e4glicher Verbrauch pro 100 l (25 Gallonen)<\/strong><\/td>\n<td align=\"left\" width=\"134\"><strong>Testkit<\/strong><\/td>\n<\/tr>\n<tr>\n<td align=\"left\" width=\"250\" height=\"19\"><\/td>\n<td style=\"text-align: center\" align=\"left\" width=\"134\"><strong>CALCIUM+<\/strong><\/td>\n<td style=\"text-align: center\" align=\"left\" width=\"134\"><strong>EISEN+<\/strong><\/td>\n<td align=\"left\" width=\"134\"><\/td>\n<\/tr>\n<\/thead>\n<tbody>\n<tr>\n<td align=\"left\" height=\"19\"><strong>Gemischtes Riff<\/strong><\/td>\n<td style=\"text-align: center\" align=\"right\">3ml<\/td>\n<td style=\"text-align: center\" align=\"right\">0,3ml<\/td>\n<td align=\"right\">CALCIUM PRO<\/td>\n<\/tr>\n<tr>\n<td align=\"left\" height=\"19\"><strong>SPS Frag<\/strong><\/td>\n<td style=\"text-align: center\" align=\"right\">6ml<\/td>\n<td style=\"text-align: center\" align=\"right\">0,6ml<\/td>\n<td align=\"right\">CALCIUM PRO<\/td>\n<\/tr>\n<tr>\n<td align=\"left\" height=\"19\"><strong>SPS-dominant<\/strong><\/td>\n<td style=\"text-align: center\" align=\"right\">4 ml<\/td>\n<td style=\"text-align: center\" align=\"right\">0,4 ml<\/td>\n<td align=\"right\">CALCIUM PRO<\/td>\n<\/tr>\n<tr>\n<td align=\"left\" height=\"19\"><strong>SPS mit extrem niedrigem N\u00e4hrstoffgehalt<\/strong><\/td>\n<td style=\"text-align: center\" align=\"right\">2 ml<\/td>\n<td style=\"text-align: center\" align=\"right\">0,2 ml<\/td>\n<td align=\"right\">TRACE COLORS PRO<\/td>\n<\/tr>\n<\/tbody>\n<\/table>\n<\/div>\n<h3 class=\"title18\">Konzentration<\/h3>\n<h4 class=\"title16\">Fl\u00fcssig Erg\u00e4nzung:<\/h4>\n<p>Ein Milliliter der Erg\u00e4nzung erh\u00f6ht den Eisengehalt von 100 Litern (25 Gallonen) um 0,01 ppm.<\/p>\n","protected":false},"excerpt":{"rendered":"<p>Red Sea Iron + &#8211; Coral Colors C 500ml is a complex of 11 different metal trace elements<\/p>\n","protected":false},"featured_media":76976,"template":"","meta":[],"pwb-brand":[2125],"product_cat":[1391,1404],"product_tag":[],"class_list":{"0":"post-88811","1":"product","2":"type-product","3":"status-publish","4":"has-post-thumbnail","6":"pwb-brand-red-sea","7":"product_cat-ergaenzungen","8":"product_cat-redsea-de","10":"first","11":"instock","12":"taxable","13":"shipping-taxable","14":"purchasable","15":"product-type-simple"},"acf":[],"brands":[{"id":2125,"name":"Red Sea","slug":"red-sea"}],"_links":{"self":[{"href":"https:\/\/www.seaflowerstore.com\/de\/wp-json\/wp\/v2\/product\/88811","targetHints":{"allow":["GET"]}}],"collection":[{"href":"https:\/\/www.seaflowerstore.com\/de\/wp-json\/wp\/v2\/product"}],"about":[{"href":"https:\/\/www.seaflowerstore.com\/de\/wp-json\/wp\/v2\/types\/product"}],"wp:featuredmedia":[{"embeddable":true,"href":"https:\/\/www.seaflowerstore.com\/de\/wp-json\/wp\/v2\/media\/76976"}],"wp:attachment":[{"href":"https:\/\/www.seaflowerstore.com\/de\/wp-json\/wp\/v2\/media?parent=88811"}],"wp:term":[{"taxonomy":"pwb-brand","embeddable":true,"href":"https:\/\/www.seaflowerstore.com\/de\/wp-json\/wp\/v2\/pwb-brand?post=88811"},{"taxonomy":"product_cat","embeddable":true,"href":"https:\/\/www.seaflowerstore.com\/de\/wp-json\/wp\/v2\/product_cat?post=88811"},{"taxonomy":"product_tag","embeddable":true,"href":"https:\/\/www.seaflowerstore.com\/de\/wp-json\/wp\/v2\/product_tag?post=88811"}],"curies":[{"name":"wp","href":"https:\/\/api.w.org\/{rel}","templated":true}]}}