{"id":88812,"date":"2011-05-01T14:19:01","date_gmt":"2011-05-01T14:19:01","guid":{"rendered":"https:\/\/www.seaflowerstore.com\/nl\/red-sea-potassium-coral-colors-b-500ml\/"},"modified":"2025-07-12T12:55:36","modified_gmt":"2025-07-12T10:55:36","slug":"red-sea-potassium-coral-colors-b-500ml","status":"publish","type":"product","link":"https:\/\/www.seaflowerstore.com\/de\/red-sea-potassium-coral-colors-b-500ml\/","title":{"rendered":"Red Sea Potassium+ Coral Colors B 500ml"},"content":{"rendered":"<h2>Red Sea Potassium+ Coral Colors B 500ml Potassium and Boron supplement that promotes the Red colors in corals<\/h2>\n<p><strong>TRACE COLORS B<\/strong> ist ein Kalium- und Bor-Erg\u00e4nzungsmittel, das die leuchtend roten Farben von Korallen verst\u00e4rken soll. Das <strong>POTASSIUM+<\/strong>-Erg\u00e4nzungsmittel ist Teil einer umfassenden Palette wichtiger Haupt-, Neben- und Spurenelementkomplexe, die den Bed\u00fcrfnissen von Korallen gerecht werden.<\/p>\n<p>Das <strong>POTASSIUM+<\/strong>-Erg\u00e4nzungsmittel enth\u00e4lt Kalium und Bor, die f\u00fcr verschiedene biologische Prozesse entscheidend sind, darunter die Produktion roter Pigmente im Weichgewebe von Korallen. Kalium ist f\u00fcr den Transport von N\u00e4hrstoffen im Weichgewebe der Korallen unerl\u00e4sslich, darunter auch N\u00e4hrstoffe, die von Zooxanthellen bereitgestellt werden. Dar\u00fcber hinaus beeinflussen Kalium und Bor die Alkalit\u00e4t des Weichgewebes von Korallen und die Entwicklung von Aragonit in ihren Skeletten erheblich. Dar\u00fcber hinaus ist Kalium mit den roten Chromoproteinen verbunden.<\/p>\n<div class=\"tableDesign\">\n<table style=\"width: 523px; height: 126px\" border=\"0\" cellspacing=\"0\" cellpadding=\"0\">\n<thead>\n<tr>\n<td align=\"left\" width=\"250\" height=\"19\"><strong>Aquarientyp<\/strong><\/td>\n<td colspan=\"2\" align=\"left\" width=\"134\"><strong>Durchschnittlicher t\u00e4glicher Verbrauch pro 100 l (25 Gallonen)<\/strong><\/td>\n<td style=\"text-align: center\" align=\"left\" width=\"134\"><strong>Testkit<\/strong><\/td>\n<\/tr>\n<tr>\n<td align=\"left\" width=\"250\" height=\"19\"><\/td>\n<td style=\"text-align: center\" align=\"left\" width=\"134\"><strong>CALCIUM+<\/strong><\/td>\n<td style=\"text-align: center\" align=\"left\" width=\"134\"><strong>KALIUM+<\/strong><\/td>\n<td align=\"left\" width=\"134\"><\/td>\n<\/tr>\n<\/thead>\n<tbody>\n<tr>\n<td align=\"left\" height=\"19\"><strong>Gemischtes Riff<\/strong><\/td>\n<td style=\"text-align: center\" align=\"right\">3ml<\/td>\n<td style=\"text-align: center\" align=\"right\">0,3ml<\/td>\n<td style=\"text-align: center\" align=\"right\">CALCIUM PRO<\/td>\n<\/tr>\n<tr>\n<td align=\"left\" height=\"19\"><strong>SPS Frag<\/strong><\/td>\n<td style=\"text-align: center\" align=\"right\">6 ml<\/td>\n<td style=\"text-align: center\" align=\"right\">0,6 ml<\/td>\n<td style=\"text-align: center\" align=\"right\">CALCIUM PRO<\/td>\n<\/tr>\n<tr>\n<td align=\"left\" height=\"19\"><strong>SPS-dominant<\/strong><\/td>\n<td style=\"text-align: center\" align=\"right\">4 ml<\/td>\n<td style=\"text-align: center\" align=\"right\">0,4 ml<\/td>\n<td style=\"text-align: center\" align=\"right\">CALCIUM PRO<\/td>\n<\/tr>\n<tr>\n<td align=\"left\" height=\"19\"><strong>SPS mit extrem niedrigem N\u00e4hrstoffgehalt<\/strong><\/td>\n<td style=\"text-align: center\" align=\"right\">2 ml<\/td>\n<td style=\"text-align: center\" align=\"right\">0,2 ml<\/td>\n<td style=\"text-align: center\" align=\"right\">TRACE COLORS PRO<\/td>\n<\/tr>\n<\/tbody>\n<\/table>\n<\/div>\n<h3 class=\"title18\">Konzentration<\/h3>\n<h4 class=\"title16\">Fl\u00fcssige Erg\u00e4nzung: 1 ml erh\u00f6ht den Kaliumspiegel von 100 Litern (25 Gallonen) um 1,75 ppm.<\/h4>\n","protected":false},"excerpt":{"rendered":"<p>Red Sea Potassium+ Coral Colors B 500ml Potassium and Boron supplement that promotes the Red colors in corals<\/p>\n","protected":false},"featured_media":76974,"template":"","meta":[],"pwb-brand":[2125],"product_cat":[1391,1404],"product_tag":[],"class_list":{"0":"post-88812","1":"product","2":"type-product","3":"status-publish","4":"has-post-thumbnail","6":"pwb-brand-red-sea","7":"product_cat-ergaenzungen","8":"product_cat-redsea-de","10":"first","11":"instock","12":"taxable","13":"shipping-taxable","14":"purchasable","15":"product-type-simple"},"acf":[],"brands":[{"id":2125,"name":"Red Sea","slug":"red-sea"}],"_links":{"self":[{"href":"https:\/\/www.seaflowerstore.com\/de\/wp-json\/wp\/v2\/product\/88812","targetHints":{"allow":["GET"]}}],"collection":[{"href":"https:\/\/www.seaflowerstore.com\/de\/wp-json\/wp\/v2\/product"}],"about":[{"href":"https:\/\/www.seaflowerstore.com\/de\/wp-json\/wp\/v2\/types\/product"}],"wp:featuredmedia":[{"embeddable":true,"href":"https:\/\/www.seaflowerstore.com\/de\/wp-json\/wp\/v2\/media\/76974"}],"wp:attachment":[{"href":"https:\/\/www.seaflowerstore.com\/de\/wp-json\/wp\/v2\/media?parent=88812"}],"wp:term":[{"taxonomy":"pwb-brand","embeddable":true,"href":"https:\/\/www.seaflowerstore.com\/de\/wp-json\/wp\/v2\/pwb-brand?post=88812"},{"taxonomy":"product_cat","embeddable":true,"href":"https:\/\/www.seaflowerstore.com\/de\/wp-json\/wp\/v2\/product_cat?post=88812"},{"taxonomy":"product_tag","embeddable":true,"href":"https:\/\/www.seaflowerstore.com\/de\/wp-json\/wp\/v2\/product_tag?post=88812"}],"curies":[{"name":"wp","href":"https:\/\/api.w.org\/{rel}","templated":true}]}}