{"id":88814,"date":"2011-05-01T14:12:08","date_gmt":"2011-05-01T12:12:08","guid":{"rendered":"https:\/\/www.seaflowerstore.com\/nl\/no3po4-x-nitrate-phosphate-remover-1000ml\/"},"modified":"2024-03-20T16:13:47","modified_gmt":"2024-03-20T15:13:47","slug":"no3po4-x-nitrate-phosphate-remover-1000ml","status":"publish","type":"product","link":"https:\/\/www.seaflowerstore.com\/de\/no3po4-x-nitrate-phosphate-remover-1000ml\/","title":{"rendered":"No3:Po4-X Nitrate &amp; Phosphate remover 1,000ml"},"content":{"rendered":"<h2>No3:Po4-X Nitrate &amp; Phosphate remover 1,000ml<\/h2>\n<p><strong>Red Sea No3 Po4 X Nitrat- und Phosphat-Entferner 1.000 ml<\/strong> ist eine au\u00dfergew\u00f6hnlich wirksame L\u00f6sung zur Kontrolle der biologischen Reduzierung von Nitraten und Phosphaten in allen Riff- und Meeresfischsystemen.<\/p>\n<p>Red Sea NO<sub>3<\/sub>: PO<sub>4<\/sub>-X enth\u00e4lt eine einzigartige Mischung aus verschiedenen Kohlenstoffmolek\u00fclen und anderen organisch gebundenen Elementen. Diese Kombination erm\u00f6glicht eine kontrollierte biologische Reduzierung von Algenn\u00e4hrstoffen wie Nitrat und Phosphat dank der nat\u00fcrlich vorkommenden n\u00e4hrstoffreduzierenden Bakterien, die in jedem Aquarium vorhanden sind.<\/p>\n<ul>\n<li>Kontrollierbare und sichere Nitrat- und Phosphat-Entfernung Phosphatreduzierung<\/li>\n<li>Stellt die gew\u00fcnschten Nitrat- und Phosphatwerte her und h\u00e4lt sie aufrecht<\/li>\n<li>F\u00f6rdert das Korallenwachstum und verbessert die F\u00e4rbung<\/li>\n<li>Riffsicher ohne unerw\u00fcnschte Nebenwirkungen<\/li>\n<li>Einfach zu verwenden, zuverl\u00e4ssig und kosteng\u00fcnstig<\/li>\n<\/ul>\n<p>Dieses Produkt wurde entwickelt, um Ihnen dabei zu helfen, eine gesunde Aquarienumgebung aufrechtzuerhalten und gleichzeitig ein lebendiges Korallenwachstum zu f\u00f6rdern. Genie\u00dfen Sie die Vorteile eines ausgewogenen aquatischen \u00d6kosystems mit Red Sea No3 Po4 X!<\/p>\n","protected":false},"excerpt":{"rendered":"<p>Red Sea No3:Po4-X is also called NOPOX<\/p>\n","protected":false},"featured_media":76970,"template":"","meta":[],"pwb-brand":[2125],"product_cat":[1453,1404],"product_tag":[],"class_list":{"0":"post-88814","1":"product","2":"type-product","3":"status-publish","4":"has-post-thumbnail","6":"pwb-brand-red-sea","7":"product_cat-nitrat-und-phosphatentferner","8":"product_cat-redsea-de","9":"pa_inhoud-1000-ml-de","11":"first","12":"instock","13":"taxable","14":"shipping-taxable","15":"purchasable","16":"product-type-simple"},"acf":[],"brands":[{"id":2125,"name":"Red Sea","slug":"red-sea"}],"_links":{"self":[{"href":"https:\/\/www.seaflowerstore.com\/de\/wp-json\/wp\/v2\/product\/88814","targetHints":{"allow":["GET"]}}],"collection":[{"href":"https:\/\/www.seaflowerstore.com\/de\/wp-json\/wp\/v2\/product"}],"about":[{"href":"https:\/\/www.seaflowerstore.com\/de\/wp-json\/wp\/v2\/types\/product"}],"wp:featuredmedia":[{"embeddable":true,"href":"https:\/\/www.seaflowerstore.com\/de\/wp-json\/wp\/v2\/media\/76970"}],"wp:attachment":[{"href":"https:\/\/www.seaflowerstore.com\/de\/wp-json\/wp\/v2\/media?parent=88814"}],"wp:term":[{"taxonomy":"pwb-brand","embeddable":true,"href":"https:\/\/www.seaflowerstore.com\/de\/wp-json\/wp\/v2\/pwb-brand?post=88814"},{"taxonomy":"product_cat","embeddable":true,"href":"https:\/\/www.seaflowerstore.com\/de\/wp-json\/wp\/v2\/product_cat?post=88814"},{"taxonomy":"product_tag","embeddable":true,"href":"https:\/\/www.seaflowerstore.com\/de\/wp-json\/wp\/v2\/product_tag?post=88814"}],"curies":[{"name":"wp","href":"https:\/\/api.w.org\/{rel}","templated":true}]}}