{"id":88815,"date":"2011-05-01T14:10:27","date_gmt":"2011-05-01T14:10:27","guid":{"rendered":"https:\/\/www.seaflowerstore.com\/nl\/red-sea-nopox-np-x-nitrate-phosphate-remover-500ml\/"},"modified":"2024-03-20T16:13:46","modified_gmt":"2024-03-20T15:13:46","slug":"red-sea-nopox-np-x-nitrate-phosphate-remover-500ml","status":"publish","type":"product","link":"https:\/\/www.seaflowerstore.com\/de\/red-sea-nopox-np-x-nitrate-phosphate-remover-500ml\/","title":{"rendered":"Red Sea (NoPox) N:P-X Nitrate &amp; phosphate remover 500ml"},"content":{"rendered":"<h2>Red Sea (NoPox) N:P-X Nitrate &amp; Phosphate Remover 500ml<\/h2>\n<p><strong>Red Sea NO3: PO4-X<\/strong> ist eine hochwirksame L\u00f6sung zur Kontrolle der biologischen Reduzierung von Nitraten und Phosphaten in allen Riffen und Meeresfischsystemen. Dieses Produkt enth\u00e4lt eine einzigartige Mischung aus verschiedenen Kohlenstoffmolek\u00fclen und anderen organisch gebundenen Elementen, die eine nat\u00fcrliche Reduzierung der Algenn\u00e4hrstoffe erm\u00f6glichen.<\/p>\n<p>Hier sind einige wichtige Vorteile der Verwendung von Red Sea NO3: PO4-X:<\/p>\n<ul>\n<li>Sorgt f\u00fcr eine beherrschbare und sichere Nitrat- und Phosphatreduzierung<\/li>\n<li>Stellt die gew\u00fcnschten Nitrat- und Phosphatwerte her und h\u00e4lt sie aufrecht<\/li>\n<li>F\u00f6rdert das Korallenwachstum und verbessert die F\u00e4rbung<\/li>\n<li>Riffsicher, ohne unerw\u00fcnschte Nebenwirkungen<\/li>\n<li>Einfach zu verwenden, zuverl\u00e4ssig und kosteng\u00fcnstig<\/li>\n<\/ul>\n<p>Dieses Produkt wurde entwickelt, um eine gesunde Meeresumwelt zu unterst\u00fctzen und gleichzeitig sicherzustellen, dass Ihr Riffsystem gedeiht. Genie\u00dfen Sie die Vorteile eines effektiven N\u00e4hrstoffmanagements mit Red Sea NO3:PO4-X!<\/p>\n","protected":false},"excerpt":{"rendered":"<p>Red Sea No3: Po4-X is also called NOPOX<\/p>\n","protected":false},"featured_media":76968,"template":"","meta":[],"pwb-brand":[2125],"product_cat":[1453,1404],"product_tag":[],"class_list":{"0":"post-88815","1":"product","2":"type-product","3":"status-publish","4":"has-post-thumbnail","6":"pwb-brand-red-sea","7":"product_cat-nitrat-und-phosphatentferner","8":"product_cat-redsea-de","9":"pa_inhoud-500-ml-de","11":"first","12":"instock","13":"taxable","14":"shipping-taxable","15":"purchasable","16":"product-type-simple"},"acf":[],"brands":[{"id":2125,"name":"Red Sea","slug":"red-sea"}],"_links":{"self":[{"href":"https:\/\/www.seaflowerstore.com\/de\/wp-json\/wp\/v2\/product\/88815","targetHints":{"allow":["GET"]}}],"collection":[{"href":"https:\/\/www.seaflowerstore.com\/de\/wp-json\/wp\/v2\/product"}],"about":[{"href":"https:\/\/www.seaflowerstore.com\/de\/wp-json\/wp\/v2\/types\/product"}],"wp:featuredmedia":[{"embeddable":true,"href":"https:\/\/www.seaflowerstore.com\/de\/wp-json\/wp\/v2\/media\/76968"}],"wp:attachment":[{"href":"https:\/\/www.seaflowerstore.com\/de\/wp-json\/wp\/v2\/media?parent=88815"}],"wp:term":[{"taxonomy":"pwb-brand","embeddable":true,"href":"https:\/\/www.seaflowerstore.com\/de\/wp-json\/wp\/v2\/pwb-brand?post=88815"},{"taxonomy":"product_cat","embeddable":true,"href":"https:\/\/www.seaflowerstore.com\/de\/wp-json\/wp\/v2\/product_cat?post=88815"},{"taxonomy":"product_tag","embeddable":true,"href":"https:\/\/www.seaflowerstore.com\/de\/wp-json\/wp\/v2\/product_tag?post=88815"}],"curies":[{"name":"wp","href":"https:\/\/api.w.org\/{rel}","templated":true}]}}