{"id":88816,"date":"2011-05-01T14:02:56","date_gmt":"2011-05-01T12:02:56","guid":{"rendered":"https:\/\/www.seaflowerstore.com\/nl\/red-sea-foundation-magnesium-c-1kg\/"},"modified":"2025-11-14T07:00:07","modified_gmt":"2025-11-14T06:00:07","slug":"red-sea-foundation-magnesium-c-1kg","status":"publish","type":"product","link":"https:\/\/www.seaflowerstore.com\/de\/red-sea-foundation-magnesium-c-1kg\/","title":{"rendered":"Red Sea Foundation Magnesium C &#8211; 1kg"},"content":{"rendered":"<h2>Red Sea Foundation Magnesium C &#8211; 1kg<\/h2>\n<p><strong>Red Sea Foundation Magnesium C &#8211; 1 kg Pulver<\/strong> ist ein Magnesiumpr\u00e4parat, das die ausgewogene Bildung von Korallenskeletten unterst\u00fctzen soll. Calcium, Magnesium, Strontium und Karbonat sind die wesentlichen Bausteine \u200b\u200bf\u00fcr die Gesundheit von Korallen. F\u00fcr optimales Korallenwachstum m\u00fcssen diese Elemente in ausgewogenen Proportionen vorhanden sein.<\/p>\n<p><strong><span style=\"font-size: 1em\">Red Sea\u2019s MAGNESIUM enth\u00e4lt eine Salzmischung und ist ein wesentlicher Bestandteil des kompletten Riffpflegeprogramms von Red Sea.<\/span><\/strong><\/p>\n<div class=\"tableDesign\">\n<table border=\"0\" cellspacing=\"0\" cellpadding=\"0\">\n<thead>\n<tr>\n<td align=\"left\"><strong>Aquarientyp<\/strong><\/td>\n<td align=\"left\"><strong>Durchschnittlicher t\u00e4glicher Verbrauch<\/strong><\/td>\n<\/tr>\n<tr>\n<td align=\"left\"><strong>Fl\u00fcssigkeit ml\/100 l (25 gal)<\/strong><\/td>\n<td align=\"left\"><strong>Pulver g\/100 l (25 gal)<\/strong><\/td>\n<\/tr>\n<\/thead>\n<tbody>\n<tr>\n<td align=\"left\"><strong><a href=\"https:\/\/www.redseafish.com\/reef-care-recipes\/#recipe_1\" target=\"_blank\" rel=\"noopener nofollow\">Gemischtes Riff<\/a><\/strong><\/td>\n<td align=\"right\">1ml<\/td>\n<td align=\"right\">0,75g<\/td>\n<\/tr>\n<tr>\n<td align=\"left\"><strong><a href=\"https:\/\/www.redseafish.com\/reef-care-recipes\/#recipe_1\" target=\"_blank\" rel=\"noopener nofollow\">SPS Frag<\/a><\/strong><\/td>\n<td align=\"right\">2ml<\/td>\n<td align=\"right\">1,5g<\/td>\n<\/tr>\n<tr>\n<td align=\"left\"><strong><a href=\"https:\/\/www.redseafish.com\/reef-care-recipes\/#recipe_2\" target=\"_blank\" rel=\"noopener nofollow\">SPS-dominant<\/a><\/strong><\/td>\n<td align=\"right\">2 ml<\/td>\n<td align=\"right\">1,5 g<\/td>\n<\/tr>\n<tr>\n<td align=\"left\"><strong><a href=\"https:\/\/www.redseafish.com\/reef-care-recipes\/#recipe_3\" target=\"_blank\" rel=\"noopener nofollow\">SPS mit extrem niedrigem N\u00e4hrstoffgehalt<\/a><\/strong><\/td>\n<td align=\"right\">1 ml<\/td>\n<td align=\"right\">0,75 g<\/td>\n<\/tr>\n<\/tbody>\n<\/table>\n<\/div>\n<h3><strong>Konzentration:<\/strong><\/h3>\n<p><strong>Fl\u00fcssiges Erg\u00e4nzungsmittel:<\/strong> 1 ml erh\u00f6ht den Magnesiumspiegel von 100 Litern (25 Gallonen) um 1 ppm.<\/p>\n<p><strong>Pulvererg\u00e4nzungsmittel:<\/strong> 1 g erh\u00f6ht den Magnesiumspiegel von 100 Litern (25 Gallonen) um 1,34 ppm. Ein Kilogramm ergibt 1,7 Liter Stamml\u00f6sung.<\/p>\n","protected":false},"excerpt":{"rendered":"<p>Red Sea Foundation Magnesium C &#8211; 1kg powder is a Magnesium supplement for balanced formation of coral skeleton<\/p>\n","protected":false},"featured_media":76966,"template":"","meta":[],"pwb-brand":[2125],"product_cat":[1391,1404],"product_tag":[],"class_list":{"0":"post-88816","1":"product","2":"type-product","3":"status-publish","4":"has-post-thumbnail","6":"pwb-brand-red-sea","7":"product_cat-ergaenzungen","8":"product_cat-redsea-de","10":"first","11":"instock","12":"taxable","13":"shipping-taxable","14":"purchasable","15":"product-type-simple"},"acf":[],"brands":[{"id":2125,"name":"Red Sea","slug":"red-sea"}],"_links":{"self":[{"href":"https:\/\/www.seaflowerstore.com\/de\/wp-json\/wp\/v2\/product\/88816","targetHints":{"allow":["GET"]}}],"collection":[{"href":"https:\/\/www.seaflowerstore.com\/de\/wp-json\/wp\/v2\/product"}],"about":[{"href":"https:\/\/www.seaflowerstore.com\/de\/wp-json\/wp\/v2\/types\/product"}],"wp:featuredmedia":[{"embeddable":true,"href":"https:\/\/www.seaflowerstore.com\/de\/wp-json\/wp\/v2\/media\/76966"}],"wp:attachment":[{"href":"https:\/\/www.seaflowerstore.com\/de\/wp-json\/wp\/v2\/media?parent=88816"}],"wp:term":[{"taxonomy":"pwb-brand","embeddable":true,"href":"https:\/\/www.seaflowerstore.com\/de\/wp-json\/wp\/v2\/pwb-brand?post=88816"},{"taxonomy":"product_cat","embeddable":true,"href":"https:\/\/www.seaflowerstore.com\/de\/wp-json\/wp\/v2\/product_cat?post=88816"},{"taxonomy":"product_tag","embeddable":true,"href":"https:\/\/www.seaflowerstore.com\/de\/wp-json\/wp\/v2\/product_tag?post=88816"}],"curies":[{"name":"wp","href":"https:\/\/api.w.org\/{rel}","templated":true}]}}