{"id":88821,"date":"2011-05-01T13:51:55","date_gmt":"2011-05-01T13:51:55","guid":{"rendered":"https:\/\/www.seaflowerstore.com\/nl\/red-sea-foundation-calcium-foundation-a-500ml\/"},"modified":"2024-03-20T16:13:32","modified_gmt":"2024-03-20T15:13:32","slug":"red-sea-foundation-calcium-foundation-a-500ml","status":"publish","type":"product","link":"https:\/\/www.seaflowerstore.com\/de\/red-sea-foundation-calcium-foundation-a-500ml\/","title":{"rendered":"Red Sea Foundation Calcium+ Foundation A &#8211; 500ml"},"content":{"rendered":"<h2>Red Sea Foundation Calcium + Foundation A &#8211; 500ml contains Calcium, Strontium and Barium<\/h2>\n<p>Kalzium, Magnesium, Strontium und Karbonat sind essentielle Elemente f\u00fcr Korallenskelette. Um die Gesundheit und das Wachstum von Korallen zu gew\u00e4hrleisten, m\u00fcssen diese Elemente in ausgewogenen Anteilen vorhanden sein. Das Produkt <strong>CALCIUM +<\/strong> von Red Sea enth\u00e4lt eine Mischung aus Kalzium- und Strontiumsalzen in den richtigen Mengen, die Korallen ben\u00f6tigen. Es ist Teil des umfassenden Red Sea Reef Care-Programms.<\/p>\n<table border=\"0\" cellspacing=\"0\" cellpadding=\"0\">\n<thead>\n<tr>\n<td align=\"left\" height=\"19\"><strong>Aquarientyp<\/strong><\/td>\n<td colspan=\"2\" align=\"left\"><strong>Durchschnittlicher t\u00e4glicher Verbrauch<\/strong><\/td>\n<\/tr>\n<tr>\n<td align=\"left\" height=\"19\"><\/td>\n<td align=\"left\"><strong>Fl\u00fcssigkeit ml \/ 100 l (25 gal)<\/strong><\/td>\n<td align=\"left\"><strong>Pulver g \/ 100 l (25 gal)<\/strong><\/td>\n<\/tr>\n<\/thead>\n<tbody>\n<tr>\n<td align=\"left\" height=\"19\"><strong><a href=\"https:\/\/www.redseafish.com\/reef-care-recipes\/#recipe_1\" target=\"_blank\" rel=\"noopener nofollow\">Gemischtes Riff<\/a><\/strong><\/td>\n<td align=\"right\">3 ml<\/td>\n<td align=\"right\">1,7 g<\/td>\n<\/tr>\n<tr>\n<td align=\"left\" height=\"19\"><strong><a href=\"https:\/\/www.redseafish.com\/reef-care-recipes\/#recipe_1\" target=\"_blank\" rel=\"noopener nofollow\">SPS Frag<\/a><\/strong><\/td>\n<td align=\"right\">6 ml<\/td>\n<td align=\"right\">3,4 g<\/td>\n<\/tr>\n<tr>\n<td align=\"left\" height=\"19\"><strong><a href=\"https:\/\/www.redseafish.com\/reef-care-recipes\/#recipe_2\" target=\"_blank\" rel=\"noopener nofollow\">SPS-dominant<\/a><\/strong><\/td>\n<td align=\"right\">4 ml<\/td>\n<td align=\"right\">2,2 g<\/td>\n<\/tr>\n<tr>\n<td align=\"left\" height=\"19\"><strong><a href=\"https:\/\/www.redseafish.com\/reef-care-recipes\/#recipe_3\" target=\"_blank\" rel=\"noopener nofollow\">SPS mit extrem niedrigem N\u00e4hrstoffgehalt<\/a><\/strong><\/td>\n<td align=\"right\">2 ml<\/td>\n<td align=\"right\">1,1 g<\/td>\n<\/tr>\n<\/tbody>\n<\/table>\n<h3><strong>Konzentration:<\/strong><\/h3>\n<p><strong>Fl\u00fcssiges Erg\u00e4nzungsmittel:<\/strong> 1 ml erh\u00f6ht den Kalziumspiegel von 100 Litern (25 Gallonen) um 2 ppm.<\/p>\n<p><strong>Pulvererg\u00e4nzungsmittel:<\/strong> 1 Gramm erh\u00f6ht den Kalziumspiegel von 100 Litern (25 Gallonen) um 3,6 ppm. Mit 1 kg Pulver k\u00f6nnen Sie eine L\u00f6sung von 1,8 Litern herstellen.<\/p>\n","protected":false},"excerpt":{"rendered":"<p>Red Sea Foundation Calcium + Reef Foundation A 500ml contains Calcium and strontium complex for balanced formation of the coral skeleton<\/p>\n","protected":false},"featured_media":76956,"template":"","meta":[],"pwb-brand":[2125],"product_cat":[1391,1404],"product_tag":[],"class_list":{"0":"post-88821","1":"product","2":"type-product","3":"status-publish","4":"has-post-thumbnail","6":"pwb-brand-red-sea","7":"product_cat-ergaenzungen","8":"product_cat-redsea-de","10":"first","11":"outofstock","12":"taxable","13":"shipping-taxable","14":"purchasable","15":"product-type-simple"},"acf":[],"brands":[{"id":2125,"name":"Red Sea","slug":"red-sea"}],"_links":{"self":[{"href":"https:\/\/www.seaflowerstore.com\/de\/wp-json\/wp\/v2\/product\/88821","targetHints":{"allow":["GET"]}}],"collection":[{"href":"https:\/\/www.seaflowerstore.com\/de\/wp-json\/wp\/v2\/product"}],"about":[{"href":"https:\/\/www.seaflowerstore.com\/de\/wp-json\/wp\/v2\/types\/product"}],"wp:featuredmedia":[{"embeddable":true,"href":"https:\/\/www.seaflowerstore.com\/de\/wp-json\/wp\/v2\/media\/76956"}],"wp:attachment":[{"href":"https:\/\/www.seaflowerstore.com\/de\/wp-json\/wp\/v2\/media?parent=88821"}],"wp:term":[{"taxonomy":"pwb-brand","embeddable":true,"href":"https:\/\/www.seaflowerstore.com\/de\/wp-json\/wp\/v2\/pwb-brand?post=88821"},{"taxonomy":"product_cat","embeddable":true,"href":"https:\/\/www.seaflowerstore.com\/de\/wp-json\/wp\/v2\/product_cat?post=88821"},{"taxonomy":"product_tag","embeddable":true,"href":"https:\/\/www.seaflowerstore.com\/de\/wp-json\/wp\/v2\/product_tag?post=88821"}],"curies":[{"name":"wp","href":"https:\/\/api.w.org\/{rel}","templated":true}]}}