{"id":88824,"date":"2011-05-01T13:40:31","date_gmt":"2011-05-01T11:40:31","guid":{"rendered":"https:\/\/www.seaflowerstore.com\/nl\/red-sea-phosphate-pro-reagents-refill-kit\/"},"modified":"2026-04-28T16:11:09","modified_gmt":"2026-04-28T14:11:09","slug":"red-sea-phosphate-pro-reagents-refill-kit","status":"publish","type":"product","link":"https:\/\/www.seaflowerstore.com\/de\/red-sea-phosphate-pro-reagents-refill-kit\/","title":{"rendered":"Red Sea Phosphate Pro Reagents Refill Kit"},"content":{"rendered":"<h2>Red Sea Phosphate Pro Reagents Refill Kit<\/h2>\n<p>Dies ist eine Nachf\u00fcllpackung f\u00fcr das Red Sea Phosphate Pro Test Kit. Das Kit enth\u00e4lt eine neue Farbscheibe sowie Reagenzflaschen. Wenn Sie sich f\u00fcr dieses Red Sea PO4-Nachf\u00fcllset entscheiden, k\u00f6nnen Sie im Vergleich zum Kauf eines komplett neuen Testsets erheblich sparen, vorausgesetzt, Sie besitzen bereits das vorhandene Red Sea Phosphate Pro Test Kit.<\/p>\n","protected":false},"excerpt":{"rendered":"<p>Refill kit for the Red Sea Phosphate Pro Test Kit and contains a new color disc, also suiteable for the Focustronic Mastertronic<\/p>\n","protected":false},"featured_media":76948,"template":"","meta":[],"pwb-brand":[2125],"product_cat":[1400,1404],"product_tag":[],"class_list":{"0":"post-88824","1":"product","2":"type-product","3":"status-publish","4":"has-post-thumbnail","6":"pwb-brand-red-sea","7":"product_cat-tester","8":"product_cat-redsea-de","10":"first","11":"outofstock","12":"taxable","13":"shipping-taxable","14":"purchasable","15":"product-type-simple"},"acf":[],"brands":[{"id":2125,"name":"Red Sea","slug":"red-sea"}],"_links":{"self":[{"href":"https:\/\/www.seaflowerstore.com\/de\/wp-json\/wp\/v2\/product\/88824","targetHints":{"allow":["GET"]}}],"collection":[{"href":"https:\/\/www.seaflowerstore.com\/de\/wp-json\/wp\/v2\/product"}],"about":[{"href":"https:\/\/www.seaflowerstore.com\/de\/wp-json\/wp\/v2\/types\/product"}],"wp:featuredmedia":[{"embeddable":true,"href":"https:\/\/www.seaflowerstore.com\/de\/wp-json\/wp\/v2\/media\/76948"}],"wp:attachment":[{"href":"https:\/\/www.seaflowerstore.com\/de\/wp-json\/wp\/v2\/media?parent=88824"}],"wp:term":[{"taxonomy":"pwb-brand","embeddable":true,"href":"https:\/\/www.seaflowerstore.com\/de\/wp-json\/wp\/v2\/pwb-brand?post=88824"},{"taxonomy":"product_cat","embeddable":true,"href":"https:\/\/www.seaflowerstore.com\/de\/wp-json\/wp\/v2\/product_cat?post=88824"},{"taxonomy":"product_tag","embeddable":true,"href":"https:\/\/www.seaflowerstore.com\/de\/wp-json\/wp\/v2\/product_tag?post=88824"}],"curies":[{"name":"wp","href":"https:\/\/api.w.org\/{rel}","templated":true}]}}