{"id":88827,"date":"2011-05-01T13:34:21","date_gmt":"2011-05-01T11:34:21","guid":{"rendered":"https:\/\/www.seaflowerstore.com\/nl\/red-sea-kh-pro-reagents-refill-kit\/"},"modified":"2026-02-01T14:03:12","modified_gmt":"2026-02-01T13:03:12","slug":"red-sea-kh-pro-reagents-refill-kit","status":"publish","type":"product","link":"https:\/\/www.seaflowerstore.com\/de\/red-sea-kh-pro-reagents-refill-kit\/","title":{"rendered":"Red Sea KH Pro Reagents Refill Kit"},"content":{"rendered":"<h2>Red Sea KH Pro &#8211; reagents refill Kit<\/h2>\n<p>M\u00f6chten Sie, dass Ihre Tests genau bleiben? Dann ist das <strong>Red Sea KH Pro Reagents Refill Kit<\/strong> genau das Richtige f\u00fcr Sie. Dieses Kit wurde speziell zum Nachf\u00fcllen der Testfl\u00fcssigkeiten f\u00fcr Ihr Red Sea KH Pro Testset entwickelt. Es ist ideal, um Ihre alten Fl\u00fcssigkeiten zu ersetzen und sicherzustellen, dass Sie frische L\u00f6sungen zur Hand haben.<\/p>\n<p>Mit diesem Nachf\u00fcllkit k\u00f6nnen Sie ungef\u00e4hr <strong>75 Tests<\/strong> durchf\u00fchren, was es zu einem fantastischen Wert f\u00fcr die Aufrechterhaltung Ihrer Wasserqualit\u00e4t macht. Dar\u00fcber hinaus ist es mit der <strong>Mastertronic<\/strong> kompatibel, was Ihrem Testprozess noch mehr Vielseitigkeit verleiht.<\/p>\n<p>Investieren Sie in das Red Sea KH Pro Reagents Refill Kit und sorgen Sie daf\u00fcr, dass Ihre Tests genau und effizient bleiben!<\/p>\n","protected":false},"excerpt":{"rendered":"<p>Test liquids for the Red Sea KH pro test set, buy this product only to replace the old liquids<\/p>\n","protected":false},"featured_media":76944,"template":"","meta":[],"pwb-brand":[2125],"product_cat":[1400,1404],"product_tag":[],"class_list":{"0":"post-88827","1":"product","2":"type-product","3":"status-publish","4":"has-post-thumbnail","6":"pwb-brand-red-sea","7":"product_cat-tester","8":"product_cat-redsea-de","10":"first","11":"instock","12":"sale","13":"taxable","14":"shipping-taxable","15":"purchasable","16":"product-type-simple"},"acf":[],"brands":[{"id":2125,"name":"Red Sea","slug":"red-sea"}],"_links":{"self":[{"href":"https:\/\/www.seaflowerstore.com\/de\/wp-json\/wp\/v2\/product\/88827","targetHints":{"allow":["GET"]}}],"collection":[{"href":"https:\/\/www.seaflowerstore.com\/de\/wp-json\/wp\/v2\/product"}],"about":[{"href":"https:\/\/www.seaflowerstore.com\/de\/wp-json\/wp\/v2\/types\/product"}],"wp:featuredmedia":[{"embeddable":true,"href":"https:\/\/www.seaflowerstore.com\/de\/wp-json\/wp\/v2\/media\/76944"}],"wp:attachment":[{"href":"https:\/\/www.seaflowerstore.com\/de\/wp-json\/wp\/v2\/media?parent=88827"}],"wp:term":[{"taxonomy":"pwb-brand","embeddable":true,"href":"https:\/\/www.seaflowerstore.com\/de\/wp-json\/wp\/v2\/pwb-brand?post=88827"},{"taxonomy":"product_cat","embeddable":true,"href":"https:\/\/www.seaflowerstore.com\/de\/wp-json\/wp\/v2\/product_cat?post=88827"},{"taxonomy":"product_tag","embeddable":true,"href":"https:\/\/www.seaflowerstore.com\/de\/wp-json\/wp\/v2\/product_tag?post=88827"}],"curies":[{"name":"wp","href":"https:\/\/api.w.org\/{rel}","templated":true}]}}