{"id":88830,"date":"2011-05-01T13:23:51","date_gmt":"2011-05-01T11:23:51","guid":{"rendered":"https:\/\/www.seaflowerstore.com\/nl\/red-sea-trace-colors-pro-multi-test-kit-i2kfe\/"},"modified":"2025-09-26T15:20:34","modified_gmt":"2025-09-26T13:20:34","slug":"red-sea-trace-colors-pro-multi-test-kit-i2kfe","status":"publish","type":"product","link":"https:\/\/www.seaflowerstore.com\/de\/red-sea-trace-colors-pro-multi-test-kit-i2kfe\/","title":{"rendered":"Red Sea Trace Colors Pro Multi Test Kit (I2,K,Fe)"},"content":{"rendered":"<h2>Red Sea RCP Trace Colors Pro Multi Test Kit for the extremely accurate measurement of Iodine, Potassium and Iron. (I2, K, Fe)<\/h2>\n<p>Willkommen in der Welt der pr\u00e4zisen Messung mit dem Red Sea RCP Trace Colors Pro Multi Test Kit. Dieses fortschrittliche Testkit ist f\u00fcr die genaue Bestimmung von Jod, Kalium und Eisen (I2, K, Fe) konzipiert.<\/p>\n<p>Das Red Sea Coral Colors Pro Testkit enth\u00e4lt Tests speziell zur Messung dieser lebenswichtigen Elemente, die f\u00fcr die Aufrechterhaltung einer gesunden biologischen Umgebung und die Verst\u00e4rkung der leuchtenden Farben der Korallen unerl\u00e4sslich sind.<\/p>\n<p>Mit diesem Testkit k\u00f6nnen Sie die Coral Colors-Erg\u00e4nzungsmittel sicher und genau in Ihr Aquarium geben.<\/p>\n<table border=\"1\" style=\"width: 437px;height: 74px\">\n<tbody>\n<tr>\n<td><strong>Test<\/strong><\/td>\n<td><strong>Element<\/strong><\/td>\n<td><strong>Bereich<\/strong><\/td>\n<td><strong>Anzahl der Tests<\/strong><\/td>\n<\/tr>\n<tr>\n<td>Iodine Pro<\/td>\n<td>I2<\/td>\n<td>0\u20130,09 ppm<\/td>\n<td>50<\/td>\n<\/tr>\n<tr>\n<td>Kalium Pro<\/td>\n<td>K<\/td>\n<td>150\u2013450 ppm<\/td>\n<td>40<\/td>\n<\/tr>\n<tr>\n<td>Eisen Pro<\/td>\n<td>Fe<\/td>\n<td>0\u20130,5 ppm<\/td>\n<td>50<\/td>\n<\/tr>\n<\/tbody>\n<\/table>\n","protected":false},"excerpt":{"rendered":"<p>Reef Colors Pro MultiTest Kit for the accurate measurement of Iodine, Potassium and Iron. (I2, K, Fe)<\/p>\n","protected":false},"featured_media":76937,"template":"","meta":[],"pwb-brand":[2125],"product_cat":[1404,1400],"product_tag":[],"class_list":{"0":"post-88830","1":"product","2":"type-product","3":"status-publish","4":"has-post-thumbnail","6":"pwb-brand-red-sea","7":"product_cat-redsea-de","8":"product_cat-tester","10":"first","11":"instock","12":"taxable","13":"shipping-taxable","14":"purchasable","15":"product-type-simple"},"acf":[],"brands":[{"id":2125,"name":"Red Sea","slug":"red-sea"}],"_links":{"self":[{"href":"https:\/\/www.seaflowerstore.com\/de\/wp-json\/wp\/v2\/product\/88830","targetHints":{"allow":["GET"]}}],"collection":[{"href":"https:\/\/www.seaflowerstore.com\/de\/wp-json\/wp\/v2\/product"}],"about":[{"href":"https:\/\/www.seaflowerstore.com\/de\/wp-json\/wp\/v2\/types\/product"}],"wp:featuredmedia":[{"embeddable":true,"href":"https:\/\/www.seaflowerstore.com\/de\/wp-json\/wp\/v2\/media\/76937"}],"wp:attachment":[{"href":"https:\/\/www.seaflowerstore.com\/de\/wp-json\/wp\/v2\/media?parent=88830"}],"wp:term":[{"taxonomy":"pwb-brand","embeddable":true,"href":"https:\/\/www.seaflowerstore.com\/de\/wp-json\/wp\/v2\/pwb-brand?post=88830"},{"taxonomy":"product_cat","embeddable":true,"href":"https:\/\/www.seaflowerstore.com\/de\/wp-json\/wp\/v2\/product_cat?post=88830"},{"taxonomy":"product_tag","embeddable":true,"href":"https:\/\/www.seaflowerstore.com\/de\/wp-json\/wp\/v2\/product_tag?post=88830"}],"curies":[{"name":"wp","href":"https:\/\/api.w.org\/{rel}","templated":true}]}}