{"id":88831,"date":"2011-05-01T13:21:24","date_gmt":"2011-05-01T11:21:24","guid":{"rendered":"https:\/\/www.seaflowerstore.com\/nl\/red-sea-potassium-kalium-pro-test-kit\/"},"modified":"2024-03-20T16:13:21","modified_gmt":"2024-03-20T15:13:21","slug":"red-sea-potassium-kalium-pro-test-kit","status":"publish","type":"product","link":"https:\/\/www.seaflowerstore.com\/de\/red-sea-potassium-kalium-pro-test-kit\/","title":{"rendered":"Red Sea Potassium (Kalium) Pro Test Kit"},"content":{"rendered":"<h2>Red Sea Potassium (Potassium) Pro Test Kit is an advanced titration test for measuring potassium up to a resolution of 3 ppm in seawater<\/h2>\n<p>Das Red Sea Potassium Pro Test Kit ist ein fortschrittlicher Titrationstest, der den Kaliumspiegel in Meerwasser mit beeindruckender Genauigkeit misst und eine Aufl\u00f6sung von 3 ppm erreicht. Diese Tests sind besonders zuverl\u00e4ssig, um kleine Ver\u00e4nderungen auf der Waage zu erkennen, was sie zu einem unverzichtbaren Werkzeug f\u00fcr jeden Meeresliebhaber macht.<\/p>\n<p>Dieses Testkit ist zweifellos die einfachste M\u00f6glichkeit, einen Titrationstest durchzuf\u00fchren. Befestigen Sie einfach den Titrationsbecher am Titrator, stecken Sie die mit Fl\u00fcssigkeit gef\u00fcllte Spritze in den Titrator und sch\u00fctteln Sie, w\u00e4hrend Sie gleichzeitig die Fl\u00fcssigkeit hinzuf\u00fcgen \u2013 alles mit einer Hand! Sie k\u00f6nnen sicher sein, dass nichts aus dem Becher versch\u00fcttet wird, dank des durchdachten Designs, das eine ordnungsgem\u00e4\u00dfe Mischung der Fl\u00fcssigkeit mit dem Wasser gew\u00e4hrleistet.<\/p>\n<p>Das Kit enth\u00e4lt Titrationsbecher aus Glas in Laborqualit\u00e4t, die im Gegensatz zu Plastikbechern langlebig sind und ihre Klarheit im Laufe der Zeit behalten. Sie finden auch hochwertige 1,0-ml-Spritzen mit Pr\u00e4zisionsspitzen, die die Liebe zum Detail selbst in den kleinsten Komponenten widerspiegeln.<\/p>\n<p>Dar\u00fcber hinaus ist die Aufbewahrungsbox robust und benutzerfreundlich und aus langlebigem schwarzem Kunststoff gefertigt. Es wird mit einer ausf\u00fchrlichen Bedienungsanleitung f\u00fcr Anf\u00e4nger und einer pr\u00e4gnanten, illustrierten Anleitung zum schnellen Nachschlagen w\u00e4hrend der Messungen geliefert.<\/p>\n<p><strong>Lieferumfang:<\/strong><\/p>\n<ul>\n<li>1x Hochwertige und robuste Aufbewahrungsbox aus Kunststoff<\/li>\n<li>1x KA-Reagenz<\/li>\n<li>1x KB-Reagenz<\/li>\n<li>1x KC-Reagenz<\/li>\n<li>1x KD-Reagenz<\/li>\n<li>1x 1,0-ml-Kunststoffspritze mit Spitze (ergibt 0,01 ml pro Tropfen)<\/li>\n<li>2x 5-ml-Kunststoffspritzen<\/li>\n<li>2x Titrationsbecher aus Glas mit Schraubdeckeln<\/li>\n<li>1x Titrator<\/li>\n<li>36x Filter (Einmalgebrauch)<\/li>\n<li>1x dreiteiliger Kunststoff-Filtrationsbecher<\/li>\n<li>1x Detaillierte Bedienungsanleitung<\/li>\n<li>1x Doppelseitige Karte mit illustrierten Anweisungen zur Verwendung und Wertetabelle<\/li>\n<\/ul>\n<p><strong>Reef Colors Element:<\/strong> Kalium (Potassium)<br \/>\n<strong>Testtyp:<\/strong> Titration<br \/>\n<strong>Anzahl der Tests:<\/strong> 36<br \/>\n<strong>Genauigkeit:<\/strong> 12 ppm<br \/>\n<strong>Aufl\u00f6sung:<\/strong> 3 ppm<br \/>\n<strong>Messbereich:<\/strong> 320 ppm bis 467 ppm<\/p>\n","protected":false},"excerpt":{"rendered":"<p>Red Sea Potassium (Potassium) Pro Test Kit is an advanced titration test for measuring potassium up to a resolution of 3 ppm in seawater<\/p>\n","protected":false},"featured_media":76935,"template":"","meta":[],"pwb-brand":[2125],"product_cat":[1404,1400],"product_tag":[],"class_list":{"0":"post-88831","1":"product","2":"type-product","3":"status-publish","4":"has-post-thumbnail","6":"pwb-brand-red-sea","7":"product_cat-redsea-de","8":"product_cat-tester","10":"first","11":"outofstock","12":"taxable","13":"shipping-taxable","14":"purchasable","15":"product-type-simple"},"acf":[],"brands":[{"id":2125,"name":"Red Sea","slug":"red-sea"}],"_links":{"self":[{"href":"https:\/\/www.seaflowerstore.com\/de\/wp-json\/wp\/v2\/product\/88831","targetHints":{"allow":["GET"]}}],"collection":[{"href":"https:\/\/www.seaflowerstore.com\/de\/wp-json\/wp\/v2\/product"}],"about":[{"href":"https:\/\/www.seaflowerstore.com\/de\/wp-json\/wp\/v2\/types\/product"}],"wp:featuredmedia":[{"embeddable":true,"href":"https:\/\/www.seaflowerstore.com\/de\/wp-json\/wp\/v2\/media\/76935"}],"wp:attachment":[{"href":"https:\/\/www.seaflowerstore.com\/de\/wp-json\/wp\/v2\/media?parent=88831"}],"wp:term":[{"taxonomy":"pwb-brand","embeddable":true,"href":"https:\/\/www.seaflowerstore.com\/de\/wp-json\/wp\/v2\/pwb-brand?post=88831"},{"taxonomy":"product_cat","embeddable":true,"href":"https:\/\/www.seaflowerstore.com\/de\/wp-json\/wp\/v2\/product_cat?post=88831"},{"taxonomy":"product_tag","embeddable":true,"href":"https:\/\/www.seaflowerstore.com\/de\/wp-json\/wp\/v2\/product_tag?post=88831"}],"curies":[{"name":"wp","href":"https:\/\/api.w.org\/{rel}","templated":true}]}}