{"id":88832,"date":"2011-05-01T13:19:43","date_gmt":"2011-05-01T11:19:43","guid":{"rendered":"https:\/\/www.seaflowerstore.com\/nl\/jodium-pro-i2-test-set\/"},"modified":"2026-01-19T18:35:40","modified_gmt":"2026-01-19T17:35:40","slug":"jodium-pro-i2-test-set","status":"publish","type":"product","link":"https:\/\/www.seaflowerstore.com\/de\/jodium-pro-i2-test-set\/","title":{"rendered":"Jodium Pro (I2) test set"},"content":{"rendered":"<h2>Red Sea Iodine pro reef test kit that measures the level of the total iodine in your aquarium, with a high accuracy of 0.01 ppm<\/h2>\n<p>Erh\u00f6hen Sie Ihre Jodtesterfahrung mit dem Red Sea Iodine Pro Test Kit, das auf Genauigkeit und Benutzerfreundlichkeit ausgelegt ist. Bei herk\u00f6mmlichen kolorimetrischen Jodtests m\u00fcssen Sie eine chemische Reaktion genau im Auge behalten. Da das Probenwasser im Testfl\u00e4schchen mit der Zeit seine Farbe \u00e4ndert, m\u00fcssen Sie es mit einer kleinen, schwer abzugleichenden Farbkarte oder einem Chip vergleichen. Das Red Sea Iodine Pro Test Kit revolutioniert diesen Prozess und macht ihn einfacher und pr\u00e4ziser.<\/p>\n<p>Der optimierte Farbabgleichsprozess bedeutet, dass Sie weder einen Timer noch eine Stoppuhr ben\u00f6tigen. Sobald das Fl\u00e4schchen mit der Standard- oder Referenzl\u00f6sung mit der Farbkarte \u00fcbereinstimmt, k\u00f6nnen Sie sicher sein, dass der Reaktionszeitraum abgelaufen ist. Vergleichen Sie einfach Ihr Probenwasser mit dem Farbkartenraster, um den Jodgehalt im Bereich von 0 bis 0,09 ppm zu ermitteln. Dieses hochmoderne kolorimetrische Jodtestkit f\u00f6rdert effektive Testtechniken mit seinem benutzerfreundlichen Design und der beeindruckenden Genauigkeit von 0,01 ppm.<\/p>\n<p>Die mitgelieferte Kurzanleitung bietet eine unkomplizierte Anleitung des Testverfahrens, komplett mit leicht verst\u00e4ndlichen Abbildungen. Behalten Sie den Jodspiegel mit dem Red Sea Iodine Pro Testkit genau im Auge, um optimale Wasserbedingungen f\u00fcr Ihr Korallenriffaquarium aufrechtzuerhalten, das SPS-, LPS- und Weichkorallen enthalten kann. Jedes Kit erm\u00f6glicht 50 Tests, sodass Sie gen\u00fcgend Gelegenheit haben, die Gesundheit Ihres Aquariums zu \u00fcberwachen.<\/p>\n<p><strong>Warum Jod testen?<\/strong><\/p>\n<p>Regelm\u00e4\u00dfige Jodtests sind f\u00fcr Korallenriffaquarien, die Jodpr\u00e4parate verwenden, unerl\u00e4sslich. Dieses Element spielt eine entscheidende Rolle bei der Bildung von Korallenskeletten und Weichgewebe, insbesondere bei SPS-Korallen, die auf Jod angewiesen sind, um ihre nat\u00fcrlichen Farbt\u00f6ne zu zeigen. Jod verbindet sich mit dem rosa Chromoprotein (Pocciloporin), und eine angemessene Jodzufuhr kann die Korallenf\u00e4rbung verbessern, was zu einem atemberaubend lebendigen Riffaquarium f\u00fchrt.<\/p>\n<p>Es ist jedoch wichtig zu beachten, dass Jod in h\u00f6heren Konzentrationen als in nat\u00fcrlichem Meerwasser giftig werden kann. Daher ist eine sorgf\u00e4ltige Dosierung von Jodzus\u00e4tzen und konsequente Tests f\u00fcr die Gesundheit und den Erfolg jedes Riffaquariums von entscheidender Bedeutung.<\/p>\n<p><strong>Inhalt:<\/strong><\/p>\n<ul>\n<li>2 Glasfl\u00e4schchen<\/li>\n<li>Bedienungsanleitung<\/li>\n<li>Farbkarte<\/li>\n<li>Spritze 10 ml<\/li>\n<li>Reagenz A \u2013 25 ml<\/li>\n<li>Reagenz B \u2013 50 ml<\/li>\n<li>50 Tests<\/li>\n<\/ul>\n","protected":false},"excerpt":{"rendered":"<p>Red Sea Iodine pro reef test kit measuring the level of total iodine in your aquarium, with high accuracy of 0.01 ppm<\/p>\n","protected":false},"featured_media":76932,"template":"","meta":[],"pwb-brand":[2125],"product_cat":[1400,1404],"product_tag":[],"class_list":{"0":"post-88832","1":"product","2":"type-product","3":"status-publish","4":"has-post-thumbnail","6":"pwb-brand-red-sea","7":"product_cat-tester","8":"product_cat-redsea-de","10":"first","11":"outofstock","12":"taxable","13":"shipping-taxable","14":"purchasable","15":"product-type-simple"},"acf":[],"brands":[{"id":2125,"name":"Red Sea","slug":"red-sea"}],"_links":{"self":[{"href":"https:\/\/www.seaflowerstore.com\/de\/wp-json\/wp\/v2\/product\/88832","targetHints":{"allow":["GET"]}}],"collection":[{"href":"https:\/\/www.seaflowerstore.com\/de\/wp-json\/wp\/v2\/product"}],"about":[{"href":"https:\/\/www.seaflowerstore.com\/de\/wp-json\/wp\/v2\/types\/product"}],"wp:featuredmedia":[{"embeddable":true,"href":"https:\/\/www.seaflowerstore.com\/de\/wp-json\/wp\/v2\/media\/76932"}],"wp:attachment":[{"href":"https:\/\/www.seaflowerstore.com\/de\/wp-json\/wp\/v2\/media?parent=88832"}],"wp:term":[{"taxonomy":"pwb-brand","embeddable":true,"href":"https:\/\/www.seaflowerstore.com\/de\/wp-json\/wp\/v2\/pwb-brand?post=88832"},{"taxonomy":"product_cat","embeddable":true,"href":"https:\/\/www.seaflowerstore.com\/de\/wp-json\/wp\/v2\/product_cat?post=88832"},{"taxonomy":"product_tag","embeddable":true,"href":"https:\/\/www.seaflowerstore.com\/de\/wp-json\/wp\/v2\/product_tag?post=88832"}],"curies":[{"name":"wp","href":"https:\/\/api.w.org\/{rel}","templated":true}]}}